{"id":1636,"date":"2013-03-28T11:46:49","date_gmt":"2013-03-28T10:46:49","guid":{"rendered":"http:\/\/www.vanbiervliet.fr\/gilbert\/?page_id=1636"},"modified":"2014-11-02T18:56:57","modified_gmt":"2014-11-02T17:56:57","slug":"maquettes","status":"publish","type":"page","link":"https:\/\/www.vanbiervliet.fr\/gilbert\/?page_id=1636","title":{"rendered":"Maquettes"},"content":{"rendered":"<p align=\"center\"><span style=\"color: #0000ff; font-size: large;\"><strong>S\u00e9ance Photo pour les maquettes d\u2019Olivier<\/strong><\/span><\/p>\n<p align=\"center\"><strong>Clich\u00e9s pris dans une boite \u00e0 lumi\u00e8re avec utilisation d\u2019\u00e9clairage naturel et du flash cobra<\/strong><\/p>\n<p align=\"center\"><a href=\"http:\/\/www.vanbiervliet.fr\/gilbert\/wp-content\/uploads\/2013\/03\/Maquettes-Olivier-4521-2-Copier.jpg\" class=\"gallery_colorbox\"><img loading=\"lazy\" decoding=\"async\" style=\"background-image: none; padding-top: 0px; padding-left: 0px; margin: 0px; display: inline; padding-right: 0px; border: 0px;\" title=\"Maquettes Olivier-4521-2 (Copier)\" alt=\"Maquettes Olivier-4521-2 (Copier)\" src=\"http:\/\/www.vanbiervliet.fr\/gilbert\/wp-content\/uploads\/2013\/03\/Maquettes-Olivier-4521-2-Copier_thumb.jpg\"  width=\"244\" height=\"164\" border=\"0\" \/><\/a>\u00a0\u00a0\u00a0 <a href=\"http:\/\/www.vanbiervliet.fr\/gilbert\/wp-content\/uploads\/2013\/03\/Maquettes-Olivier-4532-3-Copier.jpg\" class=\"gallery_colorbox\"><img loading=\"lazy\" decoding=\"async\" style=\"background-image: none; padding-top: 0px; padding-left: 0px; margin: 0px; display: inline; padding-right: 0px; border: 0px;\" title=\"Maquettes Olivier-4532-3 (Copier)\" alt=\"Maquettes Olivier-4532-3 (Copier)\" src=\"http:\/\/www.vanbiervliet.fr\/gilbert\/wp-content\/uploads\/2013\/03\/Maquettes-Olivier-4532-3-Copier_thumb.jpg\"  width=\"244\" height=\"164\" border=\"0\" \/><\/a><a href=\"http:\/\/www.vanbiervliet.fr\/gilbert\/wp-content\/uploads\/2013\/03\/Maquettes-Olivier-4537-2-Copier.jpg\" class=\"gallery_colorbox\"><img loading=\"lazy\" decoding=\"async\" style=\"background-image: none; padding-top: 0px; padding-left: 0px; margin: 0px; display: inline; padding-right: 0px; border: 0px;\" title=\"Maquettes Olivier-4537-2 (Copier)\" alt=\"Maquettes Olivier-4537-2 (Copier)\" src=\"http:\/\/www.vanbiervliet.fr\/gilbert\/wp-content\/uploads\/2013\/03\/Maquettes-Olivier-4537-2-Copier_thumb.jpg\"  width=\"244\" height=\"164\" border=\"0\" \/><\/a>\u00a0\u00a0\u00a0 <a href=\"http:\/\/www.vanbiervliet.fr\/gilbert\/wp-content\/uploads\/2013\/03\/Maquettes-Olivier-4552-2-Copier.jpg\" class=\"gallery_colorbox\"><img loading=\"lazy\" decoding=\"async\" style=\"background-image: none; padding-top: 0px; padding-left: 0px; margin: 0px; display: inline; padding-right: 0px; border: 0px;\" title=\"Maquettes Olivier-4552-2 (Copier)\" alt=\"Maquettes Olivier-4552-2 (Copier)\" src=\"http:\/\/www.vanbiervliet.fr\/gilbert\/wp-content\/uploads\/2013\/03\/Maquettes-Olivier-4552-2-Copier_thumb.jpg\"  width=\"244\" height=\"164\" border=\"0\" \/><\/a><a href=\"http:\/\/www.vanbiervliet.fr\/gilbert\/wp-content\/uploads\/2013\/03\/Maquettes-Olivier-4559-2-Copier.jpg\" class=\"gallery_colorbox\"><img loading=\"lazy\" decoding=\"async\" style=\"background-image: none; padding-top: 0px; padding-left: 0px; margin: 0px; display: inline; padding-right: 0px; border: 0px;\" title=\"Maquettes Olivier-4559-2 (Copier)\" alt=\"Maquettes Olivier-4559-2 (Copier)\" src=\"http:\/\/www.vanbiervliet.fr\/gilbert\/wp-content\/uploads\/2013\/03\/Maquettes-Olivier-4559-2-Copier_thumb.jpg\"  width=\"244\" height=\"164\" border=\"0\" \/><\/a>\u00a0\u00a0\u00a0 <a href=\"http:\/\/www.vanbiervliet.fr\/gilbert\/wp-content\/uploads\/2013\/03\/Maquettes-Olivier-4565-2-Copier.jpg\" class=\"gallery_colorbox\"><img loading=\"lazy\" decoding=\"async\" style=\"background-image: none; padding-top: 0px; padding-left: 0px; margin: 0px; display: inline; padding-right: 0px; border: 0px;\" title=\"Maquettes Olivier-4565-2 (Copier)\" alt=\"Maquettes Olivier-4565-2 (Copier)\" src=\"http:\/\/www.vanbiervliet.fr\/gilbert\/wp-content\/uploads\/2013\/03\/Maquettes-Olivier-4565-2-Copier_thumb.jpg\"  width=\"244\" height=\"164\" border=\"0\" \/><\/a><a href=\"http:\/\/www.vanbiervliet.fr\/gilbert\/wp-content\/uploads\/2013\/03\/Maquettes-Olivier-4568-2-Copier.jpg\" class=\"gallery_colorbox\"><img loading=\"lazy\" decoding=\"async\" style=\"background-image: none; padding-top: 0px; padding-left: 0px; margin: 0px; display: inline; padding-right: 0px; border: 0px;\" title=\"Maquettes Olivier-4568-2 (Copier)\" alt=\"Maquettes Olivier-4568-2 (Copier)\" src=\"http:\/\/www.vanbiervliet.fr\/gilbert\/wp-content\/uploads\/2013\/03\/Maquettes-Olivier-4568-2-Copier_thumb.jpg\"  width=\"244\" height=\"155\" border=\"0\" \/><\/a>\u00a0\u00a0\u00a0 <a href=\"http:\/\/www.vanbiervliet.fr\/gilbert\/wp-content\/uploads\/2013\/03\/Maquettes-Olivier-4572-2-Copier.jpg\" class=\"gallery_colorbox\"><img loading=\"lazy\" decoding=\"async\" style=\"background-image: none; padding-top: 0px; padding-left: 0px; margin: 0px; display: inline; padding-right: 0px; border: 0px;\" title=\"Maquettes Olivier-4572-2 (Copier)\" alt=\"Maquettes Olivier-4572-2 (Copier)\" src=\"http:\/\/www.vanbiervliet.fr\/gilbert\/wp-content\/uploads\/2013\/03\/Maquettes-Olivier-4572-2-Copier_thumb.jpg\"  width=\"244\" height=\"164\" border=\"0\" \/><\/a><a href=\"http:\/\/www.vanbiervliet.fr\/gilbert\/wp-content\/uploads\/2013\/03\/Maquettes-Olivier-4573-2-Copier.jpg\" class=\"gallery_colorbox\"><img loading=\"lazy\" decoding=\"async\" style=\"background-image: none; padding-top: 0px; padding-left: 0px; margin: 0px; display: inline; padding-right: 0px; border: 0px;\" title=\"Maquettes Olivier-4573-2 (Copier)\" alt=\"Maquettes Olivier-4573-2 (Copier)\" src=\"http:\/\/www.vanbiervliet.fr\/gilbert\/wp-content\/uploads\/2013\/03\/Maquettes-Olivier-4573-2-Copier_thumb.jpg\"  width=\"244\" height=\"164\" border=\"0\" \/><\/a>\u00a0\u00a0\u00a0\u00a0 <a href=\"http:\/\/www.vanbiervliet.fr\/gilbert\/wp-content\/uploads\/2013\/03\/Maquettes-Olivier-4577-2-Copier.jpg\" class=\"gallery_colorbox\"><img loading=\"lazy\" decoding=\"async\" style=\"background-image: none; padding-top: 0px; padding-left: 0px; margin: 0px; display: inline; padding-right: 0px; border: 0px;\" title=\"Maquettes Olivier-4577-2 (Copier)\" alt=\"Maquettes Olivier-4577-2 (Copier)\" src=\"http:\/\/www.vanbiervliet.fr\/gilbert\/wp-content\/uploads\/2013\/03\/Maquettes-Olivier-4577-2-Copier_thumb.jpg\"  width=\"244\" height=\"164\" border=\"0\" \/><\/a><a href=\"http:\/\/www.vanbiervliet.fr\/gilbert\/wp-content\/uploads\/2013\/03\/Maquettes-Olivier-4586-2-Copier.jpg\" class=\"gallery_colorbox\"><img loading=\"lazy\" decoding=\"async\" style=\"background-image: none; padding-top: 0px; padding-left: 0px; margin: 0px; display: inline; padding-right: 0px; border: 0px;\" title=\"Maquettes Olivier-4586-2 (Copier)\" alt=\"Maquettes Olivier-4586-2 (Copier)\" src=\"http:\/\/www.vanbiervliet.fr\/gilbert\/wp-content\/uploads\/2013\/03\/Maquettes-Olivier-4586-2-Copier_thumb.jpg\"  width=\"244\" height=\"164\" border=\"0\" \/><\/a>\u00a0\u00a0\u00a0 <a href=\"http:\/\/www.vanbiervliet.fr\/gilbert\/wp-content\/uploads\/2013\/03\/Maquettes-Olivier-4605-2-Copier.jpg\" class=\"gallery_colorbox\"><img loading=\"lazy\" decoding=\"async\" style=\"background-image: none; padding-top: 0px; padding-left: 0px; margin: 0px; display: inline; padding-right: 0px; border: 0px;\" title=\"Maquettes Olivier-4605-2 (Copier)\" alt=\"Maquettes Olivier-4605-2 (Copier)\" src=\"http:\/\/www.vanbiervliet.fr\/gilbert\/wp-content\/uploads\/2013\/03\/Maquettes-Olivier-4605-2-Copier_thumb.jpg\"  width=\"244\" height=\"164\" border=\"0\" \/><\/a>\u00a0\u00a0 <a href=\"http:\/\/www.vanbiervliet.fr\/gilbert\/wp-content\/uploads\/2013\/03\/Maquettes-Olivier-4610-2-Copier.jpg\" class=\"gallery_colorbox\"><img loading=\"lazy\" decoding=\"async\" style=\"background-image: none; padding-top: 0px; padding-left: 0px; margin: 0px; display: inline; padding-right: 0px; border: 0px;\" title=\"Maquettes Olivier-4610-2 (Copier)\" alt=\"Maquettes Olivier-4610-2 (Copier)\" src=\"http:\/\/www.vanbiervliet.fr\/gilbert\/wp-content\/uploads\/2013\/03\/Maquettes-Olivier-4610-2-Copier_thumb.jpg\"  width=\"244\" height=\"164\" border=\"0\" \/><\/a>\u00a0\u00a0\u00a0 <a href=\"http:\/\/www.vanbiervliet.fr\/gilbert\/wp-content\/uploads\/2013\/03\/Maquettes-Olivier-4627-2-Copier.jpg\" class=\"gallery_colorbox\"><img loading=\"lazy\" decoding=\"async\" style=\"background-image: none; padding-top: 0px; padding-left: 0px; display: inline; padding-right: 0px; border: 0px;\" title=\"Maquettes Olivier-4627-2 (Copier)\" alt=\"Maquettes Olivier-4627-2 (Copier)\" src=\"http:\/\/www.vanbiervliet.fr\/gilbert\/wp-content\/uploads\/2013\/03\/Maquettes-Olivier-4627-2-Copier_thumb.jpg\"  width=\"244\" height=\"164\" border=\"0\" \/><\/a>\u00a0\u00a0 <a href=\"http:\/\/www.vanbiervliet.fr\/gilbert\/wp-content\/uploads\/2013\/03\/Maquettes-Olivier-4600-2-Copier1.jpg\" class=\"gallery_colorbox\"><img loading=\"lazy\" decoding=\"async\" style=\"background-image: none; padding-top: 0px; padding-left: 0px; display: inline; padding-right: 0px; border: 0px;\" title=\"Maquettes Olivier-4600-2 (Copier)\" alt=\"Maquettes Olivier-4600-2 (Copier)\" src=\"http:\/\/www.vanbiervliet.fr\/gilbert\/wp-content\/uploads\/2013\/03\/Maquettes-Olivier-4600-2-Copier_thumb1.jpg\"  width=\"244\" height=\"164\" border=\"0\" \/><\/a>\u00a0\u00a0\u00a0 <a href=\"http:\/\/www.vanbiervliet.fr\/gilbert\/wp-content\/uploads\/2013\/03\/Maquettes-Olivier-4604-2-Copier1.jpg\" class=\"gallery_colorbox\"><img loading=\"lazy\" decoding=\"async\" style=\"background-image: none; padding-top: 0px; padding-left: 0px; display: inline; padding-right: 0px; border: 0px;\" title=\"Maquettes Olivier-4604-2 (Copier)\" alt=\"Maquettes Olivier-4604-2 (Copier)\" src=\"http:\/\/www.vanbiervliet.fr\/gilbert\/wp-content\/uploads\/2013\/03\/Maquettes-Olivier-4604-2-Copier_thumb1.jpg\"  width=\"244\" height=\"164\" border=\"0\" \/><\/a><\/p>\n","protected":false},"excerpt":{"rendered":"<p>S\u00e9ance Photo pour les maquettes d\u2019Olivier Clich\u00e9s pris dans une boite \u00e0 lumi\u00e8re avec utilisation d\u2019\u00e9clairage naturel et du flash cobra \u00a0\u00a0\u00a0 \u00a0\u00a0\u00a0 \u00a0\u00a0\u00a0 \u00a0\u00a0\u00a0 \u00a0\u00a0\u00a0\u00a0 \u00a0\u00a0\u00a0 \u00a0\u00a0 \u00a0\u00a0\u00a0 \u00a0\u00a0 \u00a0\u00a0\u00a0<\/p>\n","protected":false},"author":1,"featured_media":0,"parent":0,"menu_order":0,"comment_status":"open","ping_status":"open","template":"","meta":{"footnotes":""},"class_list":["post-1636","page","type-page","status-publish","hentry"],"_links":{"self":[{"href":"https:\/\/www.vanbiervliet.fr\/gilbert\/index.php?rest_route=\/wp\/v2\/pages\/1636","targetHints":{"allow":["GET"]}}],"collection":[{"href":"https:\/\/www.vanbiervliet.fr\/gilbert\/index.php?rest_route=\/wp\/v2\/pages"}],"about":[{"href":"https:\/\/www.vanbiervliet.fr\/gilbert\/index.php?rest_route=\/wp\/v2\/types\/page"}],"author":[{"embeddable":true,"href":"https:\/\/www.vanbiervliet.fr\/gilbert\/index.php?rest_route=\/wp\/v2\/users\/1"}],"replies":[{"embeddable":true,"href":"https:\/\/www.vanbiervliet.fr\/gilbert\/index.php?rest_route=%2Fwp%2Fv2%2Fcomments&post=1636"}],"version-history":[{"count":8,"href":"https:\/\/www.vanbiervliet.fr\/gilbert\/index.php?rest_route=\/wp\/v2\/pages\/1636\/revisions"}],"predecessor-version":[{"id":2134,"href":"https:\/\/www.vanbiervliet.fr\/gilbert\/index.php?rest_route=\/wp\/v2\/pages\/1636\/revisions\/2134"}],"wp:attachment":[{"href":"https:\/\/www.vanbiervliet.fr\/gilbert\/index.php?rest_route=%2Fwp%2Fv2%2Fmedia&parent=1636"}],"curies":[{"name":"wp","href":"https:\/\/api.w.org\/{rel}","templated":true}]}}