{"id":2476,"date":"2015-07-28T12:10:44","date_gmt":"2015-07-28T11:10:44","guid":{"rendered":"http:\/\/www.vanbiervliet.fr\/gilbert\/?page_id=2476"},"modified":"2015-07-28T15:21:38","modified_gmt":"2015-07-28T14:21:38","slug":"01-perrinemagaliekellyolivier","status":"publish","type":"page","link":"https:\/\/www.vanbiervliet.fr\/gilbert\/?page_id=2476","title":{"rendered":"01 &#8211; Perrine\/Magalie\/Kelly\/Olivier"},"content":{"rendered":"<p align=\"center\"><a href=\"http:\/\/www.vanbiervliet.fr\/gilbert\/wp-content\/uploads\/2015\/07\/Kelly1633R1.jpg\" class=\"gallery_colorbox\"><img loading=\"lazy\" decoding=\"async\" title=\"Kelly1633-R\" style=\"border-top: 0px; border-right: 0px; border-bottom: 0px; border-left: 0px; display: inline\" border=\"0\" alt=\"Kelly1633-R\" src=\"http:\/\/www.vanbiervliet.fr\/gilbert\/wp-content\/uploads\/2015\/07\/Kelly1633R_thumb1.jpg\"  width=\"204\" height=\"304\"><\/a> <a href=\"http:\/\/www.vanbiervliet.fr\/gilbert\/wp-content\/uploads\/2015\/07\/Olivier1.jpg\" class=\"gallery_colorbox\"><img loading=\"lazy\" decoding=\"async\" title=\"Olivier\" style=\"border-top: 0px; border-right: 0px; border-bottom: 0px; border-left: 0px; display: inline\" border=\"0\" alt=\"Olivier\" src=\"http:\/\/www.vanbiervliet.fr\/gilbert\/wp-content\/uploads\/2015\/07\/Olivier_thumb1.jpg\"  width=\"304\" height=\"204\"><\/a> <a href=\"http:\/\/www.vanbiervliet.fr\/gilbert\/wp-content\/uploads\/2015\/07\/Perrine14231.jpg\" class=\"gallery_colorbox\"><img loading=\"lazy\" decoding=\"async\" title=\"Perrine1423\" style=\"border-top: 0px; border-right: 0px; border-bottom: 0px; border-left: 0px; display: inline\" border=\"0\" alt=\"Perrine1423\" src=\"http:\/\/www.vanbiervliet.fr\/gilbert\/wp-content\/uploads\/2015\/07\/Perrine1423_thumb1.jpg\"  width=\"204\" height=\"304\"><\/a><\/p>\n<p align=\"center\">&nbsp;<a href=\"http:\/\/www.vanbiervliet.fr\/gilbert\/wp-content\/uploads\/2015\/07\/Studio1446Copier1.jpg\" class=\"gallery_colorbox\"><img loading=\"lazy\" decoding=\"async\" title=\"Studio-1446 (Copier)\" style=\"border-top: 0px; border-right: 0px; border-bottom: 0px; border-left: 0px; display: inline\" border=\"0\" alt=\"Studio-1446 (Copier)\" src=\"http:\/\/www.vanbiervliet.fr\/gilbert\/wp-content\/uploads\/2015\/07\/Studio1446Copier_thumb1.jpg\"  width=\"304\" height=\"154\"><\/a> <a href=\"http:\/\/www.vanbiervliet.fr\/gilbert\/wp-content\/uploads\/2015\/07\/Studio1495Copier1.jpg\" class=\"gallery_colorbox\"><img loading=\"lazy\" decoding=\"async\" title=\"Studio-1495 (Copier)\" style=\"border-top: 0px; border-right: 0px; border-bottom: 0px; border-left: 0px; display: inline\" border=\"0\" alt=\"Studio-1495 (Copier)\" src=\"http:\/\/www.vanbiervliet.fr\/gilbert\/wp-content\/uploads\/2015\/07\/Studio1495Copier_thumb1.jpg\"  width=\"304\" height=\"154\"><\/a> <\/p>\n<p><strong><font size=\"3\" face=\"Arial\">Merci \u00e0 Alain de m\u2019avoir pr\u00eat\u00e9 son studio et son mat\u00e9riel d\u2019\u00e9clairage et aux mod\u00e8les d\u2019avoir pos\u00e9 pour moi, la s\u00e9ance a dur\u00e9e pr\u00e8s de 4 h<\/font><\/strong><\/p>\n","protected":false},"excerpt":{"rendered":"<p>&nbsp; Merci \u00e0 Alain de m\u2019avoir pr\u00eat\u00e9 son studio et son mat\u00e9riel d\u2019\u00e9clairage et aux mod\u00e8les d\u2019avoir pos\u00e9 pour moi, la s\u00e9ance a dur\u00e9e pr\u00e8s de 4 h<\/p>\n","protected":false},"author":1,"featured_media":0,"parent":570,"menu_order":0,"comment_status":"open","ping_status":"open","template":"","meta":{"footnotes":""},"class_list":["post-2476","page","type-page","status-publish","hentry"],"_links":{"self":[{"href":"https:\/\/www.vanbiervliet.fr\/gilbert\/index.php?rest_route=\/wp\/v2\/pages\/2476","targetHints":{"allow":["GET"]}}],"collection":[{"href":"https:\/\/www.vanbiervliet.fr\/gilbert\/index.php?rest_route=\/wp\/v2\/pages"}],"about":[{"href":"https:\/\/www.vanbiervliet.fr\/gilbert\/index.php?rest_route=\/wp\/v2\/types\/page"}],"author":[{"embeddable":true,"href":"https:\/\/www.vanbiervliet.fr\/gilbert\/index.php?rest_route=\/wp\/v2\/users\/1"}],"replies":[{"embeddable":true,"href":"https:\/\/www.vanbiervliet.fr\/gilbert\/index.php?rest_route=%2Fwp%2Fv2%2Fcomments&post=2476"}],"version-history":[{"count":3,"href":"https:\/\/www.vanbiervliet.fr\/gilbert\/index.php?rest_route=\/wp\/v2\/pages\/2476\/revisions"}],"predecessor-version":[{"id":2529,"href":"https:\/\/www.vanbiervliet.fr\/gilbert\/index.php?rest_route=\/wp\/v2\/pages\/2476\/revisions\/2529"}],"up":[{"embeddable":true,"href":"https:\/\/www.vanbiervliet.fr\/gilbert\/index.php?rest_route=\/wp\/v2\/pages\/570"}],"wp:attachment":[{"href":"https:\/\/www.vanbiervliet.fr\/gilbert\/index.php?rest_route=%2Fwp%2Fv2%2Fmedia&parent=2476"}],"curies":[{"name":"wp","href":"https:\/\/api.w.org\/{rel}","templated":true}]}}