{"id":2478,"date":"2015-07-28T12:12:15","date_gmt":"2015-07-28T11:12:15","guid":{"rendered":"http:\/\/www.vanbiervliet.fr\/gilbert\/?page_id=2478"},"modified":"2015-07-28T15:28:59","modified_gmt":"2015-07-28T14:28:59","slug":"02-ameliemathilde","status":"publish","type":"page","link":"https:\/\/www.vanbiervliet.fr\/gilbert\/?page_id=2478","title":{"rendered":"02 &#8211; Am&eacute;lie\/Mathilde"},"content":{"rendered":"<p align=\"left\"><font size=\"3\" face=\"Monotype Corsiva\">Avec le mat\u00e9riel du club, install\u00e9 dans le garage, on arrive \u00e0 faire des photos tout \u00e0 fait acceptables.<\/font><\/p>\n<p align=\"center\"><a href=\"http:\/\/www.vanbiervliet.fr\/gilbert\/wp-content\/uploads\/2015\/07\/AmlieMathildeCorinneFranoise0401201322Copier.jpg\" class=\"gallery_colorbox\"><img loading=\"lazy\" decoding=\"async\" title=\"Am&eacute;lie-Mathilde-Corinne-Fran&ccedil;oise 04-01-2013-2-2 (Copier)\" style=\"border-top: 0px; border-right: 0px; border-bottom: 0px; border-left: 0px; display: inline\" border=\"0\" alt=\"Am&eacute;lie-Mathilde-Corinne-Fran&ccedil;oise 04-01-2013-2-2 (Copier)\" src=\"http:\/\/www.vanbiervliet.fr\/gilbert\/wp-content\/uploads\/2015\/07\/AmlieMathildeCorinneFranoise0401201322Copier_thumb.jpg\"  width=\"204\" height=\"304\"><\/a> <a href=\"http:\/\/www.vanbiervliet.fr\/gilbert\/wp-content\/uploads\/2015\/07\/AmlieMathildeCorinneFranoise04012013212CopierCopier.jpg\" class=\"gallery_colorbox\"><img loading=\"lazy\" decoding=\"async\" title=\"Am&eacute;lie-Mathilde-Corinne-Fran&ccedil;oise 04-01-2013-2-12 (Copier) (Copier)\" style=\"border-top: 0px; border-right: 0px; border-bottom: 0px; border-left: 0px; display: inline\" border=\"0\" alt=\"Am&eacute;lie-Mathilde-Corinne-Fran&ccedil;oise 04-01-2013-2-12 (Copier) (Copier)\" src=\"http:\/\/www.vanbiervliet.fr\/gilbert\/wp-content\/uploads\/2015\/07\/AmlieMathildeCorinneFranoise04012013212CopierCopier_thumb.jpg\"  width=\"304\" height=\"204\"><\/a><\/p>\n<p>&nbsp;<\/p>\n<\/p>\n<p><strong><font size=\"3\" face=\"aria\">Merci \u00e0 tous ces mod\u00e8les d\u2019avoir eu la patience de poser plusieurs heures pour moi<\/font><\/strong><\/p>\n","protected":false},"excerpt":{"rendered":"<p>Avec le mat\u00e9riel du club, install\u00e9 dans le garage, on arrive \u00e0 faire des photos tout \u00e0 fait acceptables. &nbsp; Merci \u00e0 tous ces mod\u00e8les d\u2019avoir eu la patience de poser plusieurs heures pour moi<\/p>\n","protected":false},"author":1,"featured_media":0,"parent":570,"menu_order":0,"comment_status":"open","ping_status":"open","template":"","meta":{"footnotes":""},"class_list":["post-2478","page","type-page","status-publish","hentry"],"_links":{"self":[{"href":"https:\/\/www.vanbiervliet.fr\/gilbert\/index.php?rest_route=\/wp\/v2\/pages\/2478","targetHints":{"allow":["GET"]}}],"collection":[{"href":"https:\/\/www.vanbiervliet.fr\/gilbert\/index.php?rest_route=\/wp\/v2\/pages"}],"about":[{"href":"https:\/\/www.vanbiervliet.fr\/gilbert\/index.php?rest_route=\/wp\/v2\/types\/page"}],"author":[{"embeddable":true,"href":"https:\/\/www.vanbiervliet.fr\/gilbert\/index.php?rest_route=\/wp\/v2\/users\/1"}],"replies":[{"embeddable":true,"href":"https:\/\/www.vanbiervliet.fr\/gilbert\/index.php?rest_route=%2Fwp%2Fv2%2Fcomments&post=2478"}],"version-history":[{"count":2,"href":"https:\/\/www.vanbiervliet.fr\/gilbert\/index.php?rest_route=\/wp\/v2\/pages\/2478\/revisions"}],"predecessor-version":[{"id":2534,"href":"https:\/\/www.vanbiervliet.fr\/gilbert\/index.php?rest_route=\/wp\/v2\/pages\/2478\/revisions\/2534"}],"up":[{"embeddable":true,"href":"https:\/\/www.vanbiervliet.fr\/gilbert\/index.php?rest_route=\/wp\/v2\/pages\/570"}],"wp:attachment":[{"href":"https:\/\/www.vanbiervliet.fr\/gilbert\/index.php?rest_route=%2Fwp%2Fv2%2Fmedia&parent=2478"}],"curies":[{"name":"wp","href":"https:\/\/api.w.org\/{rel}","templated":true}]}}