{"id":2480,"date":"2015-07-28T12:12:39","date_gmt":"2015-07-28T11:12:39","guid":{"rendered":"http:\/\/www.vanbiervliet.fr\/gilbert\/?page_id=2480"},"modified":"2015-07-28T15:34:39","modified_gmt":"2015-07-28T14:34:39","slug":"03-chloejuliette","status":"publish","type":"page","link":"https:\/\/www.vanbiervliet.fr\/gilbert\/?page_id=2480","title":{"rendered":"03 &#8211; Chlo&eacute;\/Juliette"},"content":{"rendered":"<p align=\"center\">&nbsp;<a href=\"http:\/\/www.vanbiervliet.fr\/gilbert\/wp-content\/uploads\/2015\/07\/Juliette01.jpg\" class=\"gallery_colorbox\"><img loading=\"lazy\" decoding=\"async\" title=\"Juliette 01\" style=\"border-top: 0px; border-right: 0px; border-bottom: 0px; border-left: 0px; display: inline\" border=\"0\" alt=\"Juliette 01\" src=\"http:\/\/www.vanbiervliet.fr\/gilbert\/wp-content\/uploads\/2015\/07\/Juliette01_thumb.jpg\"  width=\"204\" height=\"304\"><\/a>&nbsp; <a href=\"http:\/\/www.vanbiervliet.fr\/gilbert\/wp-content\/uploads\/2015\/07\/ShootingChloJuliette7144.jpg\" class=\"gallery_colorbox\"><img loading=\"lazy\" decoding=\"async\" title=\"Shooting Chlo&eacute; &amp; Juliette-7144\" style=\"border-top: 0px; border-right: 0px; border-bottom: 0px; border-left: 0px; display: inline\" border=\"0\" alt=\"Shooting Chlo&eacute; &amp; Juliette-7144\" src=\"http:\/\/www.vanbiervliet.fr\/gilbert\/wp-content\/uploads\/2015\/07\/ShootingChloJuliette7144_thumb.jpg\"  width=\"204\" height=\"304\"><\/a><\/p>\n<p align=\"center\"><a href=\"http:\/\/www.vanbiervliet.fr\/gilbert\/wp-content\/uploads\/2015\/07\/ShootingChloJuliette71043Copier.jpg\" class=\"gallery_colorbox\"><img loading=\"lazy\" decoding=\"async\" title=\"Shooting Chlo&eacute; &amp; Juliette-7104-3 (Copier)\" style=\"border-top: 0px; border-right: 0px; border-bottom: 0px; border-left: 0px; display: inline\" border=\"0\" alt=\"Shooting Chlo&eacute; &amp; Juliette-7104-3 (Copier)\" src=\"http:\/\/www.vanbiervliet.fr\/gilbert\/wp-content\/uploads\/2015\/07\/ShootingChloJuliette71043Copier_thumb.jpg\"  width=\"304\" height=\"304\"><\/a>&nbsp;<\/p>\n<p align=\"center\">&nbsp;<a href=\"http:\/\/www.vanbiervliet.fr\/gilbert\/wp-content\/uploads\/2015\/07\/Juliette03Copier.jpg\" class=\"gallery_colorbox\"><img loading=\"lazy\" decoding=\"async\" title=\"Juliette 03 (Copier)\" style=\"border-top: 0px; border-right: 0px; border-bottom: 0px; border-left: 0px; display: inline\" border=\"0\" alt=\"Juliette 03 (Copier)\" src=\"http:\/\/www.vanbiervliet.fr\/gilbert\/wp-content\/uploads\/2015\/07\/Juliette03Copier_thumb.jpg\"  width=\"304\" height=\"204\"><\/a><a href=\"http:\/\/www.vanbiervliet.fr\/gilbert\/wp-content\/uploads\/2015\/07\/Chlo03Copier.jpg\" class=\"gallery_colorbox\"><img loading=\"lazy\" decoding=\"async\" title=\"Chlo&eacute; 03 (Copier)\" style=\"border-top: 0px; border-right: 0px; border-bottom: 0px; border-left: 0px; display: inline\" border=\"0\" alt=\"Chlo&eacute; 03 (Copier)\" src=\"http:\/\/www.vanbiervliet.fr\/gilbert\/wp-content\/uploads\/2015\/07\/Chlo03Copier_thumb.jpg\"  width=\"304\" height=\"204\"><\/a><\/p>\n<p><strong><font size=\"3\" face=\"Arial\">Merci \u00e0 toutes les deux pour ce shooting qui a dur\u00e9 pr\u00e8s de 4h<\/font><\/strong><\/p>\n","protected":false},"excerpt":{"rendered":"<p>&nbsp;&nbsp; &nbsp; &nbsp; Merci \u00e0 toutes les deux pour ce shooting qui a dur\u00e9 pr\u00e8s de 4h<\/p>\n","protected":false},"author":1,"featured_media":0,"parent":570,"menu_order":0,"comment_status":"open","ping_status":"open","template":"","meta":{"footnotes":""},"class_list":["post-2480","page","type-page","status-publish","hentry"],"_links":{"self":[{"href":"https:\/\/www.vanbiervliet.fr\/gilbert\/index.php?rest_route=\/wp\/v2\/pages\/2480","targetHints":{"allow":["GET"]}}],"collection":[{"href":"https:\/\/www.vanbiervliet.fr\/gilbert\/index.php?rest_route=\/wp\/v2\/pages"}],"about":[{"href":"https:\/\/www.vanbiervliet.fr\/gilbert\/index.php?rest_route=\/wp\/v2\/types\/page"}],"author":[{"embeddable":true,"href":"https:\/\/www.vanbiervliet.fr\/gilbert\/index.php?rest_route=\/wp\/v2\/users\/1"}],"replies":[{"embeddable":true,"href":"https:\/\/www.vanbiervliet.fr\/gilbert\/index.php?rest_route=%2Fwp%2Fv2%2Fcomments&post=2480"}],"version-history":[{"count":3,"href":"https:\/\/www.vanbiervliet.fr\/gilbert\/index.php?rest_route=\/wp\/v2\/pages\/2480\/revisions"}],"predecessor-version":[{"id":2546,"href":"https:\/\/www.vanbiervliet.fr\/gilbert\/index.php?rest_route=\/wp\/v2\/pages\/2480\/revisions\/2546"}],"up":[{"embeddable":true,"href":"https:\/\/www.vanbiervliet.fr\/gilbert\/index.php?rest_route=\/wp\/v2\/pages\/570"}],"wp:attachment":[{"href":"https:\/\/www.vanbiervliet.fr\/gilbert\/index.php?rest_route=%2Fwp%2Fv2%2Fmedia&parent=2480"}],"curies":[{"name":"wp","href":"https:\/\/api.w.org\/{rel}","templated":true}]}}