{"id":2488,"date":"2015-07-28T12:57:02","date_gmt":"2015-07-28T11:57:02","guid":{"rendered":"http:\/\/www.vanbiervliet.fr\/gilbert\/?page_id=2488"},"modified":"2015-07-28T16:19:14","modified_gmt":"2015-07-28T15:19:14","slug":"07-lizanathalie","status":"publish","type":"page","link":"https:\/\/www.vanbiervliet.fr\/gilbert\/?page_id=2488","title":{"rendered":"07 &#8211; Liza\/Nathalie"},"content":{"rendered":"<p align=\"center\"><a href=\"http:\/\/www.vanbiervliet.fr\/gilbert\/wp-content\/uploads\/2015\/07\/LizaIMG_8847225012014Copier.jpg\" class=\"gallery_colorbox\"><img loading=\"lazy\" decoding=\"async\" title=\"Liza-IMG_8847--2-25 01 2014 (Copier)\" style=\"border-top: 0px; border-right: 0px; border-bottom: 0px; border-left: 0px; display: inline\" border=\"0\" alt=\"Liza-IMG_8847--2-25 01 2014 (Copier)\" src=\"http:\/\/www.vanbiervliet.fr\/gilbert\/wp-content\/uploads\/2015\/07\/LizaIMG_8847225012014Copier_thumb.jpg\"  width=\"304\" height=\"261\"><\/a> <a href=\"http:\/\/www.vanbiervliet.fr\/gilbert\/wp-content\/uploads\/2015\/07\/LizaIMG_8851225012014Copier.jpg\" class=\"gallery_colorbox\"><img loading=\"lazy\" decoding=\"async\" title=\"Liza-IMG_8851-2-25 01 2014 (Copier)\" style=\"border-top: 0px; border-right: 0px; border-bottom: 0px; border-left: 0px; display: inline\" border=\"0\" alt=\"Liza-IMG_8851-2-25 01 2014 (Copier)\" src=\"http:\/\/www.vanbiervliet.fr\/gilbert\/wp-content\/uploads\/2015\/07\/LizaIMG_8851225012014Copier_thumb.jpg\"  width=\"246\" height=\"304\"><\/a> <\/p>\n<p align=\"center\"><a href=\"http:\/\/www.vanbiervliet.fr\/gilbert\/wp-content\/uploads\/2015\/07\/NathalieIMG_8896225012014Copier.jpg\" class=\"gallery_colorbox\"><img loading=\"lazy\" decoding=\"async\" title=\"Nathalie-IMG_8896-2-25012014 (Copier)\" style=\"border-top: 0px; border-right: 0px; border-bottom: 0px; border-left: 0px; display: inline\" border=\"0\" alt=\"Nathalie-IMG_8896-2-25012014 (Copier)\" src=\"http:\/\/www.vanbiervliet.fr\/gilbert\/wp-content\/uploads\/2015\/07\/NathalieIMG_8896225012014Copier_thumb.jpg\"  width=\"304\" height=\"304\"><\/a> <\/p>\n<p><font size=\"3\" face=\"ari\"><strong>Photos prises lors d\u2019un atelier de formation au club Focus P\u00e9v\u00e8le.<\/strong><\/font> <\/p>\n<p><font size=\"3\" face=\"ari\"><strong>Merci \u00e0 toutes les deux<\/strong><\/font><\/p>\n","protected":false},"excerpt":{"rendered":"<p>Photos prises lors d\u2019un atelier de formation au club Focus P\u00e9v\u00e8le. Merci \u00e0 toutes les deux<\/p>\n","protected":false},"author":1,"featured_media":0,"parent":570,"menu_order":0,"comment_status":"open","ping_status":"open","template":"","meta":{"footnotes":""},"class_list":["post-2488","page","type-page","status-publish","hentry"],"_links":{"self":[{"href":"https:\/\/www.vanbiervliet.fr\/gilbert\/index.php?rest_route=\/wp\/v2\/pages\/2488","targetHints":{"allow":["GET"]}}],"collection":[{"href":"https:\/\/www.vanbiervliet.fr\/gilbert\/index.php?rest_route=\/wp\/v2\/pages"}],"about":[{"href":"https:\/\/www.vanbiervliet.fr\/gilbert\/index.php?rest_route=\/wp\/v2\/types\/page"}],"author":[{"embeddable":true,"href":"https:\/\/www.vanbiervliet.fr\/gilbert\/index.php?rest_route=\/wp\/v2\/users\/1"}],"replies":[{"embeddable":true,"href":"https:\/\/www.vanbiervliet.fr\/gilbert\/index.php?rest_route=%2Fwp%2Fv2%2Fcomments&post=2488"}],"version-history":[{"count":2,"href":"https:\/\/www.vanbiervliet.fr\/gilbert\/index.php?rest_route=\/wp\/v2\/pages\/2488\/revisions"}],"predecessor-version":[{"id":2604,"href":"https:\/\/www.vanbiervliet.fr\/gilbert\/index.php?rest_route=\/wp\/v2\/pages\/2488\/revisions\/2604"}],"up":[{"embeddable":true,"href":"https:\/\/www.vanbiervliet.fr\/gilbert\/index.php?rest_route=\/wp\/v2\/pages\/570"}],"wp:attachment":[{"href":"https:\/\/www.vanbiervliet.fr\/gilbert\/index.php?rest_route=%2Fwp%2Fv2%2Fmedia&parent=2488"}],"curies":[{"name":"wp","href":"https:\/\/api.w.org\/{rel}","templated":true}]}}