{"id":2498,"date":"2015-07-28T12:59:39","date_gmt":"2015-07-28T11:59:39","guid":{"rendered":"http:\/\/www.vanbiervliet.fr\/gilbert\/?page_id=2498"},"modified":"2015-07-28T17:58:05","modified_gmt":"2015-07-28T16:58:05","slug":"2014-2","status":"publish","type":"page","link":"https:\/\/www.vanbiervliet.fr\/gilbert\/?page_id=2498","title":{"rendered":"2014"},"content":{"rendered":"<p><font size=\"3\"><strong>Dans le cadre des activit\u00e9s du club FOCUS PEVELE, plusieurs photographes ont produit une s\u00e9rie de photos sur un th\u00e8me pr\u00e9cis<\/strong><\/font><\/p>\n<p><strong><font size=\"3\">Le th\u00e8me que j\u2019ai choisi&nbsp;&nbsp;&nbsp; \u201c<u>Le maquettiste\u201d<\/u><\/font><\/strong><\/p>\n<p align=\"center\"><a href=\"http:\/\/www.vanbiervliet.fr\/gilbert\/wp-content\/uploads\/2015\/07\/01IronManIMG_070123septembre2014Copier.jpg\" class=\"gallery_colorbox\"><img loading=\"lazy\" decoding=\"async\" title=\"01 - Iron ManIMG_0701-23 septembre 2014 (Copier)\" style=\"border-top: 0px; border-right: 0px; border-bottom: 0px; border-left: 0px; display: inline\" border=\"0\" alt=\"01 - Iron ManIMG_0701-23 septembre 2014 (Copier)\" src=\"http:\/\/www.vanbiervliet.fr\/gilbert\/wp-content\/uploads\/2015\/07\/01IronManIMG_070123septembre2014Copier_thumb.jpg\"  width=\"204\" height=\"304\"><\/a> <a href=\"http:\/\/www.vanbiervliet.fr\/gilbert\/wp-content\/uploads\/2015\/07\/02Copier.jpg\" class=\"gallery_colorbox\"><img loading=\"lazy\" decoding=\"async\" title=\"02 -  (Copier)\" style=\"border-top: 0px; border-right: 0px; border-bottom: 0px; border-left: 0px; display: inline\" border=\"0\" alt=\"02 -  (Copier)\" src=\"http:\/\/www.vanbiervliet.fr\/gilbert\/wp-content\/uploads\/2015\/07\/02Copier_thumb.jpg\"  width=\"204\" height=\"304\"><\/a> <\/p>\n<p align=\"center\"><a href=\"http:\/\/www.vanbiervliet.fr\/gilbert\/wp-content\/uploads\/2015\/07\/03MaquettesOlivierRennes01IMG_019301032014Copier.jpg\" class=\"gallery_colorbox\"><img loading=\"lazy\" decoding=\"async\" title=\"03 - Maquettes Olivier Rennes 01-IMG_0193-01032014 (Copier)\" style=\"border-top: 0px; border-right: 0px; border-bottom: 0px; border-left: 0px; display: inline\" border=\"0\" alt=\"03 - Maquettes Olivier Rennes 01-IMG_0193-01032014 (Copier)\" src=\"http:\/\/www.vanbiervliet.fr\/gilbert\/wp-content\/uploads\/2015\/07\/03MaquettesOlivierRennes01IMG_019301032014Copier_thumb.jpg\"  width=\"304\" height=\"304\"><\/a><a href=\"http:\/\/www.vanbiervliet.fr\/gilbert\/wp-content\/uploads\/2015\/07\/04MaquettesOlivierIMG_4536226032013Copier.jpg\" class=\"gallery_colorbox\"><img loading=\"lazy\" decoding=\"async\" title=\"04 - Maquettes Olivier-IMG_4536-2 26 03 2013 (Copier)\" style=\"border-top: 0px; border-right: 0px; border-bottom: 0px; border-left: 0px; display: inline\" border=\"0\" alt=\"04 - Maquettes Olivier-IMG_4536-2 26 03 2013 (Copier)\" src=\"http:\/\/www.vanbiervliet.fr\/gilbert\/wp-content\/uploads\/2015\/07\/04MaquettesOlivierIMG_4536226032013Copier_thumb.jpg\"  width=\"304\" height=\"204\"><\/a><\/p>\n<p align=\"center\">&nbsp;<a href=\"http:\/\/www.vanbiervliet.fr\/gilbert\/wp-content\/uploads\/2015\/07\/05Copier.jpg\" class=\"gallery_colorbox\"><img loading=\"lazy\" decoding=\"async\" title=\"05 -  (Copier)\" style=\"border-top: 0px; border-right: 0px; border-bottom: 0px; border-left: 0px; display: inline\" border=\"0\" alt=\"05 -  (Copier)\" src=\"http:\/\/www.vanbiervliet.fr\/gilbert\/wp-content\/uploads\/2015\/07\/05Copier_thumb.jpg\"  width=\"304\" height=\"204\"><\/a> <a href=\"http:\/\/www.vanbiervliet.fr\/gilbert\/wp-content\/uploads\/2015\/07\/06Copier.jpg\" class=\"gallery_colorbox\"><img loading=\"lazy\" decoding=\"async\" title=\"06 -  (Copier)\" style=\"border-top: 0px; border-right: 0px; border-bottom: 0px; border-left: 0px; display: inline\" border=\"0\" alt=\"06 -  (Copier)\" src=\"http:\/\/www.vanbiervliet.fr\/gilbert\/wp-content\/uploads\/2015\/07\/06Copier_thumb.jpg\"  width=\"304\" height=\"204\"><\/a><\/p>\n<p align=\"center\"><a href=\"http:\/\/www.vanbiervliet.fr\/gilbert\/wp-content\/uploads\/2015\/07\/07Copier.jpg\" class=\"gallery_colorbox\"><img loading=\"lazy\" decoding=\"async\" title=\"07 -  (Copier)\" style=\"border-top: 0px; border-right: 0px; border-bottom: 0px; border-left: 0px; display: inline\" border=\"0\" alt=\"07 -  (Copier)\" src=\"http:\/\/www.vanbiervliet.fr\/gilbert\/wp-content\/uploads\/2015\/07\/07Copier_thumb.jpg\"  width=\"304\" height=\"204\"><\/a> <a href=\"http:\/\/www.vanbiervliet.fr\/gilbert\/wp-content\/uploads\/2015\/07\/08IMG191retoucheparJeanAlainCopier.jpg\" class=\"gallery_colorbox\"><img loading=\"lazy\" decoding=\"async\" title=\"08 - IMG 191 retouch&eacute;e par Jean-Alain (Copier)\" style=\"border-top: 0px; border-right: 0px; border-bottom: 0px; border-left: 0px; display: inline\" border=\"0\" alt=\"08 - IMG 191 retouch&eacute;e par Jean-Alain (Copier)\" src=\"http:\/\/www.vanbiervliet.fr\/gilbert\/wp-content\/uploads\/2015\/07\/08IMG191retoucheparJeanAlainCopier_thumb.jpg\"  width=\"304\" height=\"204\"><\/a><\/p>\n<p align=\"center\"><a href=\"http:\/\/www.vanbiervliet.fr\/gilbert\/wp-content\/uploads\/2015\/07\/09ExpomaquettesCessonSvignIMG_046302mars2014Copier.jpg\" class=\"gallery_colorbox\"><img loading=\"lazy\" decoding=\"async\" title=\"09 - Expo maquettes Cesson S&eacute;vign&eacute;-IMG_0463-02 mars 2014 (Copier)\" style=\"border-top: 0px; border-right: 0px; border-bottom: 0px; border-left: 0px; display: inline\" border=\"0\" alt=\"09 - Expo maquettes Cesson S&eacute;vign&eacute;-IMG_0463-02 mars 2014 (Copier)\" src=\"http:\/\/www.vanbiervliet.fr\/gilbert\/wp-content\/uploads\/2015\/07\/09ExpomaquettesCessonSvignIMG_046302mars2014Copier_thumb.jpg\"  width=\"304\" height=\"204\"><\/a><\/p>\n<p align=\"center\"><a href=\"http:\/\/www.vanbiervliet.fr\/gilbert\/wp-content\/uploads\/2015\/07\/10MagasinmaquettesIMG_081628septembre2014copieCopier.jpg\" class=\"gallery_colorbox\"><img loading=\"lazy\" decoding=\"async\" title=\"10 - Magasin maquettes   IMG_0816-28 septembre 2014 copie (Copier)\" style=\"border-top: 0px; border-right: 0px; border-bottom: 0px; border-left: 0px; display: inline\" border=\"0\" alt=\"10 - Magasin maquettes   IMG_0816-28 septembre 2014 copie (Copier)\" src=\"http:\/\/www.vanbiervliet.fr\/gilbert\/wp-content\/uploads\/2015\/07\/10MagasinmaquettesIMG_081628septembre2014copieCopier_thumb.jpg\"  width=\"304\" height=\"203\"><\/a> <a href=\"http:\/\/www.vanbiervliet.fr\/gilbert\/wp-content\/uploads\/2015\/07\/11LightpaintingOlivierIMG_956517aot2014copieCopier.jpg\" class=\"gallery_colorbox\"><img loading=\"lazy\" decoding=\"async\" title=\"11 - Light painting OlivierIMG_9565-17 ao&ucirc;t 2014 - copie (Copier)\" style=\"border-top: 0px; border-right: 0px; border-bottom: 0px; border-left: 0px; display: inline\" border=\"0\" alt=\"11 - Light painting OlivierIMG_9565-17 ao&ucirc;t 2014 - copie (Copier)\" src=\"http:\/\/www.vanbiervliet.fr\/gilbert\/wp-content\/uploads\/2015\/07\/11LightpaintingOlivierIMG_956517aot2014copieCopier_thumb.jpg\"  width=\"304\" height=\"204\"><\/a><\/p>\n","protected":false},"excerpt":{"rendered":"<p>Dans le cadre des activit\u00e9s du club FOCUS PEVELE, plusieurs photographes ont produit une s\u00e9rie de photos sur un th\u00e8me pr\u00e9cis Le th\u00e8me que j\u2019ai choisi&nbsp;&nbsp;&nbsp; \u201cLe maquettiste\u201d &nbsp;<\/p>\n","protected":false},"author":1,"featured_media":0,"parent":2496,"menu_order":0,"comment_status":"open","ping_status":"open","template":"","meta":{"footnotes":""},"class_list":["post-2498","page","type-page","status-publish","hentry"],"_links":{"self":[{"href":"https:\/\/www.vanbiervliet.fr\/gilbert\/index.php?rest_route=\/wp\/v2\/pages\/2498","targetHints":{"allow":["GET"]}}],"collection":[{"href":"https:\/\/www.vanbiervliet.fr\/gilbert\/index.php?rest_route=\/wp\/v2\/pages"}],"about":[{"href":"https:\/\/www.vanbiervliet.fr\/gilbert\/index.php?rest_route=\/wp\/v2\/types\/page"}],"author":[{"embeddable":true,"href":"https:\/\/www.vanbiervliet.fr\/gilbert\/index.php?rest_route=\/wp\/v2\/users\/1"}],"replies":[{"embeddable":true,"href":"https:\/\/www.vanbiervliet.fr\/gilbert\/index.php?rest_route=%2Fwp%2Fv2%2Fcomments&post=2498"}],"version-history":[{"count":3,"href":"https:\/\/www.vanbiervliet.fr\/gilbert\/index.php?rest_route=\/wp\/v2\/pages\/2498\/revisions"}],"predecessor-version":[{"id":2740,"href":"https:\/\/www.vanbiervliet.fr\/gilbert\/index.php?rest_route=\/wp\/v2\/pages\/2498\/revisions\/2740"}],"up":[{"embeddable":true,"href":"https:\/\/www.vanbiervliet.fr\/gilbert\/index.php?rest_route=\/wp\/v2\/pages\/2496"}],"wp:attachment":[{"href":"https:\/\/www.vanbiervliet.fr\/gilbert\/index.php?rest_route=%2Fwp%2Fv2%2Fmedia&parent=2498"}],"curies":[{"name":"wp","href":"https:\/\/api.w.org\/{rel}","templated":true}]}}