{"id":2500,"date":"2015-07-28T12:59:52","date_gmt":"2015-07-28T11:59:52","guid":{"rendered":"http:\/\/www.vanbiervliet.fr\/gilbert\/?page_id=2500"},"modified":"2015-10-13T18:31:59","modified_gmt":"2015-10-13T17:31:59","slug":"2015-2","status":"publish","type":"page","link":"https:\/\/www.vanbiervliet.fr\/gilbert\/?page_id=2500","title":{"rendered":"2015"},"content":{"rendered":"<p><font size=\"3\"><strong>Th\u00e8me choisi cette ann\u00e9e <u><font color=\"#ff0000\" size=\"5\">\u201cLes Portraits\u201d<\/font><\/u><\/strong><\/font><\/p>\n<p><font size=\"3\"><strong>Ces photos ont \u00e9t\u00e9 expos\u00e9es \u00e0 Coutiches les 24 et 25 octobre 2015<\/strong><\/font><\/p>\n<p align=\"center\"><strong><font size=\"3\"><a href=\"http:\/\/www.vanbiervliet.fr\/gilbert\/wp-content\/uploads\/2015\/10\/001Charly3626Copier.jpg\" class=\"gallery_colorbox\"><img loading=\"lazy\" decoding=\"async\" title=\"001 - Charly 3626 (Copier)\" style=\"border-top: 0px; border-right: 0px; border-bottom: 0px; border-left: 0px; display: inline\" border=\"0\" alt=\"001 - Charly 3626 (Copier)\" src=\"http:\/\/www.vanbiervliet.fr\/gilbert\/wp-content\/uploads\/2015\/10\/001Charly3626Copier_thumb.jpg\"  width=\"204\" height=\"304\"><\/a> <a href=\"http:\/\/www.vanbiervliet.fr\/gilbert\/wp-content\/uploads\/2015\/10\/002Lna5266Copier.jpg\" class=\"gallery_colorbox\"><img loading=\"lazy\" decoding=\"async\" title=\"002 - L&eacute;na 5266 (Copier)\" style=\"border-top: 0px; border-right: 0px; border-bottom: 0px; border-left: 0px; display: inline\" border=\"0\" alt=\"002 - L&eacute;na 5266 (Copier)\" src=\"http:\/\/www.vanbiervliet.fr\/gilbert\/wp-content\/uploads\/2015\/10\/002Lna5266Copier_thumb.jpg\"  width=\"204\" height=\"304\"><\/a> <a href=\"http:\/\/www.vanbiervliet.fr\/gilbert\/wp-content\/uploads\/2015\/10\/003Rachel0491Copier.jpg\" class=\"gallery_colorbox\"><img loading=\"lazy\" decoding=\"async\" title=\"003 - Rachel - 0491 (Copier)\" style=\"border-top: 0px; border-right: 0px; border-bottom: 0px; border-left: 0px; display: inline\" border=\"0\" alt=\"003 - Rachel - 0491 (Copier)\" src=\"http:\/\/www.vanbiervliet.fr\/gilbert\/wp-content\/uploads\/2015\/10\/003Rachel0491Copier_thumb.jpg\"  width=\"204\" height=\"304\"><\/a> <a href=\"http:\/\/www.vanbiervliet.fr\/gilbert\/wp-content\/uploads\/2015\/10\/004Manon1442Copier.jpg\" class=\"gallery_colorbox\"><img loading=\"lazy\" decoding=\"async\" title=\"004 - Manon - 1442 (Copier)\" style=\"border-top: 0px; border-right: 0px; border-bottom: 0px; border-left: 0px; display: inline\" border=\"0\" alt=\"004 - Manon - 1442 (Copier)\" src=\"http:\/\/www.vanbiervliet.fr\/gilbert\/wp-content\/uploads\/2015\/10\/004Manon1442Copier_thumb.jpg\"  width=\"204\" height=\"304\"><\/a> <a href=\"http:\/\/www.vanbiervliet.fr\/gilbert\/wp-content\/uploads\/2015\/10\/005Mallis130511102014Copier.jpg\" class=\"gallery_colorbox\"><img loading=\"lazy\" decoding=\"async\" title=\"005 - Ma&euml;llis - 1305 - 11-10-2014 (Copier)\" style=\"border-top: 0px; border-right: 0px; border-bottom: 0px; border-left: 0px; display: inline\" border=\"0\" alt=\"005 - Ma&euml;llis - 1305 - 11-10-2014 (Copier)\" src=\"http:\/\/www.vanbiervliet.fr\/gilbert\/wp-content\/uploads\/2015\/10\/005Mallis130511102014Copier_thumb.jpg\"  width=\"204\" height=\"304\"><\/a> <a href=\"http:\/\/www.vanbiervliet.fr\/gilbert\/wp-content\/uploads\/2015\/10\/06MatthieuIMG_4877Copier.jpg\" class=\"gallery_colorbox\"><img loading=\"lazy\" decoding=\"async\" title=\"06 - Matthieu IMG_4877 (Copier)\" style=\"border-top: 0px; border-right: 0px; border-bottom: 0px; border-left: 0px; display: inline\" border=\"0\" alt=\"06 - Matthieu IMG_4877 (Copier)\" src=\"http:\/\/www.vanbiervliet.fr\/gilbert\/wp-content\/uploads\/2015\/10\/06MatthieuIMG_4877Copier_thumb.jpg\"  width=\"204\" height=\"304\"><\/a> <a href=\"http:\/\/www.vanbiervliet.fr\/gilbert\/wp-content\/uploads\/2015\/10\/007Marcio0865Copier.jpg\" class=\"gallery_colorbox\"><img loading=\"lazy\" decoding=\"async\" title=\"007 - Marcio - 0865 (Copier)\" style=\"border-top: 0px; border-right: 0px; border-bottom: 0px; border-left: 0px; display: inline\" border=\"0\" alt=\"007 - Marcio - 0865 (Copier)\" src=\"http:\/\/www.vanbiervliet.fr\/gilbert\/wp-content\/uploads\/2015\/10\/007Marcio0865Copier_thumb.jpg\"  width=\"204\" height=\"304\"><\/a> <a href=\"http:\/\/www.vanbiervliet.fr\/gilbert\/wp-content\/uploads\/2015\/10\/008Olivier4507Copier.jpg\" class=\"gallery_colorbox\"><img loading=\"lazy\" decoding=\"async\" title=\"008 - Olivier - 4507 (Copier)\" style=\"border-top: 0px; border-right: 0px; border-bottom: 0px; border-left: 0px; display: inline\" border=\"0\" alt=\"008 - Olivier - 4507 (Copier)\" src=\"http:\/\/www.vanbiervliet.fr\/gilbert\/wp-content\/uploads\/2015\/10\/008Olivier4507Copier_thumb.jpg\"  width=\"204\" height=\"304\"><\/a> <a href=\"http:\/\/www.vanbiervliet.fr\/gilbert\/wp-content\/uploads\/2015\/10\/009Florence4552Copier.jpg\" class=\"gallery_colorbox\"><img loading=\"lazy\" decoding=\"async\" title=\"009 - Florence -4552 (Copier)\" style=\"border-top: 0px; border-right: 0px; border-bottom: 0px; border-left: 0px; display: inline\" border=\"0\" alt=\"009 - Florence -4552 (Copier)\" src=\"http:\/\/www.vanbiervliet.fr\/gilbert\/wp-content\/uploads\/2015\/10\/009Florence4552Copier_thumb.jpg\"  width=\"304\" height=\"204\"><\/a> <a href=\"http:\/\/www.vanbiervliet.fr\/gilbert\/wp-content\/uploads\/2015\/10\/010Quentin4617Copier.jpg\" class=\"gallery_colorbox\"><img loading=\"lazy\" decoding=\"async\" title=\"010 - Quentin - 4617 (Copier)\" style=\"border-top: 0px; border-right: 0px; border-bottom: 0px; border-left: 0px; display: inline\" border=\"0\" alt=\"010 - Quentin - 4617 (Copier)\" src=\"http:\/\/www.vanbiervliet.fr\/gilbert\/wp-content\/uploads\/2015\/10\/010Quentin4617Copier_thumb.jpg\"  width=\"204\" height=\"304\"><\/a> <a href=\"http:\/\/www.vanbiervliet.fr\/gilbert\/wp-content\/uploads\/2015\/10\/011Bruno6024Copier.jpg\" class=\"gallery_colorbox\"><img loading=\"lazy\" decoding=\"async\" title=\"011 - Bruno - 6024 (Copier)\" style=\"border-top: 0px; border-right: 0px; border-bottom: 0px; border-left: 0px; display: inline\" border=\"0\" alt=\"011 - Bruno - 6024 (Copier)\" src=\"http:\/\/www.vanbiervliet.fr\/gilbert\/wp-content\/uploads\/2015\/10\/011Bruno6024Copier_thumb.jpg\"  width=\"204\" height=\"304\"><\/a> <a href=\"http:\/\/www.vanbiervliet.fr\/gilbert\/wp-content\/uploads\/2015\/10\/012Marc3200Copier.jpg\" class=\"gallery_colorbox\"><img loading=\"lazy\" decoding=\"async\" title=\"012 - Marc - 3200 (Copier)\" style=\"border-top: 0px; border-right: 0px; border-bottom: 0px; border-left: 0px; display: inline\" border=\"0\" alt=\"012 - Marc - 3200 (Copier)\" src=\"http:\/\/www.vanbiervliet.fr\/gilbert\/wp-content\/uploads\/2015\/10\/012Marc3200Copier_thumb.jpg\"  width=\"207\" height=\"304\"><\/a> <a href=\"http:\/\/www.vanbiervliet.fr\/gilbert\/wp-content\/uploads\/2015\/10\/013Jacques4498Copier.jpg\" class=\"gallery_colorbox\"><img loading=\"lazy\" decoding=\"async\" title=\"013 - Jacques - 4498 (Copier)\" style=\"border-top: 0px; border-right: 0px; border-bottom: 0px; border-left: 0px; display: inline\" border=\"0\" alt=\"013 - Jacques - 4498 (Copier)\" src=\"http:\/\/www.vanbiervliet.fr\/gilbert\/wp-content\/uploads\/2015\/10\/013Jacques4498Copier_thumb.jpg\"  width=\"204\" height=\"304\"><\/a> <\/font><\/strong><\/p>\n","protected":false},"excerpt":{"rendered":"<p>Th\u00e8me choisi cette ann\u00e9e \u201cLes Portraits\u201d Ces photos ont \u00e9t\u00e9 expos\u00e9es \u00e0 Coutiches les 24 et 25 octobre 2015<\/p>\n","protected":false},"author":1,"featured_media":0,"parent":2496,"menu_order":0,"comment_status":"open","ping_status":"open","template":"","meta":{"footnotes":""},"class_list":["post-2500","page","type-page","status-publish","hentry"],"_links":{"self":[{"href":"https:\/\/www.vanbiervliet.fr\/gilbert\/index.php?rest_route=\/wp\/v2\/pages\/2500","targetHints":{"allow":["GET"]}}],"collection":[{"href":"https:\/\/www.vanbiervliet.fr\/gilbert\/index.php?rest_route=\/wp\/v2\/pages"}],"about":[{"href":"https:\/\/www.vanbiervliet.fr\/gilbert\/index.php?rest_route=\/wp\/v2\/types\/page"}],"author":[{"embeddable":true,"href":"https:\/\/www.vanbiervliet.fr\/gilbert\/index.php?rest_route=\/wp\/v2\/users\/1"}],"replies":[{"embeddable":true,"href":"https:\/\/www.vanbiervliet.fr\/gilbert\/index.php?rest_route=%2Fwp%2Fv2%2Fcomments&post=2500"}],"version-history":[{"count":3,"href":"https:\/\/www.vanbiervliet.fr\/gilbert\/index.php?rest_route=\/wp\/v2\/pages\/2500\/revisions"}],"predecessor-version":[{"id":2866,"href":"https:\/\/www.vanbiervliet.fr\/gilbert\/index.php?rest_route=\/wp\/v2\/pages\/2500\/revisions\/2866"}],"up":[{"embeddable":true,"href":"https:\/\/www.vanbiervliet.fr\/gilbert\/index.php?rest_route=\/wp\/v2\/pages\/2496"}],"wp:attachment":[{"href":"https:\/\/www.vanbiervliet.fr\/gilbert\/index.php?rest_route=%2Fwp%2Fv2%2Fmedia&parent=2500"}],"curies":[{"name":"wp","href":"https:\/\/api.w.org\/{rel}","templated":true}]}}