{"id":2881,"date":"2016-07-12T13:35:19","date_gmt":"2016-07-12T12:35:19","guid":{"rendered":"http:\/\/www.vanbiervliet.fr\/gilbert\/?page_id=2881"},"modified":"2016-07-12T13:44:38","modified_gmt":"2016-07-12T12:44:38","slug":"11-anais-marc","status":"publish","type":"page","link":"https:\/\/www.vanbiervliet.fr\/gilbert\/?page_id=2881","title":{"rendered":"11 &#8211; Ana&iuml;s &amp; Marc"},"content":{"rendered":"<p align=\"center\"><a href=\"http:\/\/www.vanbiervliet.fr\/gilbert\/wp-content\/uploads\/2016\/07\/Copie-Ana%C3%AFs-IMG_2933-27-juin-2015.jpg\" class=\"gallery_colorbox\"><img loading=\"lazy\" decoding=\"async\" title=\"Copie Ana&iuml;s - IMG_2933-27 juin 2015\" style=\"border-top: 0px; border-right: 0px; background-image: none; border-bottom: 0px; padding-top: 0px; padding-left: 0px; border-left: 0px; margin: 0px; display: inline; padding-right: 0px\" border=\"0\" alt=\"Copie Ana&iuml;s - IMG_2933-27 juin 2015\" src=\"http:\/\/www.vanbiervliet.fr\/gilbert\/wp-content\/uploads\/2016\/07\/Copie-Ana%C3%AFs-IMG_2933-27-juin-2015_thumb.jpg\"  width=\"164\" height=\"244\"><\/a><a href=\"http:\/\/www.vanbiervliet.fr\/gilbert\/wp-content\/uploads\/2016\/07\/Copie-Ana%C3%AFs-IMG_3002-27-juin-2015.jpg\" class=\"gallery_colorbox\"><img loading=\"lazy\" decoding=\"async\" title=\"Copie Ana&iuml;s - IMG_3002-27 juin 2015\" style=\"border-top: 0px; border-right: 0px; background-image: none; border-bottom: 0px; padding-top: 0px; padding-left: 0px; border-left: 0px; margin: 0px; display: inline; padding-right: 0px\" border=\"0\" alt=\"Copie Ana&iuml;s - IMG_3002-27 juin 2015\" src=\"http:\/\/www.vanbiervliet.fr\/gilbert\/wp-content\/uploads\/2016\/07\/Copie-Ana%C3%AFs-IMG_3002-27-juin-2015_thumb.jpg\"  width=\"164\" height=\"244\"><\/a><a href=\"http:\/\/www.vanbiervliet.fr\/gilbert\/wp-content\/uploads\/2016\/07\/Copie-Ana%C3%AFs-IMG_3075-27-juin-2015.jpg\" class=\"gallery_colorbox\"><img loading=\"lazy\" decoding=\"async\" title=\"Copie Ana&iuml;s - IMG_3075-27 juin 2015\" style=\"border-top: 0px; border-right: 0px; background-image: none; border-bottom: 0px; padding-top: 0px; padding-left: 0px; border-left: 0px; margin: 0px; display: inline; padding-right: 0px\" border=\"0\" alt=\"Copie Ana&iuml;s - IMG_3075-27 juin 2015\" src=\"http:\/\/www.vanbiervliet.fr\/gilbert\/wp-content\/uploads\/2016\/07\/Copie-Ana%C3%AFs-IMG_3075-27-juin-2015_thumb.jpg\"  width=\"214\" height=\"244\"><\/a><a href=\"http:\/\/www.vanbiervliet.fr\/gilbert\/wp-content\/uploads\/2016\/07\/Copie-Ana%C3%AFs-IMG_3146-27-juin-2015.jpg\" class=\"gallery_colorbox\"><img loading=\"lazy\" decoding=\"async\" title=\"Copie Ana&iuml;s - IMG_3146-27 juin 2015\" style=\"border-top: 0px; border-right: 0px; background-image: none; border-bottom: 0px; padding-top: 0px; padding-left: 0px; border-left: 0px; display: inline; padding-right: 0px\" border=\"0\" alt=\"Copie Ana&iuml;s - IMG_3146-27 juin 2015\" src=\"http:\/\/www.vanbiervliet.fr\/gilbert\/wp-content\/uploads\/2016\/07\/Copie-Ana%C3%AFs-IMG_3146-27-juin-2015_thumb.jpg\"  width=\"164\" height=\"244\"><\/a><\/p>\n<p align=\"center\"><a href=\"http:\/\/www.vanbiervliet.fr\/gilbert\/wp-content\/uploads\/2016\/07\/Copie-Marc-IMG_2951-27-juin-2015.jpg\" class=\"gallery_colorbox\"><img loading=\"lazy\" decoding=\"async\" title=\"Copie Marc - IMG_2951-27 juin 2015\" style=\"border-top: 0px; border-right: 0px; background-image: none; border-bottom: 0px; padding-top: 0px; padding-left: 0px; border-left: 0px; margin: 0px; display: inline; padding-right: 0px\" border=\"0\" alt=\"Copie Marc - IMG_2951-27 juin 2015\" src=\"http:\/\/www.vanbiervliet.fr\/gilbert\/wp-content\/uploads\/2016\/07\/Copie-Marc-IMG_2951-27-juin-2015_thumb.jpg\"  width=\"164\" height=\"244\"><\/a><a href=\"http:\/\/www.vanbiervliet.fr\/gilbert\/wp-content\/uploads\/2016\/07\/Copie-Marc-IMG_2967-27-juin-2015.jpg\" class=\"gallery_colorbox\"><img loading=\"lazy\" decoding=\"async\" title=\"Copie Marc - IMG_2967-27 juin 2015\" style=\"border-top: 0px; border-right: 0px; background-image: none; border-bottom: 0px; padding-top: 0px; padding-left: 0px; border-left: 0px; margin: 0px; display: inline; padding-right: 0px\" border=\"0\" alt=\"Copie Marc - IMG_2967-27 juin 2015\" src=\"http:\/\/www.vanbiervliet.fr\/gilbert\/wp-content\/uploads\/2016\/07\/Copie-Marc-IMG_2967-27-juin-2015_thumb.jpg\"  width=\"164\" height=\"244\"><\/a><a href=\"http:\/\/www.vanbiervliet.fr\/gilbert\/wp-content\/uploads\/2016\/07\/Copie-Marc-IMG_3177-27-juin-2015.jpg\" class=\"gallery_colorbox\"><img loading=\"lazy\" decoding=\"async\" title=\"Copie Marc - IMG_3177-27 juin 2015\" style=\"border-top: 0px; border-right: 0px; background-image: none; border-bottom: 0px; padding-top: 0px; padding-left: 0px; border-left: 0px; margin: 0px; display: inline; padding-right: 0px\" border=\"0\" alt=\"Copie Marc - IMG_3177-27 juin 2015\" src=\"http:\/\/www.vanbiervliet.fr\/gilbert\/wp-content\/uploads\/2016\/07\/Copie-Marc-IMG_3177-27-juin-2015_thumb.jpg\"  width=\"164\" height=\"244\"><\/a><a href=\"http:\/\/www.vanbiervliet.fr\/gilbert\/wp-content\/uploads\/2016\/07\/Copie-Marc-IMG_3200-27-juin-2015.jpg\" class=\"gallery_colorbox\"><img loading=\"lazy\" decoding=\"async\" title=\"Copie Marc - IMG_3200-27 juin 2015\" style=\"border-top: 0px; border-right: 0px; background-image: none; border-bottom: 0px; padding-top: 0px; padding-left: 0px; border-left: 0px; display: inline; padding-right: 0px\" border=\"0\" alt=\"Copie Marc - IMG_3200-27 juin 2015\" src=\"http:\/\/www.vanbiervliet.fr\/gilbert\/wp-content\/uploads\/2016\/07\/Copie-Marc-IMG_3200-27-juin-2015_thumb.jpg\"  width=\"164\" height=\"244\"><\/a><\/p>\n<p>Studio ext\u00e9rieur avec Focus P\u00e9v\u00e8le le 27 juin 2015<\/p>\n","protected":false},"excerpt":{"rendered":"<p>Studio ext\u00e9rieur avec Focus P\u00e9v\u00e8le le 27 juin 2015<\/p>\n","protected":false},"author":1,"featured_media":0,"parent":570,"menu_order":0,"comment_status":"closed","ping_status":"closed","template":"","meta":{"footnotes":""},"class_list":["post-2881","page","type-page","status-publish","hentry"],"_links":{"self":[{"href":"https:\/\/www.vanbiervliet.fr\/gilbert\/index.php?rest_route=\/wp\/v2\/pages\/2881","targetHints":{"allow":["GET"]}}],"collection":[{"href":"https:\/\/www.vanbiervliet.fr\/gilbert\/index.php?rest_route=\/wp\/v2\/pages"}],"about":[{"href":"https:\/\/www.vanbiervliet.fr\/gilbert\/index.php?rest_route=\/wp\/v2\/types\/page"}],"author":[{"embeddable":true,"href":"https:\/\/www.vanbiervliet.fr\/gilbert\/index.php?rest_route=\/wp\/v2\/users\/1"}],"replies":[{"embeddable":true,"href":"https:\/\/www.vanbiervliet.fr\/gilbert\/index.php?rest_route=%2Fwp%2Fv2%2Fcomments&post=2881"}],"version-history":[{"count":3,"href":"https:\/\/www.vanbiervliet.fr\/gilbert\/index.php?rest_route=\/wp\/v2\/pages\/2881\/revisions"}],"predecessor-version":[{"id":2910,"href":"https:\/\/www.vanbiervliet.fr\/gilbert\/index.php?rest_route=\/wp\/v2\/pages\/2881\/revisions\/2910"}],"up":[{"embeddable":true,"href":"https:\/\/www.vanbiervliet.fr\/gilbert\/index.php?rest_route=\/wp\/v2\/pages\/570"}],"wp:attachment":[{"href":"https:\/\/www.vanbiervliet.fr\/gilbert\/index.php?rest_route=%2Fwp%2Fv2%2Fmedia&parent=2881"}],"curies":[{"name":"wp","href":"https:\/\/api.w.org\/{rel}","templated":true}]}}