{"id":2883,"date":"2016-07-12T13:36:00","date_gmt":"2016-07-12T12:36:00","guid":{"rendered":"http:\/\/www.vanbiervliet.fr\/gilbert\/?page_id=2883"},"modified":"2016-07-16T14:49:06","modified_gmt":"2016-07-16T13:49:06","slug":"12-pricillia-mathieu","status":"publish","type":"page","link":"https:\/\/www.vanbiervliet.fr\/gilbert\/?page_id=2883","title":{"rendered":"12 &#8211; Priscillia &amp; Mathieu"},"content":{"rendered":"<p align=\"center\"><a href=\"http:\/\/www.vanbiervliet.fr\/gilbert\/wp-content\/uploads\/2016\/07\/Copie-Pr%C3%A9scilia-253A3047-05-mars-2016.jpg\" class=\"gallery_colorbox\"><img loading=\"lazy\" decoding=\"async\" title=\"Copie Pr&eacute;scilia - 253A3047 - 05 mars 2016\" style=\"border-left-width: 0px; border-right-width: 0px; background-image: none; border-bottom-width: 0px; padding-top: 0px; padding-left: 0px; margin: 0px; display: inline; padding-right: 0px; border-top-width: 0px\" border=\"0\" alt=\"Copie Pr&eacute;scilia - 253A3047 - 05 mars 2016\" src=\"http:\/\/www.vanbiervliet.fr\/gilbert\/wp-content\/uploads\/2016\/07\/Copie-Pr%C3%A9scilia-253A3047-05-mars-2016_thumb.jpg\"  width=\"164\" height=\"244\"><\/a><a href=\"http:\/\/www.vanbiervliet.fr\/gilbert\/wp-content\/uploads\/2016\/07\/Copie-Pr%C3%A9scilia-253A3079-05-mars-2016.jpg\" class=\"gallery_colorbox\"><img loading=\"lazy\" decoding=\"async\" title=\"Copie Pr&eacute;scilia - 253A3079 - 05 mars 2016\" style=\"border-left-width: 0px; border-right-width: 0px; background-image: none; border-bottom-width: 0px; padding-top: 0px; padding-left: 0px; display: inline; padding-right: 0px; border-top-width: 0px\" border=\"0\" alt=\"Copie Pr&eacute;scilia - 253A3079 - 05 mars 2016\" src=\"http:\/\/www.vanbiervliet.fr\/gilbert\/wp-content\/uploads\/2016\/07\/Copie-Pr%C3%A9scilia-253A3079-05-mars-2016_thumb.jpg\"  width=\"164\" height=\"244\"><\/a><\/p>\n<p align=\"center\"><a href=\"http:\/\/www.vanbiervliet.fr\/gilbert\/wp-content\/uploads\/2016\/07\/Copie-Matthieu-253A3135-05-mars-2016.jpg\" class=\"gallery_colorbox\"><img loading=\"lazy\" decoding=\"async\" title=\"Copie Matthieu - 253A3135 - 05 mars 2016\" style=\"border-left-width: 0px; border-right-width: 0px; background-image: none; border-bottom-width: 0px; padding-top: 0px; padding-left: 0px; margin: 0px; display: inline; padding-right: 0px; border-top-width: 0px\" border=\"0\" alt=\"Copie Matthieu - 253A3135 - 05 mars 2016\" src=\"http:\/\/www.vanbiervliet.fr\/gilbert\/wp-content\/uploads\/2016\/07\/Copie-Matthieu-253A3135-05-mars-2016_thumb.jpg\"  width=\"164\" height=\"244\"><\/a><a href=\"http:\/\/www.vanbiervliet.fr\/gilbert\/wp-content\/uploads\/2016\/07\/Copie-Matthieu-253A3151-05-mars-2016.jpg\" class=\"gallery_colorbox\"><img loading=\"lazy\" decoding=\"async\" title=\"Copie Matthieu - 253A3151 - 05 mars 2016\" style=\"border-left-width: 0px; border-right-width: 0px; background-image: none; border-bottom-width: 0px; padding-top: 0px; padding-left: 0px; display: inline; padding-right: 0px; border-top-width: 0px\" border=\"0\" alt=\"Copie Matthieu - 253A3151 - 05 mars 2016\" src=\"http:\/\/www.vanbiervliet.fr\/gilbert\/wp-content\/uploads\/2016\/07\/Copie-Matthieu-253A3151-05-mars-2016_thumb.jpg\"  width=\"164\" height=\"244\"><\/a><\/p>\n<p align=\"left\">Studio ext\u00e9rieur avec Focus P\u00e9v\u00e8le le 5 mars 2016<\/p>\n","protected":false},"excerpt":{"rendered":"<p>Studio ext\u00e9rieur avec Focus P\u00e9v\u00e8le le 5 mars 2016<\/p>\n","protected":false},"author":1,"featured_media":0,"parent":570,"menu_order":0,"comment_status":"closed","ping_status":"closed","template":"","meta":{"footnotes":""},"class_list":["post-2883","page","type-page","status-publish","hentry"],"_links":{"self":[{"href":"https:\/\/www.vanbiervliet.fr\/gilbert\/index.php?rest_route=\/wp\/v2\/pages\/2883","targetHints":{"allow":["GET"]}}],"collection":[{"href":"https:\/\/www.vanbiervliet.fr\/gilbert\/index.php?rest_route=\/wp\/v2\/pages"}],"about":[{"href":"https:\/\/www.vanbiervliet.fr\/gilbert\/index.php?rest_route=\/wp\/v2\/types\/page"}],"author":[{"embeddable":true,"href":"https:\/\/www.vanbiervliet.fr\/gilbert\/index.php?rest_route=\/wp\/v2\/users\/1"}],"replies":[{"embeddable":true,"href":"https:\/\/www.vanbiervliet.fr\/gilbert\/index.php?rest_route=%2Fwp%2Fv2%2Fcomments&post=2883"}],"version-history":[{"count":4,"href":"https:\/\/www.vanbiervliet.fr\/gilbert\/index.php?rest_route=\/wp\/v2\/pages\/2883\/revisions"}],"predecessor-version":[{"id":3035,"href":"https:\/\/www.vanbiervliet.fr\/gilbert\/index.php?rest_route=\/wp\/v2\/pages\/2883\/revisions\/3035"}],"up":[{"embeddable":true,"href":"https:\/\/www.vanbiervliet.fr\/gilbert\/index.php?rest_route=\/wp\/v2\/pages\/570"}],"wp:attachment":[{"href":"https:\/\/www.vanbiervliet.fr\/gilbert\/index.php?rest_route=%2Fwp%2Fv2%2Fmedia&parent=2883"}],"curies":[{"name":"wp","href":"https:\/\/api.w.org\/{rel}","templated":true}]}}