{"id":2885,"date":"2016-07-12T13:36:27","date_gmt":"2016-07-12T12:36:27","guid":{"rendered":"http:\/\/www.vanbiervliet.fr\/gilbert\/?page_id=2885"},"modified":"2016-07-12T13:51:01","modified_gmt":"2016-07-12T12:51:01","slug":"13-ophelie-julien","status":"publish","type":"page","link":"https:\/\/www.vanbiervliet.fr\/gilbert\/?page_id=2885","title":{"rendered":"13 &#8211; Oph&eacute;lie &amp; Julien"},"content":{"rendered":"<p align=\"center\"><a href=\"http:\/\/www.vanbiervliet.fr\/gilbert\/wp-content\/uploads\/2016\/07\/Copie-Oph%C3%A9lie-253A3893-26-mars-2016.jpg\" class=\"gallery_colorbox\"><img loading=\"lazy\" decoding=\"async\" title=\"Copie Oph&eacute;lie - 253A3893 - 26 mars 2016\" style=\"border-top: 0px; border-right: 0px; background-image: none; border-bottom: 0px; padding-top: 0px; padding-left: 0px; border-left: 0px; margin: 0px; display: inline; padding-right: 0px\" border=\"0\" alt=\"Copie Oph&eacute;lie - 253A3893 - 26 mars 2016\" src=\"http:\/\/www.vanbiervliet.fr\/gilbert\/wp-content\/uploads\/2016\/07\/Copie-Oph%C3%A9lie-253A3893-26-mars-2016_thumb.jpg\"  width=\"164\" height=\"244\"><\/a><a href=\"http:\/\/www.vanbiervliet.fr\/gilbert\/wp-content\/uploads\/2016\/07\/Copie-Oph%C3%A9lie-253A3902-26-mars-2016.jpg\" class=\"gallery_colorbox\"><img loading=\"lazy\" decoding=\"async\" title=\"Copie Oph&eacute;lie - 253A3902 - 26 mars 2016\" style=\"border-top: 0px; border-right: 0px; background-image: none; border-bottom: 0px; padding-top: 0px; padding-left: 0px; border-left: 0px; display: inline; padding-right: 0px\" border=\"0\" alt=\"Copie Oph&eacute;lie - 253A3902 - 26 mars 2016\" src=\"http:\/\/www.vanbiervliet.fr\/gilbert\/wp-content\/uploads\/2016\/07\/Copie-Oph%C3%A9lie-253A3902-26-mars-2016_thumb.jpg\"  width=\"164\" height=\"244\"><\/a><\/p>\n<p align=\"center\"><a href=\"http:\/\/www.vanbiervliet.fr\/gilbert\/wp-content\/uploads\/2016\/07\/Copie-Julien-253A3814-26-mars-2016.jpg\" class=\"gallery_colorbox\"><img loading=\"lazy\" decoding=\"async\" title=\"Copie Julien - 253A3814 - 26 mars 2016\" style=\"border-top: 0px; border-right: 0px; background-image: none; border-bottom: 0px; padding-top: 0px; padding-left: 0px; border-left: 0px; margin: 0px; display: inline; padding-right: 0px\" border=\"0\" alt=\"Copie Julien - 253A3814 - 26 mars 2016\" src=\"http:\/\/www.vanbiervliet.fr\/gilbert\/wp-content\/uploads\/2016\/07\/Copie-Julien-253A3814-26-mars-2016_thumb.jpg\"  width=\"164\" height=\"244\"><\/a><a href=\"http:\/\/www.vanbiervliet.fr\/gilbert\/wp-content\/uploads\/2016\/07\/Copie-Julien-253A3825-26-mars-2016.jpg\" class=\"gallery_colorbox\"><img loading=\"lazy\" decoding=\"async\" title=\"Copie Julien - 253A3825 - 26 mars 2016\" style=\"border-top: 0px; border-right: 0px; background-image: none; border-bottom: 0px; padding-top: 0px; padding-left: 0px; border-left: 0px; display: inline; padding-right: 0px\" border=\"0\" alt=\"Copie Julien - 253A3825 - 26 mars 2016\" src=\"http:\/\/www.vanbiervliet.fr\/gilbert\/wp-content\/uploads\/2016\/07\/Copie-Julien-253A3825-26-mars-2016_thumb.jpg\"  width=\"164\" height=\"244\"><\/a><\/p>\n<p align=\"center\"><a href=\"http:\/\/www.vanbiervliet.fr\/gilbert\/wp-content\/uploads\/2016\/07\/Copie-Oph%C3%A9lie-Julien-253A3917-26-mars-2016.jpg\" class=\"gallery_colorbox\"><img loading=\"lazy\" decoding=\"async\" title=\"Copie Oph&eacute;lie &amp; Julien - 253A3917 - 26 mars 2016\" style=\"border-top: 0px; border-right: 0px; background-image: none; border-bottom: 0px; padding-top: 0px; padding-left: 0px; border-left: 0px; margin: 0px; display: inline; padding-right: 0px\" border=\"0\" alt=\"Copie Oph&eacute;lie &amp; Julien - 253A3917 - 26 mars 2016\" src=\"http:\/\/www.vanbiervliet.fr\/gilbert\/wp-content\/uploads\/2016\/07\/Copie-Oph%C3%A9lie-Julien-253A3917-26-mars-2016_thumb.jpg\"  width=\"244\" height=\"164\"><\/a><a href=\"http:\/\/www.vanbiervliet.fr\/gilbert\/wp-content\/uploads\/2016\/07\/Copie-Oph%C3%A9lie-Julien-253A3925-26-mars-2016.jpg\" class=\"gallery_colorbox\"><img loading=\"lazy\" decoding=\"async\" title=\"Copie Oph&eacute;lie &amp; Julien - 253A3925 - 26 mars 2016\" style=\"border-top: 0px; border-right: 0px; background-image: none; border-bottom: 0px; padding-top: 0px; padding-left: 0px; border-left: 0px; display: inline; padding-right: 0px\" border=\"0\" alt=\"Copie Oph&eacute;lie &amp; Julien - 253A3925 - 26 mars 2016\" src=\"http:\/\/www.vanbiervliet.fr\/gilbert\/wp-content\/uploads\/2016\/07\/Copie-Oph%C3%A9lie-Julien-253A3925-26-mars-2016_thumb.jpg\"  width=\"244\" height=\"164\"><\/a><\/p>\n<p>Studio Ext\u00e9rieur avec Focus P\u00e9v\u00e8le le 26 mars 2016<\/p>\n","protected":false},"excerpt":{"rendered":"<p>Studio Ext\u00e9rieur avec Focus P\u00e9v\u00e8le le 26 mars 2016<\/p>\n","protected":false},"author":1,"featured_media":0,"parent":570,"menu_order":0,"comment_status":"closed","ping_status":"closed","template":"","meta":{"footnotes":""},"class_list":["post-2885","page","type-page","status-publish","hentry"],"_links":{"self":[{"href":"https:\/\/www.vanbiervliet.fr\/gilbert\/index.php?rest_route=\/wp\/v2\/pages\/2885","targetHints":{"allow":["GET"]}}],"collection":[{"href":"https:\/\/www.vanbiervliet.fr\/gilbert\/index.php?rest_route=\/wp\/v2\/pages"}],"about":[{"href":"https:\/\/www.vanbiervliet.fr\/gilbert\/index.php?rest_route=\/wp\/v2\/types\/page"}],"author":[{"embeddable":true,"href":"https:\/\/www.vanbiervliet.fr\/gilbert\/index.php?rest_route=\/wp\/v2\/users\/1"}],"replies":[{"embeddable":true,"href":"https:\/\/www.vanbiervliet.fr\/gilbert\/index.php?rest_route=%2Fwp%2Fv2%2Fcomments&post=2885"}],"version-history":[{"count":2,"href":"https:\/\/www.vanbiervliet.fr\/gilbert\/index.php?rest_route=\/wp\/v2\/pages\/2885\/revisions"}],"predecessor-version":[{"id":2933,"href":"https:\/\/www.vanbiervliet.fr\/gilbert\/index.php?rest_route=\/wp\/v2\/pages\/2885\/revisions\/2933"}],"up":[{"embeddable":true,"href":"https:\/\/www.vanbiervliet.fr\/gilbert\/index.php?rest_route=\/wp\/v2\/pages\/570"}],"wp:attachment":[{"href":"https:\/\/www.vanbiervliet.fr\/gilbert\/index.php?rest_route=%2Fwp%2Fv2%2Fmedia&parent=2885"}],"curies":[{"name":"wp","href":"https:\/\/api.w.org\/{rel}","templated":true}]}}