{"id":2887,"date":"2016-07-12T13:36:51","date_gmt":"2016-07-12T12:36:51","guid":{"rendered":"http:\/\/www.vanbiervliet.fr\/gilbert\/?page_id=2887"},"modified":"2016-07-12T13:53:58","modified_gmt":"2016-07-12T12:53:58","slug":"14-claire-lucie","status":"publish","type":"page","link":"https:\/\/www.vanbiervliet.fr\/gilbert\/?page_id=2887","title":{"rendered":"14 &#8211; Claire &amp; Lucie"},"content":{"rendered":"<p align=\"center\"><a href=\"http:\/\/www.vanbiervliet.fr\/gilbert\/wp-content\/uploads\/2016\/07\/Copie-Claire-253A0991-07-mai-2016.jpg\" class=\"gallery_colorbox\"><img loading=\"lazy\" decoding=\"async\" title=\"Copie Claire - 253A0991 - 07 mai 2016\" style=\"border-top: 0px; border-right: 0px; background-image: none; border-bottom: 0px; padding-top: 0px; padding-left: 0px; border-left: 0px; margin: 0px; display: inline; padding-right: 0px\" border=\"0\" alt=\"Copie Claire - 253A0991 - 07 mai 2016\" src=\"http:\/\/www.vanbiervliet.fr\/gilbert\/wp-content\/uploads\/2016\/07\/Copie-Claire-253A0991-07-mai-2016_thumb.jpg\"  width=\"164\" height=\"244\"><\/a><a href=\"http:\/\/www.vanbiervliet.fr\/gilbert\/wp-content\/uploads\/2016\/07\/Copie-Claire-253A0993-07-mai-2016.jpg\" class=\"gallery_colorbox\"><img loading=\"lazy\" decoding=\"async\" title=\"Copie Claire - 253A0993 - 07 mai 2016\" style=\"border-top: 0px; border-right: 0px; background-image: none; border-bottom: 0px; padding-top: 0px; padding-left: 0px; border-left: 0px; display: inline; padding-right: 0px\" border=\"0\" alt=\"Copie Claire - 253A0993 - 07 mai 2016\" src=\"http:\/\/www.vanbiervliet.fr\/gilbert\/wp-content\/uploads\/2016\/07\/Copie-Claire-253A0993-07-mai-2016_thumb.jpg\"  width=\"164\" height=\"244\"><\/a><\/p>\n<p align=\"center\"><a href=\"http:\/\/www.vanbiervliet.fr\/gilbert\/wp-content\/uploads\/2016\/07\/Copie-Lucie-253A0876-07-mai-2016.jpg\" class=\"gallery_colorbox\"><img loading=\"lazy\" decoding=\"async\" title=\"Copie Lucie - 253A0876 - 07 mai 2016\" style=\"border-top: 0px; border-right: 0px; background-image: none; border-bottom: 0px; padding-top: 0px; padding-left: 0px; border-left: 0px; margin: 0px; display: inline; padding-right: 0px\" border=\"0\" alt=\"Copie Lucie - 253A0876 - 07 mai 2016\" src=\"http:\/\/www.vanbiervliet.fr\/gilbert\/wp-content\/uploads\/2016\/07\/Copie-Lucie-253A0876-07-mai-2016_thumb.jpg\"  width=\"244\" height=\"164\"><\/a><a href=\"http:\/\/www.vanbiervliet.fr\/gilbert\/wp-content\/uploads\/2016\/07\/Copie-Lucie-253A0954-07-mai-2016.jpg\" class=\"gallery_colorbox\"><img loading=\"lazy\" decoding=\"async\" title=\"Copie Lucie - 253A0954 - 07 mai 2016\" style=\"border-top: 0px; border-right: 0px; background-image: none; border-bottom: 0px; padding-top: 0px; padding-left: 0px; border-left: 0px; margin: 0px; display: inline; padding-right: 0px\" border=\"0\" alt=\"Copie Lucie - 253A0954 - 07 mai 2016\" src=\"http:\/\/www.vanbiervliet.fr\/gilbert\/wp-content\/uploads\/2016\/07\/Copie-Lucie-253A0954-07-mai-2016_thumb.jpg\"  width=\"164\" height=\"244\"><\/a><\/p>\n<p align=\"center\"><a href=\"http:\/\/www.vanbiervliet.fr\/gilbert\/wp-content\/uploads\/2016\/07\/Copie-Lucie-253A0971-07-mai-2016.jpg\" class=\"gallery_colorbox\"><img loading=\"lazy\" decoding=\"async\" title=\"Copie Lucie - 253A0971 - 07 mai 2016\" style=\"border-top: 0px; border-right: 0px; background-image: none; border-bottom: 0px; padding-top: 0px; padding-left: 0px; border-left: 0px; margin: 0px; display: inline; padding-right: 0px\" border=\"0\" alt=\"Copie Lucie - 253A0971 - 07 mai 2016\" src=\"http:\/\/www.vanbiervliet.fr\/gilbert\/wp-content\/uploads\/2016\/07\/Copie-Lucie-253A0971-07-mai-2016_thumb.jpg\"  width=\"164\" height=\"244\"><\/a><a href=\"http:\/\/www.vanbiervliet.fr\/gilbert\/wp-content\/uploads\/2016\/07\/Copie-Tryptique-Lucie.jpg\" class=\"gallery_colorbox\"><img loading=\"lazy\" decoding=\"async\" title=\"Copie Tryptique Lucie\" style=\"border-top: 0px; border-right: 0px; background-image: none; border-bottom: 0px; padding-top: 0px; padding-left: 0px; border-left: 0px; display: inline; padding-right: 0px\" border=\"0\" alt=\"Copie Tryptique Lucie\" src=\"http:\/\/www.vanbiervliet.fr\/gilbert\/wp-content\/uploads\/2016\/07\/Copie-Tryptique-Lucie_thumb.jpg\"  width=\"244\" height=\"164\"><\/a><\/p>\n<p>Studio ext\u00e9rieur avec Focus P\u00e9v\u00e8le le 7 mai 2016<\/p>\n","protected":false},"excerpt":{"rendered":"<p>Studio ext\u00e9rieur avec Focus P\u00e9v\u00e8le le 7 mai 2016<\/p>\n","protected":false},"author":1,"featured_media":0,"parent":570,"menu_order":0,"comment_status":"closed","ping_status":"closed","template":"","meta":{"footnotes":""},"class_list":["post-2887","page","type-page","status-publish","hentry"],"_links":{"self":[{"href":"https:\/\/www.vanbiervliet.fr\/gilbert\/index.php?rest_route=\/wp\/v2\/pages\/2887","targetHints":{"allow":["GET"]}}],"collection":[{"href":"https:\/\/www.vanbiervliet.fr\/gilbert\/index.php?rest_route=\/wp\/v2\/pages"}],"about":[{"href":"https:\/\/www.vanbiervliet.fr\/gilbert\/index.php?rest_route=\/wp\/v2\/types\/page"}],"author":[{"embeddable":true,"href":"https:\/\/www.vanbiervliet.fr\/gilbert\/index.php?rest_route=\/wp\/v2\/users\/1"}],"replies":[{"embeddable":true,"href":"https:\/\/www.vanbiervliet.fr\/gilbert\/index.php?rest_route=%2Fwp%2Fv2%2Fcomments&post=2887"}],"version-history":[{"count":2,"href":"https:\/\/www.vanbiervliet.fr\/gilbert\/index.php?rest_route=\/wp\/v2\/pages\/2887\/revisions"}],"predecessor-version":[{"id":2946,"href":"https:\/\/www.vanbiervliet.fr\/gilbert\/index.php?rest_route=\/wp\/v2\/pages\/2887\/revisions\/2946"}],"up":[{"embeddable":true,"href":"https:\/\/www.vanbiervliet.fr\/gilbert\/index.php?rest_route=\/wp\/v2\/pages\/570"}],"wp:attachment":[{"href":"https:\/\/www.vanbiervliet.fr\/gilbert\/index.php?rest_route=%2Fwp%2Fv2%2Fmedia&parent=2887"}],"curies":[{"name":"wp","href":"https:\/\/api.w.org\/{rel}","templated":true}]}}