{"id":2889,"date":"2016-07-12T13:37:24","date_gmt":"2016-07-12T12:37:24","guid":{"rendered":"http:\/\/www.vanbiervliet.fr\/gilbert\/?page_id=2889"},"modified":"2016-07-12T13:58:12","modified_gmt":"2016-07-12T12:58:12","slug":"15-berenice-pauline","status":"publish","type":"page","link":"https:\/\/www.vanbiervliet.fr\/gilbert\/?page_id=2889","title":{"rendered":"15 &#8211; B&eacute;r&eacute;nice &amp; Pauline"},"content":{"rendered":"<p align=\"center\"><a href=\"http:\/\/www.vanbiervliet.fr\/gilbert\/wp-content\/uploads\/2016\/07\/Copie-B%C3%A9r%C3%A9nice-253A2113-11-juin-2016.jpg\" class=\"gallery_colorbox\"><img loading=\"lazy\" decoding=\"async\" title=\"Copie B&eacute;r&eacute;nice - 253A2113 - 11 juin 2016\" style=\"border-top: 0px; border-right: 0px; background-image: none; border-bottom: 0px; padding-top: 0px; padding-left: 0px; border-left: 0px; margin: 0px; display: inline; padding-right: 0px\" border=\"0\" alt=\"Copie B&eacute;r&eacute;nice - 253A2113 - 11 juin 2016\" src=\"http:\/\/www.vanbiervliet.fr\/gilbert\/wp-content\/uploads\/2016\/07\/Copie-B%C3%A9r%C3%A9nice-253A2113-11-juin-2016_thumb.jpg\"  width=\"164\" height=\"244\"><\/a><a href=\"http:\/\/www.vanbiervliet.fr\/gilbert\/wp-content\/uploads\/2016\/07\/Copie-B%C3%A9r%C3%A9nice-253A2154-11-juin-2016.jpg\" class=\"gallery_colorbox\"><img loading=\"lazy\" decoding=\"async\" title=\"Copie B&eacute;r&eacute;nice - 253A2154 - 11 juin 2016\" style=\"border-top: 0px; border-right: 0px; background-image: none; border-bottom: 0px; padding-top: 0px; padding-left: 0px; border-left: 0px; margin: 0px; display: inline; padding-right: 0px\" border=\"0\" alt=\"Copie B&eacute;r&eacute;nice - 253A2154 - 11 juin 2016\" src=\"http:\/\/www.vanbiervliet.fr\/gilbert\/wp-content\/uploads\/2016\/07\/Copie-B%C3%A9r%C3%A9nice-253A2154-11-juin-2016_thumb.jpg\"  width=\"164\" height=\"244\"><\/a><\/p>\n<p align=\"center\"><a href=\"http:\/\/www.vanbiervliet.fr\/gilbert\/wp-content\/uploads\/2016\/07\/Copie-B%C3%A9r%C3%A9nice-253A2170-11-juin-2016.jpg\" class=\"gallery_colorbox\"><img loading=\"lazy\" decoding=\"async\" title=\"Copie B&eacute;r&eacute;nice - 253A2170 - 11 juin 2016\" style=\"border-top: 0px; border-right: 0px; background-image: none; border-bottom: 0px; padding-top: 0px; padding-left: 0px; border-left: 0px; margin: 0px; display: inline; padding-right: 0px\" border=\"0\" alt=\"Copie B&eacute;r&eacute;nice - 253A2170 - 11 juin 2016\" src=\"http:\/\/www.vanbiervliet.fr\/gilbert\/wp-content\/uploads\/2016\/07\/Copie-B%C3%A9r%C3%A9nice-253A2170-11-juin-2016_thumb.jpg\"  width=\"244\" height=\"164\"><\/a><a href=\"http:\/\/www.vanbiervliet.fr\/gilbert\/wp-content\/uploads\/2016\/07\/Copie-B%C3%A9r%C3%A9nice-253A2185-11-juin-2016.jpg\" class=\"gallery_colorbox\"><img loading=\"lazy\" decoding=\"async\" title=\"Copie B&eacute;r&eacute;nice - 253A2185 - 11 juin 2016\" style=\"border-top: 0px; border-right: 0px; background-image: none; border-bottom: 0px; padding-top: 0px; padding-left: 0px; border-left: 0px; display: inline; padding-right: 0px\" border=\"0\" alt=\"Copie B&eacute;r&eacute;nice - 253A2185 - 11 juin 2016\" src=\"http:\/\/www.vanbiervliet.fr\/gilbert\/wp-content\/uploads\/2016\/07\/Copie-B%C3%A9r%C3%A9nice-253A2185-11-juin-2016_thumb.jpg\"  width=\"244\" height=\"164\"><\/a><\/p>\n<p align=\"center\"><a href=\"http:\/\/www.vanbiervliet.fr\/gilbert\/wp-content\/uploads\/2016\/07\/Copie-Pauline-253A2001-11-juin-2016.jpg\" class=\"gallery_colorbox\"><img loading=\"lazy\" decoding=\"async\" title=\"Copie Pauline - 253A2001 - 11 juin 2016\" style=\"border-top: 0px; border-right: 0px; background-image: none; border-bottom: 0px; padding-top: 0px; padding-left: 0px; border-left: 0px; margin: 0px; display: inline; padding-right: 0px\" border=\"0\" alt=\"Copie Pauline - 253A2001 - 11 juin 2016\" src=\"http:\/\/www.vanbiervliet.fr\/gilbert\/wp-content\/uploads\/2016\/07\/Copie-Pauline-253A2001-11-juin-2016_thumb.jpg\"  width=\"244\" height=\"164\"><\/a><a href=\"http:\/\/www.vanbiervliet.fr\/gilbert\/wp-content\/uploads\/2016\/07\/Copie-Pauline-253A2030-11-juin-2016.jpg\" class=\"gallery_colorbox\"><img loading=\"lazy\" decoding=\"async\" title=\"Copie Pauline - 253A2030 - 11 juin 2016\" style=\"border-top: 0px; border-right: 0px; background-image: none; border-bottom: 0px; padding-top: 0px; padding-left: 0px; border-left: 0px; margin: 0px; display: inline; padding-right: 0px\" border=\"0\" alt=\"Copie Pauline - 253A2030 - 11 juin 2016\" src=\"http:\/\/www.vanbiervliet.fr\/gilbert\/wp-content\/uploads\/2016\/07\/Copie-Pauline-253A2030-11-juin-2016_thumb.jpg\"  width=\"164\" height=\"244\"><\/a><\/p>\n<p align=\"center\"><a href=\"http:\/\/www.vanbiervliet.fr\/gilbert\/wp-content\/uploads\/2016\/07\/Copie-Pauline-253A2052-11-juin-2016.jpg\" class=\"gallery_colorbox\"><img loading=\"lazy\" decoding=\"async\" title=\"Copie Pauline - 253A2052 - 11 juin 2016\" style=\"border-top: 0px; border-right: 0px; background-image: none; border-bottom: 0px; padding-top: 0px; padding-left: 0px; border-left: 0px; margin: 0px; display: inline; padding-right: 0px\" border=\"0\" alt=\"Copie Pauline - 253A2052 - 11 juin 2016\" src=\"http:\/\/www.vanbiervliet.fr\/gilbert\/wp-content\/uploads\/2016\/07\/Copie-Pauline-253A2052-11-juin-2016_thumb.jpg\"  width=\"164\" height=\"244\"><\/a><a href=\"http:\/\/www.vanbiervliet.fr\/gilbert\/wp-content\/uploads\/2016\/07\/Copie-Pauline-253A2066-11-juin-2016.jpg\" class=\"gallery_colorbox\"><img loading=\"lazy\" decoding=\"async\" title=\"Copie Pauline - 253A2066 - 11 juin 2016\" style=\"border-top: 0px; border-right: 0px; background-image: none; border-bottom: 0px; padding-top: 0px; padding-left: 0px; border-left: 0px; display: inline; padding-right: 0px\" border=\"0\" alt=\"Copie Pauline - 253A2066 - 11 juin 2016\" src=\"http:\/\/www.vanbiervliet.fr\/gilbert\/wp-content\/uploads\/2016\/07\/Copie-Pauline-253A2066-11-juin-2016_thumb.jpg\"  width=\"244\" height=\"164\"><\/a><\/p>\n<p>Studio ext\u00e9rieur avec Focus P\u00e9v\u00e8le le 11 juin 2016<\/p>\n","protected":false},"excerpt":{"rendered":"<p>Studio ext\u00e9rieur avec Focus P\u00e9v\u00e8le le 11 juin 2016<\/p>\n","protected":false},"author":1,"featured_media":0,"parent":570,"menu_order":0,"comment_status":"closed","ping_status":"closed","template":"","meta":{"footnotes":""},"class_list":["post-2889","page","type-page","status-publish","hentry"],"_links":{"self":[{"href":"https:\/\/www.vanbiervliet.fr\/gilbert\/index.php?rest_route=\/wp\/v2\/pages\/2889","targetHints":{"allow":["GET"]}}],"collection":[{"href":"https:\/\/www.vanbiervliet.fr\/gilbert\/index.php?rest_route=\/wp\/v2\/pages"}],"about":[{"href":"https:\/\/www.vanbiervliet.fr\/gilbert\/index.php?rest_route=\/wp\/v2\/types\/page"}],"author":[{"embeddable":true,"href":"https:\/\/www.vanbiervliet.fr\/gilbert\/index.php?rest_route=\/wp\/v2\/users\/1"}],"replies":[{"embeddable":true,"href":"https:\/\/www.vanbiervliet.fr\/gilbert\/index.php?rest_route=%2Fwp%2Fv2%2Fcomments&post=2889"}],"version-history":[{"count":2,"href":"https:\/\/www.vanbiervliet.fr\/gilbert\/index.php?rest_route=\/wp\/v2\/pages\/2889\/revisions"}],"predecessor-version":[{"id":2963,"href":"https:\/\/www.vanbiervliet.fr\/gilbert\/index.php?rest_route=\/wp\/v2\/pages\/2889\/revisions\/2963"}],"up":[{"embeddable":true,"href":"https:\/\/www.vanbiervliet.fr\/gilbert\/index.php?rest_route=\/wp\/v2\/pages\/570"}],"wp:attachment":[{"href":"https:\/\/www.vanbiervliet.fr\/gilbert\/index.php?rest_route=%2Fwp%2Fv2%2Fmedia&parent=2889"}],"curies":[{"name":"wp","href":"https:\/\/api.w.org\/{rel}","templated":true}]}}