{"id":3400,"date":"2021-02-17T17:20:09","date_gmt":"2021-02-17T16:20:09","guid":{"rendered":"https:\/\/www.vanbiervliet.fr\/gilbert\/?page_id=3400"},"modified":"2021-02-17T17:25:12","modified_gmt":"2021-02-17T16:25:12","slug":"2021-priscillia","status":"publish","type":"page","link":"https:\/\/www.vanbiervliet.fr\/gilbert\/?page_id=3400","title":{"rendered":"2021-Priscillia"},"content":{"rendered":"\n<figure class=\"wp-block-gallery columns-3 is-cropped wp-block-gallery-1 is-layout-flex wp-block-gallery-is-layout-flex\"><ul class=\"blocks-gallery-grid\"><li class=\"blocks-gallery-item\"><figure><a href=\"https:\/\/www.vanbiervliet.fr\/gilbert\/wp-content\/uploads\/2021\/02\/Priscillia-253A1631-14-fe\u0301vrier-2021-scaled.jpg\" class=\"gallery_colorbox\"><img loading=\"lazy\" decoding=\"async\" width=\"683\" height=\"1024\" src=\"https:\/\/www.vanbiervliet.fr\/gilbert\/wp-content\/uploads\/2021\/02\/Priscillia-253A1631-14-fe\u0301vrier-2021-683x1024.jpg\"  alt=\"\" data-id=\"3401\" data-full-url=\"https:\/\/www.vanbiervliet.fr\/gilbert\/wp-content\/uploads\/2021\/02\/Priscillia-253A1631-14-fe\u0301vrier-2021-scaled.jpg\" data-link=\"https:\/\/www.vanbiervliet.fr\/gilbert\/?attachment_id=3401\" class=\"wp-image-3401\" srcset=\"https:\/\/www.vanbiervliet.fr\/gilbert\/wp-content\/uploads\/2021\/02\/Priscillia-253A1631-14-fe\u0301vrier-2021-683x1024.jpg 683w, https:\/\/www.vanbiervliet.fr\/gilbert\/wp-content\/uploads\/2021\/02\/Priscillia-253A1631-14-fe\u0301vrier-2021-200x300.jpg 200w, https:\/\/www.vanbiervliet.fr\/gilbert\/wp-content\/uploads\/2021\/02\/Priscillia-253A1631-14-fe\u0301vrier-2021-768x1152.jpg 768w, https:\/\/www.vanbiervliet.fr\/gilbert\/wp-content\/uploads\/2021\/02\/Priscillia-253A1631-14-fe\u0301vrier-2021-1024x1536.jpg 1024w, https:\/\/www.vanbiervliet.fr\/gilbert\/wp-content\/uploads\/2021\/02\/Priscillia-253A1631-14-fe\u0301vrier-2021-1365x2048.jpg 1365w, https:\/\/www.vanbiervliet.fr\/gilbert\/wp-content\/uploads\/2021\/02\/Priscillia-253A1631-14-fe\u0301vrier-2021-scaled.jpg 1707w\" sizes=\"auto, (max-width: 683px) 100vw, 683px\" \/><\/a><\/figure><\/li><li class=\"blocks-gallery-item\"><figure><a href=\"https:\/\/www.vanbiervliet.fr\/gilbert\/wp-content\/uploads\/2021\/02\/Priscillia-253A1649-14-fe\u0301vrier-2021-scaled.jpg\" class=\"gallery_colorbox\"><img loading=\"lazy\" decoding=\"async\" width=\"683\" height=\"1024\" src=\"https:\/\/www.vanbiervliet.fr\/gilbert\/wp-content\/uploads\/2021\/02\/Priscillia-253A1649-14-fe\u0301vrier-2021-683x1024.jpg\"  alt=\"\" data-id=\"3402\" data-full-url=\"https:\/\/www.vanbiervliet.fr\/gilbert\/wp-content\/uploads\/2021\/02\/Priscillia-253A1649-14-fe\u0301vrier-2021-scaled.jpg\" data-link=\"https:\/\/www.vanbiervliet.fr\/gilbert\/?attachment_id=3402\" class=\"wp-image-3402\" srcset=\"https:\/\/www.vanbiervliet.fr\/gilbert\/wp-content\/uploads\/2021\/02\/Priscillia-253A1649-14-fe\u0301vrier-2021-683x1024.jpg 683w, https:\/\/www.vanbiervliet.fr\/gilbert\/wp-content\/uploads\/2021\/02\/Priscillia-253A1649-14-fe\u0301vrier-2021-200x300.jpg 200w, https:\/\/www.vanbiervliet.fr\/gilbert\/wp-content\/uploads\/2021\/02\/Priscillia-253A1649-14-fe\u0301vrier-2021-768x1152.jpg 768w, https:\/\/www.vanbiervliet.fr\/gilbert\/wp-content\/uploads\/2021\/02\/Priscillia-253A1649-14-fe\u0301vrier-2021-1024x1536.jpg 1024w, https:\/\/www.vanbiervliet.fr\/gilbert\/wp-content\/uploads\/2021\/02\/Priscillia-253A1649-14-fe\u0301vrier-2021-1365x2048.jpg 1365w, https:\/\/www.vanbiervliet.fr\/gilbert\/wp-content\/uploads\/2021\/02\/Priscillia-253A1649-14-fe\u0301vrier-2021-scaled.jpg 1707w\" sizes=\"auto, (max-width: 683px) 100vw, 683px\" \/><\/a><\/figure><\/li><li class=\"blocks-gallery-item\"><figure><a href=\"https:\/\/www.vanbiervliet.fr\/gilbert\/wp-content\/uploads\/2021\/02\/Priscillia-253A1672-14-fe\u0301vrier-2021-scaled.jpg\" class=\"gallery_colorbox\"><img loading=\"lazy\" decoding=\"async\" width=\"683\" height=\"1024\" src=\"https:\/\/www.vanbiervliet.fr\/gilbert\/wp-content\/uploads\/2021\/02\/Priscillia-253A1672-14-fe\u0301vrier-2021-683x1024.jpg\"  alt=\"\" data-id=\"3403\" data-full-url=\"https:\/\/www.vanbiervliet.fr\/gilbert\/wp-content\/uploads\/2021\/02\/Priscillia-253A1672-14-fe\u0301vrier-2021-scaled.jpg\" data-link=\"https:\/\/www.vanbiervliet.fr\/gilbert\/?attachment_id=3403\" class=\"wp-image-3403\" srcset=\"https:\/\/www.vanbiervliet.fr\/gilbert\/wp-content\/uploads\/2021\/02\/Priscillia-253A1672-14-fe\u0301vrier-2021-683x1024.jpg 683w, https:\/\/www.vanbiervliet.fr\/gilbert\/wp-content\/uploads\/2021\/02\/Priscillia-253A1672-14-fe\u0301vrier-2021-200x300.jpg 200w, https:\/\/www.vanbiervliet.fr\/gilbert\/wp-content\/uploads\/2021\/02\/Priscillia-253A1672-14-fe\u0301vrier-2021-768x1152.jpg 768w, https:\/\/www.vanbiervliet.fr\/gilbert\/wp-content\/uploads\/2021\/02\/Priscillia-253A1672-14-fe\u0301vrier-2021-1024x1536.jpg 1024w, https:\/\/www.vanbiervliet.fr\/gilbert\/wp-content\/uploads\/2021\/02\/Priscillia-253A1672-14-fe\u0301vrier-2021-1365x2048.jpg 1365w, https:\/\/www.vanbiervliet.fr\/gilbert\/wp-content\/uploads\/2021\/02\/Priscillia-253A1672-14-fe\u0301vrier-2021-scaled.jpg 1707w\" sizes=\"auto, (max-width: 683px) 100vw, 683px\" \/><\/a><\/figure><\/li><li class=\"blocks-gallery-item\"><figure><a href=\"https:\/\/www.vanbiervliet.fr\/gilbert\/wp-content\/uploads\/2021\/02\/Priscillia-253A1678-2-14-fe\u0301vrier-2021-scaled.jpg\" class=\"gallery_colorbox\"><img loading=\"lazy\" decoding=\"async\" width=\"683\" height=\"1024\" src=\"https:\/\/www.vanbiervliet.fr\/gilbert\/wp-content\/uploads\/2021\/02\/Priscillia-253A1678-2-14-fe\u0301vrier-2021-683x1024.jpg\"  alt=\"\" data-id=\"3404\" data-full-url=\"https:\/\/www.vanbiervliet.fr\/gilbert\/wp-content\/uploads\/2021\/02\/Priscillia-253A1678-2-14-fe\u0301vrier-2021-scaled.jpg\" data-link=\"https:\/\/www.vanbiervliet.fr\/gilbert\/?attachment_id=3404\" class=\"wp-image-3404\" srcset=\"https:\/\/www.vanbiervliet.fr\/gilbert\/wp-content\/uploads\/2021\/02\/Priscillia-253A1678-2-14-fe\u0301vrier-2021-683x1024.jpg 683w, https:\/\/www.vanbiervliet.fr\/gilbert\/wp-content\/uploads\/2021\/02\/Priscillia-253A1678-2-14-fe\u0301vrier-2021-200x300.jpg 200w, https:\/\/www.vanbiervliet.fr\/gilbert\/wp-content\/uploads\/2021\/02\/Priscillia-253A1678-2-14-fe\u0301vrier-2021-768x1152.jpg 768w, https:\/\/www.vanbiervliet.fr\/gilbert\/wp-content\/uploads\/2021\/02\/Priscillia-253A1678-2-14-fe\u0301vrier-2021-1024x1536.jpg 1024w, https:\/\/www.vanbiervliet.fr\/gilbert\/wp-content\/uploads\/2021\/02\/Priscillia-253A1678-2-14-fe\u0301vrier-2021-1365x2048.jpg 1365w, https:\/\/www.vanbiervliet.fr\/gilbert\/wp-content\/uploads\/2021\/02\/Priscillia-253A1678-2-14-fe\u0301vrier-2021-scaled.jpg 1707w\" sizes=\"auto, (max-width: 683px) 100vw, 683px\" \/><\/a><\/figure><\/li><li class=\"blocks-gallery-item\"><figure><a href=\"https:\/\/www.vanbiervliet.fr\/gilbert\/wp-content\/uploads\/2021\/02\/Priscillia-253A1709-2-14-fe\u0301vrier-2021-scaled.jpg\" class=\"gallery_colorbox\"><img loading=\"lazy\" decoding=\"async\" width=\"1024\" height=\"683\" src=\"https:\/\/www.vanbiervliet.fr\/gilbert\/wp-content\/uploads\/2021\/02\/Priscillia-253A1709-2-14-fe\u0301vrier-2021-1024x683.jpg\"  alt=\"\" data-id=\"3405\" data-full-url=\"https:\/\/www.vanbiervliet.fr\/gilbert\/wp-content\/uploads\/2021\/02\/Priscillia-253A1709-2-14-fe\u0301vrier-2021-scaled.jpg\" data-link=\"https:\/\/www.vanbiervliet.fr\/gilbert\/?attachment_id=3405\" class=\"wp-image-3405\" srcset=\"https:\/\/www.vanbiervliet.fr\/gilbert\/wp-content\/uploads\/2021\/02\/Priscillia-253A1709-2-14-fe\u0301vrier-2021-1024x683.jpg 1024w, https:\/\/www.vanbiervliet.fr\/gilbert\/wp-content\/uploads\/2021\/02\/Priscillia-253A1709-2-14-fe\u0301vrier-2021-300x200.jpg 300w, https:\/\/www.vanbiervliet.fr\/gilbert\/wp-content\/uploads\/2021\/02\/Priscillia-253A1709-2-14-fe\u0301vrier-2021-768x512.jpg 768w, https:\/\/www.vanbiervliet.fr\/gilbert\/wp-content\/uploads\/2021\/02\/Priscillia-253A1709-2-14-fe\u0301vrier-2021-1536x1024.jpg 1536w, https:\/\/www.vanbiervliet.fr\/gilbert\/wp-content\/uploads\/2021\/02\/Priscillia-253A1709-2-14-fe\u0301vrier-2021-2048x1365.jpg 2048w\" sizes=\"auto, (max-width: 1024px) 100vw, 1024px\" \/><\/a><\/figure><\/li><li class=\"blocks-gallery-item\"><figure><a href=\"https:\/\/www.vanbiervliet.fr\/gilbert\/wp-content\/uploads\/2021\/02\/Priscillia-253A1724-2-14-fe\u0301vrier-2021-scaled.jpg\" class=\"gallery_colorbox\"><img loading=\"lazy\" decoding=\"async\" width=\"1024\" height=\"683\" src=\"https:\/\/www.vanbiervliet.fr\/gilbert\/wp-content\/uploads\/2021\/02\/Priscillia-253A1724-2-14-fe\u0301vrier-2021-1024x683.jpg\"  alt=\"\" data-id=\"3406\" data-full-url=\"https:\/\/www.vanbiervliet.fr\/gilbert\/wp-content\/uploads\/2021\/02\/Priscillia-253A1724-2-14-fe\u0301vrier-2021-scaled.jpg\" data-link=\"https:\/\/www.vanbiervliet.fr\/gilbert\/?attachment_id=3406\" class=\"wp-image-3406\" srcset=\"https:\/\/www.vanbiervliet.fr\/gilbert\/wp-content\/uploads\/2021\/02\/Priscillia-253A1724-2-14-fe\u0301vrier-2021-1024x683.jpg 1024w, https:\/\/www.vanbiervliet.fr\/gilbert\/wp-content\/uploads\/2021\/02\/Priscillia-253A1724-2-14-fe\u0301vrier-2021-300x200.jpg 300w, https:\/\/www.vanbiervliet.fr\/gilbert\/wp-content\/uploads\/2021\/02\/Priscillia-253A1724-2-14-fe\u0301vrier-2021-768x512.jpg 768w, https:\/\/www.vanbiervliet.fr\/gilbert\/wp-content\/uploads\/2021\/02\/Priscillia-253A1724-2-14-fe\u0301vrier-2021-1536x1024.jpg 1536w, https:\/\/www.vanbiervliet.fr\/gilbert\/wp-content\/uploads\/2021\/02\/Priscillia-253A1724-2-14-fe\u0301vrier-2021-2048x1365.jpg 2048w\" sizes=\"auto, (max-width: 1024px) 100vw, 1024px\" \/><\/a><\/figure><\/li><\/ul><\/figure>\n\n\n\n<p>Studio mont\u00e9 dans la salle \u00e0 manger, il faisait beaucoup trop froid pour faire les photos au garage. Merci \u00e0 Priscillia et Mathieu pour leur participation et leur patience.<\/p>\n","protected":false},"excerpt":{"rendered":"<p>Studio mont\u00e9 dans la salle \u00e0 manger, il faisait beaucoup trop froid pour faire les photos au garage. Merci \u00e0 Priscillia et Mathieu pour leur participation et leur patience.<\/p>\n","protected":false},"author":1,"featured_media":0,"parent":2502,"menu_order":0,"comment_status":"closed","ping_status":"closed","template":"","meta":{"footnotes":""},"class_list":["post-3400","page","type-page","status-publish","hentry"],"_links":{"self":[{"href":"https:\/\/www.vanbiervliet.fr\/gilbert\/index.php?rest_route=\/wp\/v2\/pages\/3400","targetHints":{"allow":["GET"]}}],"collection":[{"href":"https:\/\/www.vanbiervliet.fr\/gilbert\/index.php?rest_route=\/wp\/v2\/pages"}],"about":[{"href":"https:\/\/www.vanbiervliet.fr\/gilbert\/index.php?rest_route=\/wp\/v2\/types\/page"}],"author":[{"embeddable":true,"href":"https:\/\/www.vanbiervliet.fr\/gilbert\/index.php?rest_route=\/wp\/v2\/users\/1"}],"replies":[{"embeddable":true,"href":"https:\/\/www.vanbiervliet.fr\/gilbert\/index.php?rest_route=%2Fwp%2Fv2%2Fcomments&post=3400"}],"version-history":[{"count":3,"href":"https:\/\/www.vanbiervliet.fr\/gilbert\/index.php?rest_route=\/wp\/v2\/pages\/3400\/revisions"}],"predecessor-version":[{"id":3409,"href":"https:\/\/www.vanbiervliet.fr\/gilbert\/index.php?rest_route=\/wp\/v2\/pages\/3400\/revisions\/3409"}],"up":[{"embeddable":true,"href":"https:\/\/www.vanbiervliet.fr\/gilbert\/index.php?rest_route=\/wp\/v2\/pages\/2502"}],"wp:attachment":[{"href":"https:\/\/www.vanbiervliet.fr\/gilbert\/index.php?rest_route=%2Fwp%2Fv2%2Fmedia&parent=3400"}],"curies":[{"name":"wp","href":"https:\/\/api.w.org\/{rel}","templated":true}]}}