{"id":3460,"date":"2022-08-30T18:30:26","date_gmt":"2022-08-30T17:30:26","guid":{"rendered":"https:\/\/www.vanbiervliet.fr\/gilbert\/?page_id=3460"},"modified":"2025-09-25T14:32:24","modified_gmt":"2025-09-25T13:32:24","slug":"23-anais-berenice","status":"publish","type":"page","link":"https:\/\/www.vanbiervliet.fr\/gilbert\/?page_id=3460","title":{"rendered":"25 &#8211; Ana\u00efs &#038; B\u00e9r\u00e9nice"},"content":{"rendered":"\n<p>Shooting chez moi avec deux mod\u00e8les, Ana\u00efs et B\u00e9r\u00e9nice, qui ont pos\u00e9 avec beaucoup de patience pendant 2h 1\/2. Merci \u00e0 elles.<\/p>\n\n\n\n<figure class=\"wp-block-gallery has-nested-images columns-default is-cropped wp-block-gallery-1 is-layout-flex wp-block-gallery-is-layout-flex\">\n<figure class=\"wp-block-image size-large\"><a href=\"https:\/\/www.vanbiervliet.fr\/gilbert\/wp-content\/uploads\/2022\/08\/Anai\u0308s-253A4089-15-aou\u0302t-2022.jpg\" class=\"gallery_colorbox\"><img loading=\"lazy\" decoding=\"async\" width=\"683\" height=\"1024\" data-id=\"3461\" src=\"https:\/\/www.vanbiervliet.fr\/gilbert\/wp-content\/uploads\/2022\/08\/Anai\u0308s-253A4089-15-aou\u0302t-2022-683x1024.jpg\"  alt=\"\" class=\"wp-image-3461\" srcset=\"https:\/\/www.vanbiervliet.fr\/gilbert\/wp-content\/uploads\/2022\/08\/Anai\u0308s-253A4089-15-aou\u0302t-2022-683x1024.jpg 683w, https:\/\/www.vanbiervliet.fr\/gilbert\/wp-content\/uploads\/2022\/08\/Anai\u0308s-253A4089-15-aou\u0302t-2022-200x300.jpg 200w, https:\/\/www.vanbiervliet.fr\/gilbert\/wp-content\/uploads\/2022\/08\/Anai\u0308s-253A4089-15-aou\u0302t-2022-768x1152.jpg 768w, https:\/\/www.vanbiervliet.fr\/gilbert\/wp-content\/uploads\/2022\/08\/Anai\u0308s-253A4089-15-aou\u0302t-2022-1024x1536.jpg 1024w, https:\/\/www.vanbiervliet.fr\/gilbert\/wp-content\/uploads\/2022\/08\/Anai\u0308s-253A4089-15-aou\u0302t-2022-1365x2048.jpg 1365w, https:\/\/www.vanbiervliet.fr\/gilbert\/wp-content\/uploads\/2022\/08\/Anai\u0308s-253A4089-15-aou\u0302t-2022.jpg 1400w\" sizes=\"auto, (max-width: 683px) 100vw, 683px\" \/><\/a><\/figure>\n\n\n\n<figure class=\"wp-block-image size-large\"><a href=\"https:\/\/www.vanbiervliet.fr\/gilbert\/wp-content\/uploads\/2022\/08\/Anai\u0308s-253A4101-15-aou\u0302t-2022.jpg\" class=\"gallery_colorbox\"><img loading=\"lazy\" decoding=\"async\" width=\"683\" height=\"1024\" data-id=\"3462\" src=\"https:\/\/www.vanbiervliet.fr\/gilbert\/wp-content\/uploads\/2022\/08\/Anai\u0308s-253A4101-15-aou\u0302t-2022-683x1024.jpg\"  alt=\"\" class=\"wp-image-3462\" srcset=\"https:\/\/www.vanbiervliet.fr\/gilbert\/wp-content\/uploads\/2022\/08\/Anai\u0308s-253A4101-15-aou\u0302t-2022-683x1024.jpg 683w, https:\/\/www.vanbiervliet.fr\/gilbert\/wp-content\/uploads\/2022\/08\/Anai\u0308s-253A4101-15-aou\u0302t-2022-200x300.jpg 200w, https:\/\/www.vanbiervliet.fr\/gilbert\/wp-content\/uploads\/2022\/08\/Anai\u0308s-253A4101-15-aou\u0302t-2022-768x1152.jpg 768w, https:\/\/www.vanbiervliet.fr\/gilbert\/wp-content\/uploads\/2022\/08\/Anai\u0308s-253A4101-15-aou\u0302t-2022-1024x1536.jpg 1024w, https:\/\/www.vanbiervliet.fr\/gilbert\/wp-content\/uploads\/2022\/08\/Anai\u0308s-253A4101-15-aou\u0302t-2022-1365x2048.jpg 1365w, https:\/\/www.vanbiervliet.fr\/gilbert\/wp-content\/uploads\/2022\/08\/Anai\u0308s-253A4101-15-aou\u0302t-2022.jpg 1400w\" sizes=\"auto, (max-width: 683px) 100vw, 683px\" \/><\/a><\/figure>\n\n\n\n<figure class=\"wp-block-image size-large\"><a href=\"https:\/\/www.vanbiervliet.fr\/gilbert\/wp-content\/uploads\/2022\/08\/Anai\u0308s-253A4111-15-aou\u0302t-2022.jpg\" class=\"gallery_colorbox\"><img loading=\"lazy\" decoding=\"async\" width=\"1024\" height=\"683\" data-id=\"3463\" src=\"https:\/\/www.vanbiervliet.fr\/gilbert\/wp-content\/uploads\/2022\/08\/Anai\u0308s-253A4111-15-aou\u0302t-2022-1024x683.jpg\"  alt=\"\" class=\"wp-image-3463\" srcset=\"https:\/\/www.vanbiervliet.fr\/gilbert\/wp-content\/uploads\/2022\/08\/Anai\u0308s-253A4111-15-aou\u0302t-2022-1024x683.jpg 1024w, https:\/\/www.vanbiervliet.fr\/gilbert\/wp-content\/uploads\/2022\/08\/Anai\u0308s-253A4111-15-aou\u0302t-2022-300x200.jpg 300w, https:\/\/www.vanbiervliet.fr\/gilbert\/wp-content\/uploads\/2022\/08\/Anai\u0308s-253A4111-15-aou\u0302t-2022-768x512.jpg 768w, https:\/\/www.vanbiervliet.fr\/gilbert\/wp-content\/uploads\/2022\/08\/Anai\u0308s-253A4111-15-aou\u0302t-2022-1536x1024.jpg 1536w, https:\/\/www.vanbiervliet.fr\/gilbert\/wp-content\/uploads\/2022\/08\/Anai\u0308s-253A4111-15-aou\u0302t-2022-2048x1365.jpg 2048w\" sizes=\"auto, (max-width: 1024px) 100vw, 1024px\" \/><\/a><\/figure>\n\n\n\n<figure class=\"wp-block-image size-large\"><a href=\"https:\/\/www.vanbiervliet.fr\/gilbert\/wp-content\/uploads\/2022\/08\/Anai\u0308s-253A4143-15-aou\u0302t-2022.jpg\" class=\"gallery_colorbox\"><img loading=\"lazy\" decoding=\"async\" width=\"683\" height=\"1024\" data-id=\"3464\" src=\"https:\/\/www.vanbiervliet.fr\/gilbert\/wp-content\/uploads\/2022\/08\/Anai\u0308s-253A4143-15-aou\u0302t-2022-683x1024.jpg\"  alt=\"\" class=\"wp-image-3464\" srcset=\"https:\/\/www.vanbiervliet.fr\/gilbert\/wp-content\/uploads\/2022\/08\/Anai\u0308s-253A4143-15-aou\u0302t-2022-683x1024.jpg 683w, https:\/\/www.vanbiervliet.fr\/gilbert\/wp-content\/uploads\/2022\/08\/Anai\u0308s-253A4143-15-aou\u0302t-2022-200x300.jpg 200w, https:\/\/www.vanbiervliet.fr\/gilbert\/wp-content\/uploads\/2022\/08\/Anai\u0308s-253A4143-15-aou\u0302t-2022-768x1152.jpg 768w, https:\/\/www.vanbiervliet.fr\/gilbert\/wp-content\/uploads\/2022\/08\/Anai\u0308s-253A4143-15-aou\u0302t-2022-1024x1536.jpg 1024w, https:\/\/www.vanbiervliet.fr\/gilbert\/wp-content\/uploads\/2022\/08\/Anai\u0308s-253A4143-15-aou\u0302t-2022-1365x2048.jpg 1365w, https:\/\/www.vanbiervliet.fr\/gilbert\/wp-content\/uploads\/2022\/08\/Anai\u0308s-253A4143-15-aou\u0302t-2022.jpg 1400w\" sizes=\"auto, (max-width: 683px) 100vw, 683px\" \/><\/a><\/figure>\n\n\n\n<figure class=\"wp-block-image size-large\"><a href=\"https:\/\/www.vanbiervliet.fr\/gilbert\/wp-content\/uploads\/2022\/08\/Anai\u0308s-253A4177-15-aou\u0302t-2022.jpg\" class=\"gallery_colorbox\"><img loading=\"lazy\" decoding=\"async\" width=\"1024\" height=\"683\" data-id=\"3465\" src=\"https:\/\/www.vanbiervliet.fr\/gilbert\/wp-content\/uploads\/2022\/08\/Anai\u0308s-253A4177-15-aou\u0302t-2022-1024x683.jpg\"  alt=\"\" class=\"wp-image-3465\" srcset=\"https:\/\/www.vanbiervliet.fr\/gilbert\/wp-content\/uploads\/2022\/08\/Anai\u0308s-253A4177-15-aou\u0302t-2022-1024x683.jpg 1024w, https:\/\/www.vanbiervliet.fr\/gilbert\/wp-content\/uploads\/2022\/08\/Anai\u0308s-253A4177-15-aou\u0302t-2022-300x200.jpg 300w, https:\/\/www.vanbiervliet.fr\/gilbert\/wp-content\/uploads\/2022\/08\/Anai\u0308s-253A4177-15-aou\u0302t-2022-768x512.jpg 768w, https:\/\/www.vanbiervliet.fr\/gilbert\/wp-content\/uploads\/2022\/08\/Anai\u0308s-253A4177-15-aou\u0302t-2022-1536x1024.jpg 1536w, https:\/\/www.vanbiervliet.fr\/gilbert\/wp-content\/uploads\/2022\/08\/Anai\u0308s-253A4177-15-aou\u0302t-2022-2048x1365.jpg 2048w\" sizes=\"auto, (max-width: 1024px) 100vw, 1024px\" \/><\/a><\/figure>\n\n\n\n<figure class=\"wp-block-image size-large\"><a href=\"https:\/\/www.vanbiervliet.fr\/gilbert\/wp-content\/uploads\/2022\/08\/Anai\u0308s-253A4179-15-aou\u0302t-2022.jpg\" class=\"gallery_colorbox\"><img loading=\"lazy\" decoding=\"async\" width=\"1024\" height=\"683\" data-id=\"3466\" src=\"https:\/\/www.vanbiervliet.fr\/gilbert\/wp-content\/uploads\/2022\/08\/Anai\u0308s-253A4179-15-aou\u0302t-2022-1024x683.jpg\"  alt=\"\" class=\"wp-image-3466\" srcset=\"https:\/\/www.vanbiervliet.fr\/gilbert\/wp-content\/uploads\/2022\/08\/Anai\u0308s-253A4179-15-aou\u0302t-2022-1024x683.jpg 1024w, https:\/\/www.vanbiervliet.fr\/gilbert\/wp-content\/uploads\/2022\/08\/Anai\u0308s-253A4179-15-aou\u0302t-2022-300x200.jpg 300w, https:\/\/www.vanbiervliet.fr\/gilbert\/wp-content\/uploads\/2022\/08\/Anai\u0308s-253A4179-15-aou\u0302t-2022-768x512.jpg 768w, https:\/\/www.vanbiervliet.fr\/gilbert\/wp-content\/uploads\/2022\/08\/Anai\u0308s-253A4179-15-aou\u0302t-2022-1536x1024.jpg 1536w, https:\/\/www.vanbiervliet.fr\/gilbert\/wp-content\/uploads\/2022\/08\/Anai\u0308s-253A4179-15-aou\u0302t-2022-2048x1365.jpg 2048w\" sizes=\"auto, (max-width: 1024px) 100vw, 1024px\" \/><\/a><\/figure>\n\n\n\n<figure class=\"wp-block-image size-large\"><a href=\"https:\/\/www.vanbiervliet.fr\/gilbert\/wp-content\/uploads\/2022\/08\/Anai\u0308s-Be\u0301re\u0301nice-253A4155-15-aou\u0302t-2022.jpg\" class=\"gallery_colorbox\"><img loading=\"lazy\" decoding=\"async\" width=\"1024\" height=\"683\" data-id=\"3467\" src=\"https:\/\/www.vanbiervliet.fr\/gilbert\/wp-content\/uploads\/2022\/08\/Anai\u0308s-Be\u0301re\u0301nice-253A4155-15-aou\u0302t-2022-1024x683.jpg\"  alt=\"\" class=\"wp-image-3467\" srcset=\"https:\/\/www.vanbiervliet.fr\/gilbert\/wp-content\/uploads\/2022\/08\/Anai\u0308s-Be\u0301re\u0301nice-253A4155-15-aou\u0302t-2022-1024x683.jpg 1024w, https:\/\/www.vanbiervliet.fr\/gilbert\/wp-content\/uploads\/2022\/08\/Anai\u0308s-Be\u0301re\u0301nice-253A4155-15-aou\u0302t-2022-300x200.jpg 300w, https:\/\/www.vanbiervliet.fr\/gilbert\/wp-content\/uploads\/2022\/08\/Anai\u0308s-Be\u0301re\u0301nice-253A4155-15-aou\u0302t-2022-768x512.jpg 768w, https:\/\/www.vanbiervliet.fr\/gilbert\/wp-content\/uploads\/2022\/08\/Anai\u0308s-Be\u0301re\u0301nice-253A4155-15-aou\u0302t-2022-1536x1024.jpg 1536w, https:\/\/www.vanbiervliet.fr\/gilbert\/wp-content\/uploads\/2022\/08\/Anai\u0308s-Be\u0301re\u0301nice-253A4155-15-aou\u0302t-2022-2048x1365.jpg 2048w\" sizes=\"auto, (max-width: 1024px) 100vw, 1024px\" \/><\/a><\/figure>\n\n\n\n<figure class=\"wp-block-image size-large\"><a href=\"https:\/\/www.vanbiervliet.fr\/gilbert\/wp-content\/uploads\/2022\/08\/Be\u0301re\u0301nice-253A4079-15-aou\u0302t-2022.jpg\" class=\"gallery_colorbox\"><img loading=\"lazy\" decoding=\"async\" width=\"683\" height=\"1024\" data-id=\"3468\" src=\"https:\/\/www.vanbiervliet.fr\/gilbert\/wp-content\/uploads\/2022\/08\/Be\u0301re\u0301nice-253A4079-15-aou\u0302t-2022-683x1024.jpg\"  alt=\"\" class=\"wp-image-3468\" srcset=\"https:\/\/www.vanbiervliet.fr\/gilbert\/wp-content\/uploads\/2022\/08\/Be\u0301re\u0301nice-253A4079-15-aou\u0302t-2022-683x1024.jpg 683w, https:\/\/www.vanbiervliet.fr\/gilbert\/wp-content\/uploads\/2022\/08\/Be\u0301re\u0301nice-253A4079-15-aou\u0302t-2022-200x300.jpg 200w, https:\/\/www.vanbiervliet.fr\/gilbert\/wp-content\/uploads\/2022\/08\/Be\u0301re\u0301nice-253A4079-15-aou\u0302t-2022-768x1152.jpg 768w, https:\/\/www.vanbiervliet.fr\/gilbert\/wp-content\/uploads\/2022\/08\/Be\u0301re\u0301nice-253A4079-15-aou\u0302t-2022-1024x1536.jpg 1024w, https:\/\/www.vanbiervliet.fr\/gilbert\/wp-content\/uploads\/2022\/08\/Be\u0301re\u0301nice-253A4079-15-aou\u0302t-2022-1365x2048.jpg 1365w, https:\/\/www.vanbiervliet.fr\/gilbert\/wp-content\/uploads\/2022\/08\/Be\u0301re\u0301nice-253A4079-15-aou\u0302t-2022.jpg 1400w\" sizes=\"auto, (max-width: 683px) 100vw, 683px\" \/><\/a><\/figure>\n\n\n\n<figure class=\"wp-block-image size-large\"><a href=\"https:\/\/www.vanbiervliet.fr\/gilbert\/wp-content\/uploads\/2022\/08\/Be\u0301re\u0301nice-253A4120-15-aou\u0302t-2022.jpg\" class=\"gallery_colorbox\"><img loading=\"lazy\" decoding=\"async\" width=\"683\" height=\"1024\" data-id=\"3469\" src=\"https:\/\/www.vanbiervliet.fr\/gilbert\/wp-content\/uploads\/2022\/08\/Be\u0301re\u0301nice-253A4120-15-aou\u0302t-2022-683x1024.jpg\"  alt=\"\" class=\"wp-image-3469\" srcset=\"https:\/\/www.vanbiervliet.fr\/gilbert\/wp-content\/uploads\/2022\/08\/Be\u0301re\u0301nice-253A4120-15-aou\u0302t-2022-683x1024.jpg 683w, https:\/\/www.vanbiervliet.fr\/gilbert\/wp-content\/uploads\/2022\/08\/Be\u0301re\u0301nice-253A4120-15-aou\u0302t-2022-200x300.jpg 200w, https:\/\/www.vanbiervliet.fr\/gilbert\/wp-content\/uploads\/2022\/08\/Be\u0301re\u0301nice-253A4120-15-aou\u0302t-2022-768x1152.jpg 768w, https:\/\/www.vanbiervliet.fr\/gilbert\/wp-content\/uploads\/2022\/08\/Be\u0301re\u0301nice-253A4120-15-aou\u0302t-2022-1024x1536.jpg 1024w, https:\/\/www.vanbiervliet.fr\/gilbert\/wp-content\/uploads\/2022\/08\/Be\u0301re\u0301nice-253A4120-15-aou\u0302t-2022-1365x2048.jpg 1365w, https:\/\/www.vanbiervliet.fr\/gilbert\/wp-content\/uploads\/2022\/08\/Be\u0301re\u0301nice-253A4120-15-aou\u0302t-2022.jpg 1400w\" sizes=\"auto, (max-width: 683px) 100vw, 683px\" \/><\/a><\/figure>\n\n\n\n<figure class=\"wp-block-image size-large\"><a href=\"https:\/\/www.vanbiervliet.fr\/gilbert\/wp-content\/uploads\/2022\/08\/Be\u0301re\u0301nice-253A4165-15-aou\u0302t-2022.jpg\" class=\"gallery_colorbox\"><img loading=\"lazy\" decoding=\"async\" width=\"1024\" height=\"683\" data-id=\"3470\" src=\"https:\/\/www.vanbiervliet.fr\/gilbert\/wp-content\/uploads\/2022\/08\/Be\u0301re\u0301nice-253A4165-15-aou\u0302t-2022-1024x683.jpg\"  alt=\"\" class=\"wp-image-3470\" srcset=\"https:\/\/www.vanbiervliet.fr\/gilbert\/wp-content\/uploads\/2022\/08\/Be\u0301re\u0301nice-253A4165-15-aou\u0302t-2022-1024x683.jpg 1024w, https:\/\/www.vanbiervliet.fr\/gilbert\/wp-content\/uploads\/2022\/08\/Be\u0301re\u0301nice-253A4165-15-aou\u0302t-2022-300x200.jpg 300w, https:\/\/www.vanbiervliet.fr\/gilbert\/wp-content\/uploads\/2022\/08\/Be\u0301re\u0301nice-253A4165-15-aou\u0302t-2022-768x512.jpg 768w, https:\/\/www.vanbiervliet.fr\/gilbert\/wp-content\/uploads\/2022\/08\/Be\u0301re\u0301nice-253A4165-15-aou\u0302t-2022-1536x1024.jpg 1536w, https:\/\/www.vanbiervliet.fr\/gilbert\/wp-content\/uploads\/2022\/08\/Be\u0301re\u0301nice-253A4165-15-aou\u0302t-2022-2048x1365.jpg 2048w\" sizes=\"auto, (max-width: 1024px) 100vw, 1024px\" \/><\/a><\/figure>\n\n\n\n<figure class=\"wp-block-image size-large\"><a href=\"https:\/\/www.vanbiervliet.fr\/gilbert\/wp-content\/uploads\/2022\/08\/Be\u0301re\u0301nice-253A4171-15-aou\u0302t-2022.jpg\" class=\"gallery_colorbox\"><img loading=\"lazy\" decoding=\"async\" width=\"1024\" height=\"683\" data-id=\"3471\" src=\"https:\/\/www.vanbiervliet.fr\/gilbert\/wp-content\/uploads\/2022\/08\/Be\u0301re\u0301nice-253A4171-15-aou\u0302t-2022-1024x683.jpg\"  alt=\"\" class=\"wp-image-3471\" srcset=\"https:\/\/www.vanbiervliet.fr\/gilbert\/wp-content\/uploads\/2022\/08\/Be\u0301re\u0301nice-253A4171-15-aou\u0302t-2022-1024x683.jpg 1024w, https:\/\/www.vanbiervliet.fr\/gilbert\/wp-content\/uploads\/2022\/08\/Be\u0301re\u0301nice-253A4171-15-aou\u0302t-2022-300x200.jpg 300w, https:\/\/www.vanbiervliet.fr\/gilbert\/wp-content\/uploads\/2022\/08\/Be\u0301re\u0301nice-253A4171-15-aou\u0302t-2022-768x512.jpg 768w, https:\/\/www.vanbiervliet.fr\/gilbert\/wp-content\/uploads\/2022\/08\/Be\u0301re\u0301nice-253A4171-15-aou\u0302t-2022-1536x1024.jpg 1536w, https:\/\/www.vanbiervliet.fr\/gilbert\/wp-content\/uploads\/2022\/08\/Be\u0301re\u0301nice-253A4171-15-aou\u0302t-2022-2048x1365.jpg 2048w\" sizes=\"auto, (max-width: 1024px) 100vw, 1024px\" \/><\/a><\/figure>\n\n\n\n<figure class=\"wp-block-image size-large\"><a href=\"https:\/\/www.vanbiervliet.fr\/gilbert\/wp-content\/uploads\/2022\/08\/Be\u0301re\u0301nice-253A4181-15-aou\u0302t-2022.jpg\" class=\"gallery_colorbox\"><img loading=\"lazy\" decoding=\"async\" width=\"1024\" height=\"683\" data-id=\"3472\" src=\"https:\/\/www.vanbiervliet.fr\/gilbert\/wp-content\/uploads\/2022\/08\/Be\u0301re\u0301nice-253A4181-15-aou\u0302t-2022-1024x683.jpg\"  alt=\"\" class=\"wp-image-3472\" srcset=\"https:\/\/www.vanbiervliet.fr\/gilbert\/wp-content\/uploads\/2022\/08\/Be\u0301re\u0301nice-253A4181-15-aou\u0302t-2022-1024x683.jpg 1024w, https:\/\/www.vanbiervliet.fr\/gilbert\/wp-content\/uploads\/2022\/08\/Be\u0301re\u0301nice-253A4181-15-aou\u0302t-2022-300x200.jpg 300w, https:\/\/www.vanbiervliet.fr\/gilbert\/wp-content\/uploads\/2022\/08\/Be\u0301re\u0301nice-253A4181-15-aou\u0302t-2022-768x512.jpg 768w, https:\/\/www.vanbiervliet.fr\/gilbert\/wp-content\/uploads\/2022\/08\/Be\u0301re\u0301nice-253A4181-15-aou\u0302t-2022-1536x1024.jpg 1536w, https:\/\/www.vanbiervliet.fr\/gilbert\/wp-content\/uploads\/2022\/08\/Be\u0301re\u0301nice-253A4181-15-aou\u0302t-2022-2048x1365.jpg 2048w\" sizes=\"auto, (max-width: 1024px) 100vw, 1024px\" \/><\/a><\/figure>\n\n\n\n<figure class=\"wp-block-image size-large\"><a href=\"https:\/\/www.vanbiervliet.fr\/gilbert\/wp-content\/uploads\/2022\/08\/Be\u0301re\u0301nice-253A4190-15-aou\u0302t-2022.jpg\" class=\"gallery_colorbox\"><img loading=\"lazy\" decoding=\"async\" width=\"683\" height=\"1024\" data-id=\"3473\" src=\"https:\/\/www.vanbiervliet.fr\/gilbert\/wp-content\/uploads\/2022\/08\/Be\u0301re\u0301nice-253A4190-15-aou\u0302t-2022-683x1024.jpg\"  alt=\"\" class=\"wp-image-3473\" srcset=\"https:\/\/www.vanbiervliet.fr\/gilbert\/wp-content\/uploads\/2022\/08\/Be\u0301re\u0301nice-253A4190-15-aou\u0302t-2022-683x1024.jpg 683w, https:\/\/www.vanbiervliet.fr\/gilbert\/wp-content\/uploads\/2022\/08\/Be\u0301re\u0301nice-253A4190-15-aou\u0302t-2022-200x300.jpg 200w, https:\/\/www.vanbiervliet.fr\/gilbert\/wp-content\/uploads\/2022\/08\/Be\u0301re\u0301nice-253A4190-15-aou\u0302t-2022-768x1152.jpg 768w, https:\/\/www.vanbiervliet.fr\/gilbert\/wp-content\/uploads\/2022\/08\/Be\u0301re\u0301nice-253A4190-15-aou\u0302t-2022-1024x1536.jpg 1024w, https:\/\/www.vanbiervliet.fr\/gilbert\/wp-content\/uploads\/2022\/08\/Be\u0301re\u0301nice-253A4190-15-aou\u0302t-2022-1365x2048.jpg 1365w, https:\/\/www.vanbiervliet.fr\/gilbert\/wp-content\/uploads\/2022\/08\/Be\u0301re\u0301nice-253A4190-15-aou\u0302t-2022.jpg 1400w\" sizes=\"auto, (max-width: 683px) 100vw, 683px\" \/><\/a><\/figure>\n<\/figure>\n","protected":false},"excerpt":{"rendered":"<p>Shooting chez moi avec deux mod\u00e8les, Ana\u00efs et B\u00e9r\u00e9nice, qui ont pos\u00e9 avec beaucoup de patience pendant 2h 1\/2. Merci \u00e0 elles.<\/p>\n","protected":false},"author":1,"featured_media":0,"parent":570,"menu_order":2,"comment_status":"closed","ping_status":"closed","template":"","meta":{"footnotes":""},"class_list":["post-3460","page","type-page","status-publish","hentry"],"_links":{"self":[{"href":"https:\/\/www.vanbiervliet.fr\/gilbert\/index.php?rest_route=\/wp\/v2\/pages\/3460","targetHints":{"allow":["GET"]}}],"collection":[{"href":"https:\/\/www.vanbiervliet.fr\/gilbert\/index.php?rest_route=\/wp\/v2\/pages"}],"about":[{"href":"https:\/\/www.vanbiervliet.fr\/gilbert\/index.php?rest_route=\/wp\/v2\/types\/page"}],"author":[{"embeddable":true,"href":"https:\/\/www.vanbiervliet.fr\/gilbert\/index.php?rest_route=\/wp\/v2\/users\/1"}],"replies":[{"embeddable":true,"href":"https:\/\/www.vanbiervliet.fr\/gilbert\/index.php?rest_route=%2Fwp%2Fv2%2Fcomments&post=3460"}],"version-history":[{"count":4,"href":"https:\/\/www.vanbiervliet.fr\/gilbert\/index.php?rest_route=\/wp\/v2\/pages\/3460\/revisions"}],"predecessor-version":[{"id":3712,"href":"https:\/\/www.vanbiervliet.fr\/gilbert\/index.php?rest_route=\/wp\/v2\/pages\/3460\/revisions\/3712"}],"up":[{"embeddable":true,"href":"https:\/\/www.vanbiervliet.fr\/gilbert\/index.php?rest_route=\/wp\/v2\/pages\/570"}],"wp:attachment":[{"href":"https:\/\/www.vanbiervliet.fr\/gilbert\/index.php?rest_route=%2Fwp%2Fv2%2Fmedia&parent=3460"}],"curies":[{"name":"wp","href":"https:\/\/api.w.org\/{rel}","templated":true}]}}