{"id":3504,"date":"2023-06-10T18:25:14","date_gmt":"2023-06-10T17:25:14","guid":{"rendered":"https:\/\/www.vanbiervliet.fr\/gilbert\/?page_id=3504"},"modified":"2023-06-10T18:26:46","modified_gmt":"2023-06-10T17:26:46","slug":"2022-2","status":"publish","type":"page","link":"https:\/\/www.vanbiervliet.fr\/gilbert\/?page_id=3504","title":{"rendered":"2022"},"content":{"rendered":"\n<p>Le site des deux Caps. Des paysages photographi\u00e9s le long de la C\u00f4te d&rsquo;Opale de Wimereux \u00e0 Escalles. Une destination o\u00f9 je me lasse jamais de m&rsquo;y rendre tous les ans depuis plus de 20 ans. Cela  a \u00e9t\u00e9 le th\u00e8me de mon exposition photo cette ann\u00e9e avec Focus P\u00e9v\u00e8le.<\/p>\n\n\n\n<figure class=\"wp-block-gallery has-nested-images columns-default is-cropped wp-block-gallery-1 is-layout-flex wp-block-gallery-is-layout-flex\">\n<figure class=\"wp-block-image size-large\"><a href=\"https:\/\/www.vanbiervliet.fr\/gilbert\/wp-content\/uploads\/2023\/06\/01-Pointe-aux-oies-253A2688-13-juin-2022-scaled.jpg\" class=\"gallery_colorbox\"><img loading=\"lazy\" decoding=\"async\" width=\"1024\" height=\"683\" data-id=\"3514\" src=\"https:\/\/www.vanbiervliet.fr\/gilbert\/wp-content\/uploads\/2023\/06\/01-Pointe-aux-oies-253A2688-13-juin-2022-1024x683.jpg\"  alt=\"\" class=\"wp-image-3514\" srcset=\"https:\/\/www.vanbiervliet.fr\/gilbert\/wp-content\/uploads\/2023\/06\/01-Pointe-aux-oies-253A2688-13-juin-2022-1024x683.jpg 1024w, https:\/\/www.vanbiervliet.fr\/gilbert\/wp-content\/uploads\/2023\/06\/01-Pointe-aux-oies-253A2688-13-juin-2022-300x200.jpg 300w, https:\/\/www.vanbiervliet.fr\/gilbert\/wp-content\/uploads\/2023\/06\/01-Pointe-aux-oies-253A2688-13-juin-2022-768x512.jpg 768w, https:\/\/www.vanbiervliet.fr\/gilbert\/wp-content\/uploads\/2023\/06\/01-Pointe-aux-oies-253A2688-13-juin-2022-1536x1024.jpg 1536w, https:\/\/www.vanbiervliet.fr\/gilbert\/wp-content\/uploads\/2023\/06\/01-Pointe-aux-oies-253A2688-13-juin-2022-2048x1365.jpg 2048w\" sizes=\"auto, (max-width: 1024px) 100vw, 1024px\" \/><\/a><\/figure>\n\n\n\n<figure class=\"wp-block-image size-large\"><a href=\"https:\/\/www.vanbiervliet.fr\/gilbert\/wp-content\/uploads\/2023\/06\/02-Ambleteuse-253A6357-07-octobre-2021.jpg\" class=\"gallery_colorbox\"><img loading=\"lazy\" decoding=\"async\" width=\"1024\" height=\"683\" data-id=\"3509\" src=\"https:\/\/www.vanbiervliet.fr\/gilbert\/wp-content\/uploads\/2023\/06\/02-Ambleteuse-253A6357-07-octobre-2021-1024x683.jpg\"  alt=\"\" class=\"wp-image-3509\" srcset=\"https:\/\/www.vanbiervliet.fr\/gilbert\/wp-content\/uploads\/2023\/06\/02-Ambleteuse-253A6357-07-octobre-2021-1024x683.jpg 1024w, https:\/\/www.vanbiervliet.fr\/gilbert\/wp-content\/uploads\/2023\/06\/02-Ambleteuse-253A6357-07-octobre-2021-300x200.jpg 300w, https:\/\/www.vanbiervliet.fr\/gilbert\/wp-content\/uploads\/2023\/06\/02-Ambleteuse-253A6357-07-octobre-2021-768x512.jpg 768w, https:\/\/www.vanbiervliet.fr\/gilbert\/wp-content\/uploads\/2023\/06\/02-Ambleteuse-253A6357-07-octobre-2021-1536x1024.jpg 1536w, https:\/\/www.vanbiervliet.fr\/gilbert\/wp-content\/uploads\/2023\/06\/02-Ambleteuse-253A6357-07-octobre-2021-2048x1365.jpg 2048w\" sizes=\"auto, (max-width: 1024px) 100vw, 1024px\" \/><\/a><\/figure>\n\n\n\n<figure class=\"wp-block-image size-large\"><a href=\"https:\/\/www.vanbiervliet.fr\/gilbert\/wp-content\/uploads\/2023\/06\/03-Audresselles-IMG_0049-13-juin-2022-scaled.jpg\" class=\"gallery_colorbox\"><img loading=\"lazy\" decoding=\"async\" width=\"1024\" height=\"683\" data-id=\"3517\" src=\"https:\/\/www.vanbiervliet.fr\/gilbert\/wp-content\/uploads\/2023\/06\/03-Audresselles-IMG_0049-13-juin-2022-1024x683.jpg\"  alt=\"\" class=\"wp-image-3517\" srcset=\"https:\/\/www.vanbiervliet.fr\/gilbert\/wp-content\/uploads\/2023\/06\/03-Audresselles-IMG_0049-13-juin-2022-1024x683.jpg 1024w, https:\/\/www.vanbiervliet.fr\/gilbert\/wp-content\/uploads\/2023\/06\/03-Audresselles-IMG_0049-13-juin-2022-300x200.jpg 300w, https:\/\/www.vanbiervliet.fr\/gilbert\/wp-content\/uploads\/2023\/06\/03-Audresselles-IMG_0049-13-juin-2022-768x512.jpg 768w, https:\/\/www.vanbiervliet.fr\/gilbert\/wp-content\/uploads\/2023\/06\/03-Audresselles-IMG_0049-13-juin-2022-1536x1024.jpg 1536w, https:\/\/www.vanbiervliet.fr\/gilbert\/wp-content\/uploads\/2023\/06\/03-Audresselles-IMG_0049-13-juin-2022-2048x1365.jpg 2048w\" sizes=\"auto, (max-width: 1024px) 100vw, 1024px\" \/><\/a><\/figure>\n\n\n\n<figure class=\"wp-block-image size-large\"><a href=\"https:\/\/www.vanbiervliet.fr\/gilbert\/wp-content\/uploads\/2023\/06\/04-Le-Noirda-253A2853-16-juin-2022-scaled.jpg\" class=\"gallery_colorbox\"><img loading=\"lazy\" decoding=\"async\" width=\"1024\" height=\"681\" data-id=\"3515\" src=\"https:\/\/www.vanbiervliet.fr\/gilbert\/wp-content\/uploads\/2023\/06\/04-Le-Noirda-253A2853-16-juin-2022-1024x681.jpg\"  alt=\"\" class=\"wp-image-3515\" srcset=\"https:\/\/www.vanbiervliet.fr\/gilbert\/wp-content\/uploads\/2023\/06\/04-Le-Noirda-253A2853-16-juin-2022-1024x681.jpg 1024w, https:\/\/www.vanbiervliet.fr\/gilbert\/wp-content\/uploads\/2023\/06\/04-Le-Noirda-253A2853-16-juin-2022-300x200.jpg 300w, https:\/\/www.vanbiervliet.fr\/gilbert\/wp-content\/uploads\/2023\/06\/04-Le-Noirda-253A2853-16-juin-2022-768x511.jpg 768w, https:\/\/www.vanbiervliet.fr\/gilbert\/wp-content\/uploads\/2023\/06\/04-Le-Noirda-253A2853-16-juin-2022-1536x1022.jpg 1536w, https:\/\/www.vanbiervliet.fr\/gilbert\/wp-content\/uploads\/2023\/06\/04-Le-Noirda-253A2853-16-juin-2022-2048x1362.jpg 2048w\" sizes=\"auto, (max-width: 1024px) 100vw, 1024px\" \/><\/a><\/figure>\n\n\n\n<figure class=\"wp-block-image size-large\"><a href=\"https:\/\/www.vanbiervliet.fr\/gilbert\/wp-content\/uploads\/2023\/06\/05-Cap-Gris-Nez-253A2716-13-juin-2022-scaled.jpg\" class=\"gallery_colorbox\"><img loading=\"lazy\" decoding=\"async\" width=\"1024\" height=\"683\" data-id=\"3513\" src=\"https:\/\/www.vanbiervliet.fr\/gilbert\/wp-content\/uploads\/2023\/06\/05-Cap-Gris-Nez-253A2716-13-juin-2022-1024x683.jpg\"  alt=\"\" class=\"wp-image-3513\" srcset=\"https:\/\/www.vanbiervliet.fr\/gilbert\/wp-content\/uploads\/2023\/06\/05-Cap-Gris-Nez-253A2716-13-juin-2022-1024x683.jpg 1024w, https:\/\/www.vanbiervliet.fr\/gilbert\/wp-content\/uploads\/2023\/06\/05-Cap-Gris-Nez-253A2716-13-juin-2022-300x200.jpg 300w, https:\/\/www.vanbiervliet.fr\/gilbert\/wp-content\/uploads\/2023\/06\/05-Cap-Gris-Nez-253A2716-13-juin-2022-768x512.jpg 768w, https:\/\/www.vanbiervliet.fr\/gilbert\/wp-content\/uploads\/2023\/06\/05-Cap-Gris-Nez-253A2716-13-juin-2022-1536x1024.jpg 1536w, https:\/\/www.vanbiervliet.fr\/gilbert\/wp-content\/uploads\/2023\/06\/05-Cap-Gris-Nez-253A2716-13-juin-2022-2048x1365.jpg 2048w\" sizes=\"auto, (max-width: 1024px) 100vw, 1024px\" \/><\/a><\/figure>\n\n\n\n<figure class=\"wp-block-image size-large\"><a href=\"https:\/\/www.vanbiervliet.fr\/gilbert\/wp-content\/uploads\/2023\/06\/06-Cap-Gris-Nez-253A9474-07-octobre-2020.jpg\" class=\"gallery_colorbox\"><img loading=\"lazy\" decoding=\"async\" width=\"1024\" height=\"683\" data-id=\"3508\" src=\"https:\/\/www.vanbiervliet.fr\/gilbert\/wp-content\/uploads\/2023\/06\/06-Cap-Gris-Nez-253A9474-07-octobre-2020-1024x683.jpg\"  alt=\"\" class=\"wp-image-3508\" srcset=\"https:\/\/www.vanbiervliet.fr\/gilbert\/wp-content\/uploads\/2023\/06\/06-Cap-Gris-Nez-253A9474-07-octobre-2020-1024x683.jpg 1024w, https:\/\/www.vanbiervliet.fr\/gilbert\/wp-content\/uploads\/2023\/06\/06-Cap-Gris-Nez-253A9474-07-octobre-2020-300x200.jpg 300w, https:\/\/www.vanbiervliet.fr\/gilbert\/wp-content\/uploads\/2023\/06\/06-Cap-Gris-Nez-253A9474-07-octobre-2020-768x512.jpg 768w, https:\/\/www.vanbiervliet.fr\/gilbert\/wp-content\/uploads\/2023\/06\/06-Cap-Gris-Nez-253A9474-07-octobre-2020-1536x1024.jpg 1536w, https:\/\/www.vanbiervliet.fr\/gilbert\/wp-content\/uploads\/2023\/06\/06-Cap-Gris-Nez-253A9474-07-octobre-2020.jpg 1800w\" sizes=\"auto, (max-width: 1024px) 100vw, 1024px\" \/><\/a><\/figure>\n\n\n\n<figure class=\"wp-block-image size-large\"><a href=\"https:\/\/www.vanbiervliet.fr\/gilbert\/wp-content\/uploads\/2023\/06\/07-Cap-Gris-Nez-253A0376-08-novembre-2019.jpg\" class=\"gallery_colorbox\"><img loading=\"lazy\" decoding=\"async\" width=\"1024\" height=\"683\" data-id=\"3512\" src=\"https:\/\/www.vanbiervliet.fr\/gilbert\/wp-content\/uploads\/2023\/06\/07-Cap-Gris-Nez-253A0376-08-novembre-2019-1024x683.jpg\"  alt=\"\" class=\"wp-image-3512\" srcset=\"https:\/\/www.vanbiervliet.fr\/gilbert\/wp-content\/uploads\/2023\/06\/07-Cap-Gris-Nez-253A0376-08-novembre-2019-1024x683.jpg 1024w, https:\/\/www.vanbiervliet.fr\/gilbert\/wp-content\/uploads\/2023\/06\/07-Cap-Gris-Nez-253A0376-08-novembre-2019-300x200.jpg 300w, https:\/\/www.vanbiervliet.fr\/gilbert\/wp-content\/uploads\/2023\/06\/07-Cap-Gris-Nez-253A0376-08-novembre-2019-768x512.jpg 768w, https:\/\/www.vanbiervliet.fr\/gilbert\/wp-content\/uploads\/2023\/06\/07-Cap-Gris-Nez-253A0376-08-novembre-2019-1536x1024.jpg 1536w, https:\/\/www.vanbiervliet.fr\/gilbert\/wp-content\/uploads\/2023\/06\/07-Cap-Gris-Nez-253A0376-08-novembre-2019-2048x1365.jpg 2048w\" sizes=\"auto, (max-width: 1024px) 100vw, 1024px\" \/><\/a><\/figure>\n\n\n\n<figure class=\"wp-block-image size-large\"><a href=\"https:\/\/www.vanbiervliet.fr\/gilbert\/wp-content\/uploads\/2023\/06\/08-Wissant-100-1571-13-avril-2004.jpg\" class=\"gallery_colorbox\"><img loading=\"lazy\" decoding=\"async\" width=\"1024\" height=\"683\" data-id=\"3505\" src=\"https:\/\/www.vanbiervliet.fr\/gilbert\/wp-content\/uploads\/2023\/06\/08-Wissant-100-1571-13-avril-2004-1024x683.jpg\"  alt=\"\" class=\"wp-image-3505\" srcset=\"https:\/\/www.vanbiervliet.fr\/gilbert\/wp-content\/uploads\/2023\/06\/08-Wissant-100-1571-13-avril-2004-1024x683.jpg 1024w, https:\/\/www.vanbiervliet.fr\/gilbert\/wp-content\/uploads\/2023\/06\/08-Wissant-100-1571-13-avril-2004-300x200.jpg 300w, https:\/\/www.vanbiervliet.fr\/gilbert\/wp-content\/uploads\/2023\/06\/08-Wissant-100-1571-13-avril-2004-768x512.jpg 768w, https:\/\/www.vanbiervliet.fr\/gilbert\/wp-content\/uploads\/2023\/06\/08-Wissant-100-1571-13-avril-2004-1536x1024.jpg 1536w, https:\/\/www.vanbiervliet.fr\/gilbert\/wp-content\/uploads\/2023\/06\/08-Wissant-100-1571-13-avril-2004-2048x1365.jpg 2048w\" sizes=\"auto, (max-width: 1024px) 100vw, 1024px\" \/><\/a><\/figure>\n\n\n\n<figure class=\"wp-block-image size-large\"><a href=\"https:\/\/www.vanbiervliet.fr\/gilbert\/wp-content\/uploads\/2023\/06\/09-Wissant-253A6223-29-septembre-2021.jpg\" class=\"gallery_colorbox\"><img loading=\"lazy\" decoding=\"async\" width=\"1024\" height=\"683\" data-id=\"3507\" src=\"https:\/\/www.vanbiervliet.fr\/gilbert\/wp-content\/uploads\/2023\/06\/09-Wissant-253A6223-29-septembre-2021-1024x683.jpg\"  alt=\"\" class=\"wp-image-3507\" srcset=\"https:\/\/www.vanbiervliet.fr\/gilbert\/wp-content\/uploads\/2023\/06\/09-Wissant-253A6223-29-septembre-2021-1024x683.jpg 1024w, https:\/\/www.vanbiervliet.fr\/gilbert\/wp-content\/uploads\/2023\/06\/09-Wissant-253A6223-29-septembre-2021-300x200.jpg 300w, https:\/\/www.vanbiervliet.fr\/gilbert\/wp-content\/uploads\/2023\/06\/09-Wissant-253A6223-29-septembre-2021-768x512.jpg 768w, https:\/\/www.vanbiervliet.fr\/gilbert\/wp-content\/uploads\/2023\/06\/09-Wissant-253A6223-29-septembre-2021-1536x1024.jpg 1536w, https:\/\/www.vanbiervliet.fr\/gilbert\/wp-content\/uploads\/2023\/06\/09-Wissant-253A6223-29-septembre-2021-2048x1365.jpg 2048w\" sizes=\"auto, (max-width: 1024px) 100vw, 1024px\" \/><\/a><\/figure>\n\n\n\n<figure class=\"wp-block-image size-large\"><a href=\"https:\/\/www.vanbiervliet.fr\/gilbert\/wp-content\/uploads\/2023\/06\/10-Wissant-253A9605-11-octobre-2020.jpg\" class=\"gallery_colorbox\"><img loading=\"lazy\" decoding=\"async\" width=\"1024\" height=\"683\" data-id=\"3511\" src=\"https:\/\/www.vanbiervliet.fr\/gilbert\/wp-content\/uploads\/2023\/06\/10-Wissant-253A9605-11-octobre-2020-1024x683.jpg\"  alt=\"\" class=\"wp-image-3511\" srcset=\"https:\/\/www.vanbiervliet.fr\/gilbert\/wp-content\/uploads\/2023\/06\/10-Wissant-253A9605-11-octobre-2020-1024x683.jpg 1024w, https:\/\/www.vanbiervliet.fr\/gilbert\/wp-content\/uploads\/2023\/06\/10-Wissant-253A9605-11-octobre-2020-300x200.jpg 300w, https:\/\/www.vanbiervliet.fr\/gilbert\/wp-content\/uploads\/2023\/06\/10-Wissant-253A9605-11-octobre-2020-768x512.jpg 768w, https:\/\/www.vanbiervliet.fr\/gilbert\/wp-content\/uploads\/2023\/06\/10-Wissant-253A9605-11-octobre-2020-1536x1024.jpg 1536w, https:\/\/www.vanbiervliet.fr\/gilbert\/wp-content\/uploads\/2023\/06\/10-Wissant-253A9605-11-octobre-2020-2048x1365.jpg 2048w\" sizes=\"auto, (max-width: 1024px) 100vw, 1024px\" \/><\/a><\/figure>\n\n\n\n<figure class=\"wp-block-image size-large\"><a href=\"https:\/\/www.vanbiervliet.fr\/gilbert\/wp-content\/uploads\/2023\/06\/11-Wissant-253A6602-HDR-08-octobre-2021-2.jpg\" class=\"gallery_colorbox\"><img loading=\"lazy\" decoding=\"async\" width=\"1024\" height=\"683\" data-id=\"3506\" src=\"https:\/\/www.vanbiervliet.fr\/gilbert\/wp-content\/uploads\/2023\/06\/11-Wissant-253A6602-HDR-08-octobre-2021-2-1024x683.jpg\"  alt=\"\" class=\"wp-image-3506\" srcset=\"https:\/\/www.vanbiervliet.fr\/gilbert\/wp-content\/uploads\/2023\/06\/11-Wissant-253A6602-HDR-08-octobre-2021-2-1024x683.jpg 1024w, https:\/\/www.vanbiervliet.fr\/gilbert\/wp-content\/uploads\/2023\/06\/11-Wissant-253A6602-HDR-08-octobre-2021-2-300x200.jpg 300w, https:\/\/www.vanbiervliet.fr\/gilbert\/wp-content\/uploads\/2023\/06\/11-Wissant-253A6602-HDR-08-octobre-2021-2-768x512.jpg 768w, https:\/\/www.vanbiervliet.fr\/gilbert\/wp-content\/uploads\/2023\/06\/11-Wissant-253A6602-HDR-08-octobre-2021-2-1536x1024.jpg 1536w, https:\/\/www.vanbiervliet.fr\/gilbert\/wp-content\/uploads\/2023\/06\/11-Wissant-253A6602-HDR-08-octobre-2021-2-2048x1365.jpg 2048w\" sizes=\"auto, (max-width: 1024px) 100vw, 1024px\" \/><\/a><\/figure>\n\n\n\n<figure class=\"wp-block-image size-large\"><a href=\"https:\/\/www.vanbiervliet.fr\/gilbert\/wp-content\/uploads\/2023\/06\/12-Escalles-253A9271-05-octobre-2020.jpg\" class=\"gallery_colorbox\"><img loading=\"lazy\" decoding=\"async\" width=\"1024\" height=\"683\" data-id=\"3510\" src=\"https:\/\/www.vanbiervliet.fr\/gilbert\/wp-content\/uploads\/2023\/06\/12-Escalles-253A9271-05-octobre-2020-1024x683.jpg\"  alt=\"\" class=\"wp-image-3510\" srcset=\"https:\/\/www.vanbiervliet.fr\/gilbert\/wp-content\/uploads\/2023\/06\/12-Escalles-253A9271-05-octobre-2020-1024x683.jpg 1024w, https:\/\/www.vanbiervliet.fr\/gilbert\/wp-content\/uploads\/2023\/06\/12-Escalles-253A9271-05-octobre-2020-300x200.jpg 300w, https:\/\/www.vanbiervliet.fr\/gilbert\/wp-content\/uploads\/2023\/06\/12-Escalles-253A9271-05-octobre-2020-768x512.jpg 768w, https:\/\/www.vanbiervliet.fr\/gilbert\/wp-content\/uploads\/2023\/06\/12-Escalles-253A9271-05-octobre-2020-1536x1024.jpg 1536w, https:\/\/www.vanbiervliet.fr\/gilbert\/wp-content\/uploads\/2023\/06\/12-Escalles-253A9271-05-octobre-2020-2048x1365.jpg 2048w\" sizes=\"auto, (max-width: 1024px) 100vw, 1024px\" \/><\/a><\/figure>\n\n\n\n<figure class=\"wp-block-image size-large\"><a href=\"https:\/\/www.vanbiervliet.fr\/gilbert\/wp-content\/uploads\/2023\/06\/13-Cap-Blanc-Nez-253A2784-14-juin-2022-scaled.jpg\" class=\"gallery_colorbox\"><img loading=\"lazy\" decoding=\"async\" width=\"1024\" height=\"683\" data-id=\"3516\" src=\"https:\/\/www.vanbiervliet.fr\/gilbert\/wp-content\/uploads\/2023\/06\/13-Cap-Blanc-Nez-253A2784-14-juin-2022-1024x683.jpg\"  alt=\"\" class=\"wp-image-3516\" srcset=\"https:\/\/www.vanbiervliet.fr\/gilbert\/wp-content\/uploads\/2023\/06\/13-Cap-Blanc-Nez-253A2784-14-juin-2022-1024x683.jpg 1024w, https:\/\/www.vanbiervliet.fr\/gilbert\/wp-content\/uploads\/2023\/06\/13-Cap-Blanc-Nez-253A2784-14-juin-2022-300x200.jpg 300w, https:\/\/www.vanbiervliet.fr\/gilbert\/wp-content\/uploads\/2023\/06\/13-Cap-Blanc-Nez-253A2784-14-juin-2022-768x512.jpg 768w, https:\/\/www.vanbiervliet.fr\/gilbert\/wp-content\/uploads\/2023\/06\/13-Cap-Blanc-Nez-253A2784-14-juin-2022-1536x1024.jpg 1536w, https:\/\/www.vanbiervliet.fr\/gilbert\/wp-content\/uploads\/2023\/06\/13-Cap-Blanc-Nez-253A2784-14-juin-2022-2048x1365.jpg 2048w\" sizes=\"auto, (max-width: 1024px) 100vw, 1024px\" \/><\/a><\/figure>\n<\/figure>\n","protected":false},"excerpt":{"rendered":"<p>Le site des deux Caps. Des paysages photographi\u00e9s le long de la C\u00f4te d&rsquo;Opale de Wimereux \u00e0 Escalles. Une destination o\u00f9 je me lasse jamais de m&rsquo;y rendre tous les ans depuis plus de 20 ans. Cela a \u00e9t\u00e9 le &hellip; <a href=\"https:\/\/www.vanbiervliet.fr\/gilbert\/?page_id=3504\">Continuer la lecture <span class=\"meta-nav\">&rarr;<\/span><\/a><\/p>\n","protected":false},"author":1,"featured_media":0,"parent":2496,"menu_order":0,"comment_status":"closed","ping_status":"closed","template":"","meta":{"footnotes":""},"class_list":["post-3504","page","type-page","status-publish","hentry"],"_links":{"self":[{"href":"https:\/\/www.vanbiervliet.fr\/gilbert\/index.php?rest_route=\/wp\/v2\/pages\/3504","targetHints":{"allow":["GET"]}}],"collection":[{"href":"https:\/\/www.vanbiervliet.fr\/gilbert\/index.php?rest_route=\/wp\/v2\/pages"}],"about":[{"href":"https:\/\/www.vanbiervliet.fr\/gilbert\/index.php?rest_route=\/wp\/v2\/types\/page"}],"author":[{"embeddable":true,"href":"https:\/\/www.vanbiervliet.fr\/gilbert\/index.php?rest_route=\/wp\/v2\/users\/1"}],"replies":[{"embeddable":true,"href":"https:\/\/www.vanbiervliet.fr\/gilbert\/index.php?rest_route=%2Fwp%2Fv2%2Fcomments&post=3504"}],"version-history":[{"count":2,"href":"https:\/\/www.vanbiervliet.fr\/gilbert\/index.php?rest_route=\/wp\/v2\/pages\/3504\/revisions"}],"predecessor-version":[{"id":3519,"href":"https:\/\/www.vanbiervliet.fr\/gilbert\/index.php?rest_route=\/wp\/v2\/pages\/3504\/revisions\/3519"}],"up":[{"embeddable":true,"href":"https:\/\/www.vanbiervliet.fr\/gilbert\/index.php?rest_route=\/wp\/v2\/pages\/2496"}],"wp:attachment":[{"href":"https:\/\/www.vanbiervliet.fr\/gilbert\/index.php?rest_route=%2Fwp%2Fv2%2Fmedia&parent=3504"}],"curies":[{"name":"wp","href":"https:\/\/api.w.org\/{rel}","templated":true}]}}