{"id":3689,"date":"2025-09-25T14:13:09","date_gmt":"2025-09-25T13:13:09","guid":{"rendered":"https:\/\/www.vanbiervliet.fr\/gilbert\/?page_id=3689"},"modified":"2025-09-25T15:01:41","modified_gmt":"2025-09-25T14:01:41","slug":"28-claire-louane-marie","status":"publish","type":"page","link":"https:\/\/www.vanbiervliet.fr\/gilbert\/?page_id=3689","title":{"rendered":"28 &#8211; Claire &#8211; Louane &#8211; Marie"},"content":{"rendered":"\n<figure class=\"wp-block-gallery has-nested-images columns-default is-cropped wp-block-gallery-1 is-layout-flex wp-block-gallery-is-layout-flex\">\n<figure class=\"wp-block-image size-large\"><a href=\"https:\/\/www.vanbiervliet.fr\/gilbert\/wp-content\/uploads\/2025\/09\/Claire-Louane-Marie-05-aout-2025-5J3A2522-2.jpg\" class=\"gallery_colorbox\"><img loading=\"lazy\" decoding=\"async\" width=\"1024\" height=\"683\" data-id=\"3693\" src=\"https:\/\/www.vanbiervliet.fr\/gilbert\/wp-content\/uploads\/2025\/09\/Claire-Louane-Marie-05-aout-2025-5J3A2522-2-1024x683.jpg\"  alt=\"\" class=\"wp-image-3693\" srcset=\"https:\/\/www.vanbiervliet.fr\/gilbert\/wp-content\/uploads\/2025\/09\/Claire-Louane-Marie-05-aout-2025-5J3A2522-2-1024x683.jpg 1024w, https:\/\/www.vanbiervliet.fr\/gilbert\/wp-content\/uploads\/2025\/09\/Claire-Louane-Marie-05-aout-2025-5J3A2522-2-300x200.jpg 300w, https:\/\/www.vanbiervliet.fr\/gilbert\/wp-content\/uploads\/2025\/09\/Claire-Louane-Marie-05-aout-2025-5J3A2522-2-768x512.jpg 768w, https:\/\/www.vanbiervliet.fr\/gilbert\/wp-content\/uploads\/2025\/09\/Claire-Louane-Marie-05-aout-2025-5J3A2522-2-1536x1024.jpg 1536w, https:\/\/www.vanbiervliet.fr\/gilbert\/wp-content\/uploads\/2025\/09\/Claire-Louane-Marie-05-aout-2025-5J3A2522-2-2048x1365.jpg 2048w\" sizes=\"auto, (max-width: 1024px) 100vw, 1024px\" \/><\/a><\/figure>\n\n\n\n<figure class=\"wp-block-image size-large\"><a href=\"https:\/\/www.vanbiervliet.fr\/gilbert\/wp-content\/uploads\/2025\/09\/Claire-Louane-Marie-05-aout-2025-5J3A2525-4.jpg\" class=\"gallery_colorbox\"><img loading=\"lazy\" decoding=\"async\" width=\"1024\" height=\"683\" data-id=\"3690\" src=\"https:\/\/www.vanbiervliet.fr\/gilbert\/wp-content\/uploads\/2025\/09\/Claire-Louane-Marie-05-aout-2025-5J3A2525-4-1024x683.jpg\"  alt=\"\" class=\"wp-image-3690\" srcset=\"https:\/\/www.vanbiervliet.fr\/gilbert\/wp-content\/uploads\/2025\/09\/Claire-Louane-Marie-05-aout-2025-5J3A2525-4-1024x683.jpg 1024w, https:\/\/www.vanbiervliet.fr\/gilbert\/wp-content\/uploads\/2025\/09\/Claire-Louane-Marie-05-aout-2025-5J3A2525-4-300x200.jpg 300w, https:\/\/www.vanbiervliet.fr\/gilbert\/wp-content\/uploads\/2025\/09\/Claire-Louane-Marie-05-aout-2025-5J3A2525-4-768x512.jpg 768w, https:\/\/www.vanbiervliet.fr\/gilbert\/wp-content\/uploads\/2025\/09\/Claire-Louane-Marie-05-aout-2025-5J3A2525-4-1536x1024.jpg 1536w, https:\/\/www.vanbiervliet.fr\/gilbert\/wp-content\/uploads\/2025\/09\/Claire-Louane-Marie-05-aout-2025-5J3A2525-4-2048x1365.jpg 2048w\" sizes=\"auto, (max-width: 1024px) 100vw, 1024px\" \/><\/a><\/figure>\n\n\n\n<figure class=\"wp-block-image size-large\"><a href=\"https:\/\/www.vanbiervliet.fr\/gilbert\/wp-content\/uploads\/2025\/09\/Claire-Louane-Marie-05-aout-2025-5J3A2533-2.jpg\" class=\"gallery_colorbox\"><img loading=\"lazy\" decoding=\"async\" width=\"683\" height=\"1024\" data-id=\"3695\" src=\"https:\/\/www.vanbiervliet.fr\/gilbert\/wp-content\/uploads\/2025\/09\/Claire-Louane-Marie-05-aout-2025-5J3A2533-2-683x1024.jpg\"  alt=\"\" class=\"wp-image-3695\" srcset=\"https:\/\/www.vanbiervliet.fr\/gilbert\/wp-content\/uploads\/2025\/09\/Claire-Louane-Marie-05-aout-2025-5J3A2533-2-683x1024.jpg 683w, https:\/\/www.vanbiervliet.fr\/gilbert\/wp-content\/uploads\/2025\/09\/Claire-Louane-Marie-05-aout-2025-5J3A2533-2-200x300.jpg 200w, https:\/\/www.vanbiervliet.fr\/gilbert\/wp-content\/uploads\/2025\/09\/Claire-Louane-Marie-05-aout-2025-5J3A2533-2-768x1152.jpg 768w, https:\/\/www.vanbiervliet.fr\/gilbert\/wp-content\/uploads\/2025\/09\/Claire-Louane-Marie-05-aout-2025-5J3A2533-2-1024x1536.jpg 1024w, https:\/\/www.vanbiervliet.fr\/gilbert\/wp-content\/uploads\/2025\/09\/Claire-Louane-Marie-05-aout-2025-5J3A2533-2-1365x2048.jpg 1365w, https:\/\/www.vanbiervliet.fr\/gilbert\/wp-content\/uploads\/2025\/09\/Claire-Louane-Marie-05-aout-2025-5J3A2533-2.jpg 1600w\" sizes=\"auto, (max-width: 683px) 100vw, 683px\" \/><\/a><\/figure>\n\n\n\n<figure class=\"wp-block-image size-large\"><a href=\"https:\/\/www.vanbiervliet.fr\/gilbert\/wp-content\/uploads\/2025\/09\/Claire-Louane-Marie-05-aout-2025-5J3A2535-3.jpg\" class=\"gallery_colorbox\"><img loading=\"lazy\" decoding=\"async\" width=\"683\" height=\"1024\" data-id=\"3694\" src=\"https:\/\/www.vanbiervliet.fr\/gilbert\/wp-content\/uploads\/2025\/09\/Claire-Louane-Marie-05-aout-2025-5J3A2535-3-683x1024.jpg\"  alt=\"\" class=\"wp-image-3694\" srcset=\"https:\/\/www.vanbiervliet.fr\/gilbert\/wp-content\/uploads\/2025\/09\/Claire-Louane-Marie-05-aout-2025-5J3A2535-3-683x1024.jpg 683w, https:\/\/www.vanbiervliet.fr\/gilbert\/wp-content\/uploads\/2025\/09\/Claire-Louane-Marie-05-aout-2025-5J3A2535-3-200x300.jpg 200w, https:\/\/www.vanbiervliet.fr\/gilbert\/wp-content\/uploads\/2025\/09\/Claire-Louane-Marie-05-aout-2025-5J3A2535-3-768x1152.jpg 768w, https:\/\/www.vanbiervliet.fr\/gilbert\/wp-content\/uploads\/2025\/09\/Claire-Louane-Marie-05-aout-2025-5J3A2535-3-1024x1536.jpg 1024w, https:\/\/www.vanbiervliet.fr\/gilbert\/wp-content\/uploads\/2025\/09\/Claire-Louane-Marie-05-aout-2025-5J3A2535-3-1365x2048.jpg 1365w, https:\/\/www.vanbiervliet.fr\/gilbert\/wp-content\/uploads\/2025\/09\/Claire-Louane-Marie-05-aout-2025-5J3A2535-3.jpg 1600w\" sizes=\"auto, (max-width: 683px) 100vw, 683px\" \/><\/a><\/figure>\n\n\n\n<figure class=\"wp-block-image size-large\"><a href=\"https:\/\/www.vanbiervliet.fr\/gilbert\/wp-content\/uploads\/2025\/09\/Claire-Louane-Marie-05-aout-2025-5J3A2544-4.jpg\" class=\"gallery_colorbox\"><img loading=\"lazy\" decoding=\"async\" width=\"683\" height=\"1024\" data-id=\"3692\" src=\"https:\/\/www.vanbiervliet.fr\/gilbert\/wp-content\/uploads\/2025\/09\/Claire-Louane-Marie-05-aout-2025-5J3A2544-4-683x1024.jpg\"  alt=\"\" class=\"wp-image-3692\" srcset=\"https:\/\/www.vanbiervliet.fr\/gilbert\/wp-content\/uploads\/2025\/09\/Claire-Louane-Marie-05-aout-2025-5J3A2544-4-683x1024.jpg 683w, https:\/\/www.vanbiervliet.fr\/gilbert\/wp-content\/uploads\/2025\/09\/Claire-Louane-Marie-05-aout-2025-5J3A2544-4-200x300.jpg 200w, https:\/\/www.vanbiervliet.fr\/gilbert\/wp-content\/uploads\/2025\/09\/Claire-Louane-Marie-05-aout-2025-5J3A2544-4-768x1152.jpg 768w, https:\/\/www.vanbiervliet.fr\/gilbert\/wp-content\/uploads\/2025\/09\/Claire-Louane-Marie-05-aout-2025-5J3A2544-4-1024x1536.jpg 1024w, https:\/\/www.vanbiervliet.fr\/gilbert\/wp-content\/uploads\/2025\/09\/Claire-Louane-Marie-05-aout-2025-5J3A2544-4-1365x2048.jpg 1365w, https:\/\/www.vanbiervliet.fr\/gilbert\/wp-content\/uploads\/2025\/09\/Claire-Louane-Marie-05-aout-2025-5J3A2544-4.jpg 1600w\" sizes=\"auto, (max-width: 683px) 100vw, 683px\" \/><\/a><\/figure>\n\n\n\n<figure class=\"wp-block-image size-large\"><a href=\"https:\/\/www.vanbiervliet.fr\/gilbert\/wp-content\/uploads\/2025\/09\/Claire-Louane-Marie-05-aout-2025-5J3A2559-5.jpg\" class=\"gallery_colorbox\"><img loading=\"lazy\" decoding=\"async\" width=\"1024\" height=\"683\" data-id=\"3691\" src=\"https:\/\/www.vanbiervliet.fr\/gilbert\/wp-content\/uploads\/2025\/09\/Claire-Louane-Marie-05-aout-2025-5J3A2559-5-1024x683.jpg\"  alt=\"\" class=\"wp-image-3691\" srcset=\"https:\/\/www.vanbiervliet.fr\/gilbert\/wp-content\/uploads\/2025\/09\/Claire-Louane-Marie-05-aout-2025-5J3A2559-5-1024x683.jpg 1024w, https:\/\/www.vanbiervliet.fr\/gilbert\/wp-content\/uploads\/2025\/09\/Claire-Louane-Marie-05-aout-2025-5J3A2559-5-300x200.jpg 300w, https:\/\/www.vanbiervliet.fr\/gilbert\/wp-content\/uploads\/2025\/09\/Claire-Louane-Marie-05-aout-2025-5J3A2559-5-768x512.jpg 768w, https:\/\/www.vanbiervliet.fr\/gilbert\/wp-content\/uploads\/2025\/09\/Claire-Louane-Marie-05-aout-2025-5J3A2559-5-1536x1024.jpg 1536w, https:\/\/www.vanbiervliet.fr\/gilbert\/wp-content\/uploads\/2025\/09\/Claire-Louane-Marie-05-aout-2025-5J3A2559-5-2048x1365.jpg 2048w\" sizes=\"auto, (max-width: 1024px) 100vw, 1024px\" \/><\/a><\/figure>\n<\/figure>\n\n\n\n<p>Photos r\u00e9alis\u00e9es chez moi, merci \u00e0 toutes les trois de leur pr\u00e9sence<\/p>\n","protected":false},"excerpt":{"rendered":"<p>Photos r\u00e9alis\u00e9es chez moi, merci \u00e0 toutes les trois de leur pr\u00e9sence<\/p>\n","protected":false},"author":1,"featured_media":0,"parent":570,"menu_order":0,"comment_status":"closed","ping_status":"closed","template":"","meta":{"footnotes":""},"class_list":["post-3689","page","type-page","status-publish","hentry"],"_links":{"self":[{"href":"https:\/\/www.vanbiervliet.fr\/gilbert\/index.php?rest_route=\/wp\/v2\/pages\/3689","targetHints":{"allow":["GET"]}}],"collection":[{"href":"https:\/\/www.vanbiervliet.fr\/gilbert\/index.php?rest_route=\/wp\/v2\/pages"}],"about":[{"href":"https:\/\/www.vanbiervliet.fr\/gilbert\/index.php?rest_route=\/wp\/v2\/types\/page"}],"author":[{"embeddable":true,"href":"https:\/\/www.vanbiervliet.fr\/gilbert\/index.php?rest_route=\/wp\/v2\/users\/1"}],"replies":[{"embeddable":true,"href":"https:\/\/www.vanbiervliet.fr\/gilbert\/index.php?rest_route=%2Fwp%2Fv2%2Fcomments&post=3689"}],"version-history":[{"count":3,"href":"https:\/\/www.vanbiervliet.fr\/gilbert\/index.php?rest_route=\/wp\/v2\/pages\/3689\/revisions"}],"predecessor-version":[{"id":3740,"href":"https:\/\/www.vanbiervliet.fr\/gilbert\/index.php?rest_route=\/wp\/v2\/pages\/3689\/revisions\/3740"}],"up":[{"embeddable":true,"href":"https:\/\/www.vanbiervliet.fr\/gilbert\/index.php?rest_route=\/wp\/v2\/pages\/570"}],"wp:attachment":[{"href":"https:\/\/www.vanbiervliet.fr\/gilbert\/index.php?rest_route=%2Fwp%2Fv2%2Fmedia&parent=3689"}],"curies":[{"name":"wp","href":"https:\/\/api.w.org\/{rel}","templated":true}]}}