{"id":3697,"date":"2025-09-25T14:19:55","date_gmt":"2025-09-25T13:19:55","guid":{"rendered":"https:\/\/www.vanbiervliet.fr\/gilbert\/?page_id=3697"},"modified":"2025-09-25T15:03:41","modified_gmt":"2025-09-25T14:03:41","slug":"29-elisa","status":"publish","type":"page","link":"https:\/\/www.vanbiervliet.fr\/gilbert\/?page_id=3697","title":{"rendered":"29 &#8211; Elisa"},"content":{"rendered":"\n<figure class=\"wp-block-gallery has-nested-images columns-default is-cropped wp-block-gallery-1 is-layout-flex wp-block-gallery-is-layout-flex\">\n<figure class=\"wp-block-image size-large\"><a href=\"https:\/\/www.vanbiervliet.fr\/gilbert\/wp-content\/uploads\/2025\/09\/Elisa-08-aout-2025-5J3A2570.jpg\" class=\"gallery_colorbox\"><img loading=\"lazy\" decoding=\"async\" width=\"683\" height=\"1024\" data-id=\"3701\" src=\"https:\/\/www.vanbiervliet.fr\/gilbert\/wp-content\/uploads\/2025\/09\/Elisa-08-aout-2025-5J3A2570-683x1024.jpg\"  alt=\"\" class=\"wp-image-3701\" srcset=\"https:\/\/www.vanbiervliet.fr\/gilbert\/wp-content\/uploads\/2025\/09\/Elisa-08-aout-2025-5J3A2570-683x1024.jpg 683w, https:\/\/www.vanbiervliet.fr\/gilbert\/wp-content\/uploads\/2025\/09\/Elisa-08-aout-2025-5J3A2570-200x300.jpg 200w, https:\/\/www.vanbiervliet.fr\/gilbert\/wp-content\/uploads\/2025\/09\/Elisa-08-aout-2025-5J3A2570-768x1151.jpg 768w, https:\/\/www.vanbiervliet.fr\/gilbert\/wp-content\/uploads\/2025\/09\/Elisa-08-aout-2025-5J3A2570-1025x1536.jpg 1025w, https:\/\/www.vanbiervliet.fr\/gilbert\/wp-content\/uploads\/2025\/09\/Elisa-08-aout-2025-5J3A2570-1366x2048.jpg 1366w, https:\/\/www.vanbiervliet.fr\/gilbert\/wp-content\/uploads\/2025\/09\/Elisa-08-aout-2025-5J3A2570.jpg 1601w\" sizes=\"auto, (max-width: 683px) 100vw, 683px\" \/><\/a><\/figure>\n\n\n\n<figure class=\"wp-block-image size-large\"><a href=\"https:\/\/www.vanbiervliet.fr\/gilbert\/wp-content\/uploads\/2025\/09\/Elisa-08-aout-2025-5J3A2578.jpg\" class=\"gallery_colorbox\"><img loading=\"lazy\" decoding=\"async\" width=\"1024\" height=\"683\" data-id=\"3699\" src=\"https:\/\/www.vanbiervliet.fr\/gilbert\/wp-content\/uploads\/2025\/09\/Elisa-08-aout-2025-5J3A2578-1024x683.jpg\"  alt=\"\" class=\"wp-image-3699\" srcset=\"https:\/\/www.vanbiervliet.fr\/gilbert\/wp-content\/uploads\/2025\/09\/Elisa-08-aout-2025-5J3A2578-1024x683.jpg 1024w, https:\/\/www.vanbiervliet.fr\/gilbert\/wp-content\/uploads\/2025\/09\/Elisa-08-aout-2025-5J3A2578-300x200.jpg 300w, https:\/\/www.vanbiervliet.fr\/gilbert\/wp-content\/uploads\/2025\/09\/Elisa-08-aout-2025-5J3A2578-768x512.jpg 768w, https:\/\/www.vanbiervliet.fr\/gilbert\/wp-content\/uploads\/2025\/09\/Elisa-08-aout-2025-5J3A2578-1536x1024.jpg 1536w, https:\/\/www.vanbiervliet.fr\/gilbert\/wp-content\/uploads\/2025\/09\/Elisa-08-aout-2025-5J3A2578-2048x1365.jpg 2048w\" sizes=\"auto, (max-width: 1024px) 100vw, 1024px\" \/><\/a><\/figure>\n\n\n\n<figure class=\"wp-block-image size-large\"><a href=\"https:\/\/www.vanbiervliet.fr\/gilbert\/wp-content\/uploads\/2025\/09\/Elisa-08-aout-2025-5J3A2598.jpg\" class=\"gallery_colorbox\"><img loading=\"lazy\" decoding=\"async\" width=\"683\" height=\"1024\" data-id=\"3700\" src=\"https:\/\/www.vanbiervliet.fr\/gilbert\/wp-content\/uploads\/2025\/09\/Elisa-08-aout-2025-5J3A2598-683x1024.jpg\"  alt=\"\" class=\"wp-image-3700\" srcset=\"https:\/\/www.vanbiervliet.fr\/gilbert\/wp-content\/uploads\/2025\/09\/Elisa-08-aout-2025-5J3A2598-683x1024.jpg 683w, https:\/\/www.vanbiervliet.fr\/gilbert\/wp-content\/uploads\/2025\/09\/Elisa-08-aout-2025-5J3A2598-200x300.jpg 200w, https:\/\/www.vanbiervliet.fr\/gilbert\/wp-content\/uploads\/2025\/09\/Elisa-08-aout-2025-5J3A2598-768x1152.jpg 768w, https:\/\/www.vanbiervliet.fr\/gilbert\/wp-content\/uploads\/2025\/09\/Elisa-08-aout-2025-5J3A2598-1024x1536.jpg 1024w, https:\/\/www.vanbiervliet.fr\/gilbert\/wp-content\/uploads\/2025\/09\/Elisa-08-aout-2025-5J3A2598-1365x2048.jpg 1365w, https:\/\/www.vanbiervliet.fr\/gilbert\/wp-content\/uploads\/2025\/09\/Elisa-08-aout-2025-5J3A2598.jpg 1600w\" sizes=\"auto, (max-width: 683px) 100vw, 683px\" \/><\/a><\/figure>\n\n\n\n<figure class=\"wp-block-image size-large\"><a href=\"https:\/\/www.vanbiervliet.fr\/gilbert\/wp-content\/uploads\/2025\/09\/Elisa-08-aout-2025-5J3A2608.jpg\" class=\"gallery_colorbox\"><img loading=\"lazy\" decoding=\"async\" width=\"1024\" height=\"683\" data-id=\"3698\" src=\"https:\/\/www.vanbiervliet.fr\/gilbert\/wp-content\/uploads\/2025\/09\/Elisa-08-aout-2025-5J3A2608-1024x683.jpg\"  alt=\"\" class=\"wp-image-3698\" srcset=\"https:\/\/www.vanbiervliet.fr\/gilbert\/wp-content\/uploads\/2025\/09\/Elisa-08-aout-2025-5J3A2608-1024x683.jpg 1024w, https:\/\/www.vanbiervliet.fr\/gilbert\/wp-content\/uploads\/2025\/09\/Elisa-08-aout-2025-5J3A2608-300x200.jpg 300w, https:\/\/www.vanbiervliet.fr\/gilbert\/wp-content\/uploads\/2025\/09\/Elisa-08-aout-2025-5J3A2608-768x512.jpg 768w, https:\/\/www.vanbiervliet.fr\/gilbert\/wp-content\/uploads\/2025\/09\/Elisa-08-aout-2025-5J3A2608-1536x1024.jpg 1536w, https:\/\/www.vanbiervliet.fr\/gilbert\/wp-content\/uploads\/2025\/09\/Elisa-08-aout-2025-5J3A2608-2048x1365.jpg 2048w\" sizes=\"auto, (max-width: 1024px) 100vw, 1024px\" \/><\/a><\/figure>\n<\/figure>\n\n\n\n<p>Merci \u00e0 Elisa pour sa patience, photos r\u00e9alis\u00e9es chez moi<\/p>\n","protected":false},"excerpt":{"rendered":"<p>Merci \u00e0 Elisa pour sa patience, photos r\u00e9alis\u00e9es chez moi<\/p>\n","protected":false},"author":1,"featured_media":0,"parent":570,"menu_order":0,"comment_status":"closed","ping_status":"closed","template":"","meta":{"footnotes":""},"class_list":["post-3697","page","type-page","status-publish","hentry"],"_links":{"self":[{"href":"https:\/\/www.vanbiervliet.fr\/gilbert\/index.php?rest_route=\/wp\/v2\/pages\/3697","targetHints":{"allow":["GET"]}}],"collection":[{"href":"https:\/\/www.vanbiervliet.fr\/gilbert\/index.php?rest_route=\/wp\/v2\/pages"}],"about":[{"href":"https:\/\/www.vanbiervliet.fr\/gilbert\/index.php?rest_route=\/wp\/v2\/types\/page"}],"author":[{"embeddable":true,"href":"https:\/\/www.vanbiervliet.fr\/gilbert\/index.php?rest_route=\/wp\/v2\/users\/1"}],"replies":[{"embeddable":true,"href":"https:\/\/www.vanbiervliet.fr\/gilbert\/index.php?rest_route=%2Fwp%2Fv2%2Fcomments&post=3697"}],"version-history":[{"count":3,"href":"https:\/\/www.vanbiervliet.fr\/gilbert\/index.php?rest_route=\/wp\/v2\/pages\/3697\/revisions"}],"predecessor-version":[{"id":3742,"href":"https:\/\/www.vanbiervliet.fr\/gilbert\/index.php?rest_route=\/wp\/v2\/pages\/3697\/revisions\/3742"}],"up":[{"embeddable":true,"href":"https:\/\/www.vanbiervliet.fr\/gilbert\/index.php?rest_route=\/wp\/v2\/pages\/570"}],"wp:attachment":[{"href":"https:\/\/www.vanbiervliet.fr\/gilbert\/index.php?rest_route=%2Fwp%2Fv2%2Fmedia&parent=3697"}],"curies":[{"name":"wp","href":"https:\/\/api.w.org\/{rel}","templated":true}]}}