{"id":3703,"date":"2025-09-25T14:27:42","date_gmt":"2025-09-25T13:27:42","guid":{"rendered":"https:\/\/www.vanbiervliet.fr\/gilbert\/?page_id=3703"},"modified":"2025-09-25T15:06:38","modified_gmt":"2025-09-25T14:06:38","slug":"29-esperanza","status":"publish","type":"page","link":"https:\/\/www.vanbiervliet.fr\/gilbert\/?page_id=3703","title":{"rendered":"30 &#8211; Esp\u00e9ranza"},"content":{"rendered":"\n<figure class=\"wp-block-gallery has-nested-images columns-default is-cropped wp-block-gallery-1 is-layout-flex wp-block-gallery-is-layout-flex\">\n<figure class=\"wp-block-image size-large\"><a href=\"https:\/\/www.vanbiervliet.fr\/gilbert\/wp-content\/uploads\/2025\/09\/Elisea-29-aout-2025-5J3A3502.jpg\" class=\"gallery_colorbox\"><img loading=\"lazy\" decoding=\"async\" width=\"1024\" height=\"683\" data-id=\"3707\" src=\"https:\/\/www.vanbiervliet.fr\/gilbert\/wp-content\/uploads\/2025\/09\/Elisea-29-aout-2025-5J3A3502-1024x683.jpg\"  alt=\"\" class=\"wp-image-3707\" srcset=\"https:\/\/www.vanbiervliet.fr\/gilbert\/wp-content\/uploads\/2025\/09\/Elisea-29-aout-2025-5J3A3502-1024x683.jpg 1024w, https:\/\/www.vanbiervliet.fr\/gilbert\/wp-content\/uploads\/2025\/09\/Elisea-29-aout-2025-5J3A3502-300x200.jpg 300w, https:\/\/www.vanbiervliet.fr\/gilbert\/wp-content\/uploads\/2025\/09\/Elisea-29-aout-2025-5J3A3502-768x512.jpg 768w, https:\/\/www.vanbiervliet.fr\/gilbert\/wp-content\/uploads\/2025\/09\/Elisea-29-aout-2025-5J3A3502-1536x1024.jpg 1536w, https:\/\/www.vanbiervliet.fr\/gilbert\/wp-content\/uploads\/2025\/09\/Elisea-29-aout-2025-5J3A3502-2048x1365.jpg 2048w\" sizes=\"auto, (max-width: 1024px) 100vw, 1024px\" \/><\/a><\/figure>\n\n\n\n<figure class=\"wp-block-image size-large\"><a href=\"https:\/\/www.vanbiervliet.fr\/gilbert\/wp-content\/uploads\/2025\/09\/Elisea-29-aout-2025-5J3A3511.jpg\" class=\"gallery_colorbox\"><img loading=\"lazy\" decoding=\"async\" width=\"683\" height=\"1024\" data-id=\"3709\" src=\"https:\/\/www.vanbiervliet.fr\/gilbert\/wp-content\/uploads\/2025\/09\/Elisea-29-aout-2025-5J3A3511-683x1024.jpg\"  alt=\"\" class=\"wp-image-3709\" srcset=\"https:\/\/www.vanbiervliet.fr\/gilbert\/wp-content\/uploads\/2025\/09\/Elisea-29-aout-2025-5J3A3511-683x1024.jpg 683w, https:\/\/www.vanbiervliet.fr\/gilbert\/wp-content\/uploads\/2025\/09\/Elisea-29-aout-2025-5J3A3511-200x300.jpg 200w, https:\/\/www.vanbiervliet.fr\/gilbert\/wp-content\/uploads\/2025\/09\/Elisea-29-aout-2025-5J3A3511-768x1152.jpg 768w, https:\/\/www.vanbiervliet.fr\/gilbert\/wp-content\/uploads\/2025\/09\/Elisea-29-aout-2025-5J3A3511-1024x1536.jpg 1024w, https:\/\/www.vanbiervliet.fr\/gilbert\/wp-content\/uploads\/2025\/09\/Elisea-29-aout-2025-5J3A3511-1365x2048.jpg 1365w, https:\/\/www.vanbiervliet.fr\/gilbert\/wp-content\/uploads\/2025\/09\/Elisea-29-aout-2025-5J3A3511.jpg 1600w\" sizes=\"auto, (max-width: 683px) 100vw, 683px\" \/><\/a><\/figure>\n\n\n\n<figure class=\"wp-block-image size-large\"><a href=\"https:\/\/www.vanbiervliet.fr\/gilbert\/wp-content\/uploads\/2025\/09\/Elisea-29-aout-2025-5J3A3524.jpg\" class=\"gallery_colorbox\"><img loading=\"lazy\" decoding=\"async\" width=\"683\" height=\"1024\" data-id=\"3706\" src=\"https:\/\/www.vanbiervliet.fr\/gilbert\/wp-content\/uploads\/2025\/09\/Elisea-29-aout-2025-5J3A3524-683x1024.jpg\"  alt=\"\" class=\"wp-image-3706\" srcset=\"https:\/\/www.vanbiervliet.fr\/gilbert\/wp-content\/uploads\/2025\/09\/Elisea-29-aout-2025-5J3A3524-683x1024.jpg 683w, https:\/\/www.vanbiervliet.fr\/gilbert\/wp-content\/uploads\/2025\/09\/Elisea-29-aout-2025-5J3A3524-200x300.jpg 200w, https:\/\/www.vanbiervliet.fr\/gilbert\/wp-content\/uploads\/2025\/09\/Elisea-29-aout-2025-5J3A3524-768x1152.jpg 768w, https:\/\/www.vanbiervliet.fr\/gilbert\/wp-content\/uploads\/2025\/09\/Elisea-29-aout-2025-5J3A3524-1024x1536.jpg 1024w, https:\/\/www.vanbiervliet.fr\/gilbert\/wp-content\/uploads\/2025\/09\/Elisea-29-aout-2025-5J3A3524-1365x2048.jpg 1365w, https:\/\/www.vanbiervliet.fr\/gilbert\/wp-content\/uploads\/2025\/09\/Elisea-29-aout-2025-5J3A3524.jpg 1600w\" sizes=\"auto, (max-width: 683px) 100vw, 683px\" \/><\/a><\/figure>\n\n\n\n<figure class=\"wp-block-image size-large\"><a href=\"https:\/\/www.vanbiervliet.fr\/gilbert\/wp-content\/uploads\/2025\/09\/Elisea-29-aout-2025-5J3A3551.jpg\" class=\"gallery_colorbox\"><img loading=\"lazy\" decoding=\"async\" width=\"1024\" height=\"683\" data-id=\"3705\" src=\"https:\/\/www.vanbiervliet.fr\/gilbert\/wp-content\/uploads\/2025\/09\/Elisea-29-aout-2025-5J3A3551-1024x683.jpg\"  alt=\"\" class=\"wp-image-3705\" srcset=\"https:\/\/www.vanbiervliet.fr\/gilbert\/wp-content\/uploads\/2025\/09\/Elisea-29-aout-2025-5J3A3551-1024x683.jpg 1024w, https:\/\/www.vanbiervliet.fr\/gilbert\/wp-content\/uploads\/2025\/09\/Elisea-29-aout-2025-5J3A3551-300x200.jpg 300w, https:\/\/www.vanbiervliet.fr\/gilbert\/wp-content\/uploads\/2025\/09\/Elisea-29-aout-2025-5J3A3551-768x512.jpg 768w, https:\/\/www.vanbiervliet.fr\/gilbert\/wp-content\/uploads\/2025\/09\/Elisea-29-aout-2025-5J3A3551-1536x1024.jpg 1536w, https:\/\/www.vanbiervliet.fr\/gilbert\/wp-content\/uploads\/2025\/09\/Elisea-29-aout-2025-5J3A3551-2048x1365.jpg 2048w\" sizes=\"auto, (max-width: 1024px) 100vw, 1024px\" \/><\/a><\/figure>\n\n\n\n<figure class=\"wp-block-image size-large\"><a href=\"https:\/\/www.vanbiervliet.fr\/gilbert\/wp-content\/uploads\/2025\/09\/Elisea-29-aout-2025-5J3A3587.jpg\" class=\"gallery_colorbox\"><img loading=\"lazy\" decoding=\"async\" width=\"1024\" height=\"683\" data-id=\"3708\" src=\"https:\/\/www.vanbiervliet.fr\/gilbert\/wp-content\/uploads\/2025\/09\/Elisea-29-aout-2025-5J3A3587-1024x683.jpg\"  alt=\"\" class=\"wp-image-3708\" srcset=\"https:\/\/www.vanbiervliet.fr\/gilbert\/wp-content\/uploads\/2025\/09\/Elisea-29-aout-2025-5J3A3587-1024x683.jpg 1024w, https:\/\/www.vanbiervliet.fr\/gilbert\/wp-content\/uploads\/2025\/09\/Elisea-29-aout-2025-5J3A3587-300x200.jpg 300w, https:\/\/www.vanbiervliet.fr\/gilbert\/wp-content\/uploads\/2025\/09\/Elisea-29-aout-2025-5J3A3587-768x512.jpg 768w, https:\/\/www.vanbiervliet.fr\/gilbert\/wp-content\/uploads\/2025\/09\/Elisea-29-aout-2025-5J3A3587-1536x1024.jpg 1536w, https:\/\/www.vanbiervliet.fr\/gilbert\/wp-content\/uploads\/2025\/09\/Elisea-29-aout-2025-5J3A3587-2048x1365.jpg 2048w\" sizes=\"auto, (max-width: 1024px) 100vw, 1024px\" \/><\/a><\/figure>\n\n\n\n<figure class=\"wp-block-image size-large\"><a href=\"https:\/\/www.vanbiervliet.fr\/gilbert\/wp-content\/uploads\/2025\/09\/Elisea-29-aout-2025-5J3A3592.jpg\" class=\"gallery_colorbox\"><img loading=\"lazy\" decoding=\"async\" width=\"683\" height=\"1024\" data-id=\"3704\" src=\"https:\/\/www.vanbiervliet.fr\/gilbert\/wp-content\/uploads\/2025\/09\/Elisea-29-aout-2025-5J3A3592-683x1024.jpg\"  alt=\"\" class=\"wp-image-3704\" srcset=\"https:\/\/www.vanbiervliet.fr\/gilbert\/wp-content\/uploads\/2025\/09\/Elisea-29-aout-2025-5J3A3592-683x1024.jpg 683w, https:\/\/www.vanbiervliet.fr\/gilbert\/wp-content\/uploads\/2025\/09\/Elisea-29-aout-2025-5J3A3592-200x300.jpg 200w, https:\/\/www.vanbiervliet.fr\/gilbert\/wp-content\/uploads\/2025\/09\/Elisea-29-aout-2025-5J3A3592-768x1151.jpg 768w, https:\/\/www.vanbiervliet.fr\/gilbert\/wp-content\/uploads\/2025\/09\/Elisea-29-aout-2025-5J3A3592-1025x1536.jpg 1025w, https:\/\/www.vanbiervliet.fr\/gilbert\/wp-content\/uploads\/2025\/09\/Elisea-29-aout-2025-5J3A3592-1366x2048.jpg 1366w, https:\/\/www.vanbiervliet.fr\/gilbert\/wp-content\/uploads\/2025\/09\/Elisea-29-aout-2025-5J3A3592.jpg 1601w\" sizes=\"auto, (max-width: 683px) 100vw, 683px\" \/><\/a><\/figure>\n<\/figure>\n\n\n\n<p>Photos r\u00e9alis\u00e9es chez moi, remerciements \u00e0 Esp\u00e9ranza qui \u00e0 14 ans sait parfaitement poser avec beaucoup de patience, la s\u00e9ance ayant dur\u00e9e pr\u00e8s de 2h<\/p>\n","protected":false},"excerpt":{"rendered":"<p>Photos r\u00e9alis\u00e9es chez moi, remerciements \u00e0 Esp\u00e9ranza qui \u00e0 14 ans sait parfaitement poser avec beaucoup de patience, la s\u00e9ance ayant dur\u00e9e pr\u00e8s de 2h<\/p>\n","protected":false},"author":1,"featured_media":0,"parent":570,"menu_order":0,"comment_status":"closed","ping_status":"closed","template":"","meta":{"footnotes":""},"class_list":["post-3703","page","type-page","status-publish","hentry"],"_links":{"self":[{"href":"https:\/\/www.vanbiervliet.fr\/gilbert\/index.php?rest_route=\/wp\/v2\/pages\/3703","targetHints":{"allow":["GET"]}}],"collection":[{"href":"https:\/\/www.vanbiervliet.fr\/gilbert\/index.php?rest_route=\/wp\/v2\/pages"}],"about":[{"href":"https:\/\/www.vanbiervliet.fr\/gilbert\/index.php?rest_route=\/wp\/v2\/types\/page"}],"author":[{"embeddable":true,"href":"https:\/\/www.vanbiervliet.fr\/gilbert\/index.php?rest_route=\/wp\/v2\/users\/1"}],"replies":[{"embeddable":true,"href":"https:\/\/www.vanbiervliet.fr\/gilbert\/index.php?rest_route=%2Fwp%2Fv2%2Fcomments&post=3703"}],"version-history":[{"count":4,"href":"https:\/\/www.vanbiervliet.fr\/gilbert\/index.php?rest_route=\/wp\/v2\/pages\/3703\/revisions"}],"predecessor-version":[{"id":3744,"href":"https:\/\/www.vanbiervliet.fr\/gilbert\/index.php?rest_route=\/wp\/v2\/pages\/3703\/revisions\/3744"}],"up":[{"embeddable":true,"href":"https:\/\/www.vanbiervliet.fr\/gilbert\/index.php?rest_route=\/wp\/v2\/pages\/570"}],"wp:attachment":[{"href":"https:\/\/www.vanbiervliet.fr\/gilbert\/index.php?rest_route=%2Fwp%2Fv2%2Fmedia&parent=3703"}],"curies":[{"name":"wp","href":"https:\/\/api.w.org\/{rel}","templated":true}]}}