{"id":3713,"date":"2025-09-25T14:50:42","date_gmt":"2025-09-25T13:50:42","guid":{"rendered":"https:\/\/www.vanbiervliet.fr\/gilbert\/?page_id=3713"},"modified":"2025-09-25T15:10:05","modified_gmt":"2025-09-25T14:10:05","slug":"31-camille-marine","status":"publish","type":"page","link":"https:\/\/www.vanbiervliet.fr\/gilbert\/?page_id=3713","title":{"rendered":"31 &#8211; Camille &amp; Marine"},"content":{"rendered":"\n<figure class=\"wp-block-gallery has-nested-images columns-default is-cropped wp-block-gallery-1 is-layout-flex wp-block-gallery-is-layout-flex\">\n<figure class=\"wp-block-image size-large\"><a href=\"https:\/\/www.vanbiervliet.fr\/gilbert\/wp-content\/uploads\/2025\/09\/Camille-07-septembre-2025-5J3A4222.jpg\" class=\"gallery_colorbox\"><img loading=\"lazy\" decoding=\"async\" width=\"683\" height=\"1024\" data-id=\"3721\" src=\"https:\/\/www.vanbiervliet.fr\/gilbert\/wp-content\/uploads\/2025\/09\/Camille-07-septembre-2025-5J3A4222-683x1024.jpg\"  alt=\"\" class=\"wp-image-3721\" srcset=\"https:\/\/www.vanbiervliet.fr\/gilbert\/wp-content\/uploads\/2025\/09\/Camille-07-septembre-2025-5J3A4222-683x1024.jpg 683w, https:\/\/www.vanbiervliet.fr\/gilbert\/wp-content\/uploads\/2025\/09\/Camille-07-septembre-2025-5J3A4222-200x300.jpg 200w, https:\/\/www.vanbiervliet.fr\/gilbert\/wp-content\/uploads\/2025\/09\/Camille-07-septembre-2025-5J3A4222-768x1152.jpg 768w, https:\/\/www.vanbiervliet.fr\/gilbert\/wp-content\/uploads\/2025\/09\/Camille-07-septembre-2025-5J3A4222-1024x1536.jpg 1024w, https:\/\/www.vanbiervliet.fr\/gilbert\/wp-content\/uploads\/2025\/09\/Camille-07-septembre-2025-5J3A4222-1365x2048.jpg 1365w, https:\/\/www.vanbiervliet.fr\/gilbert\/wp-content\/uploads\/2025\/09\/Camille-07-septembre-2025-5J3A4222.jpg 1600w\" sizes=\"auto, (max-width: 683px) 100vw, 683px\" \/><\/a><\/figure>\n\n\n\n<figure class=\"wp-block-image size-large\"><a href=\"https:\/\/www.vanbiervliet.fr\/gilbert\/wp-content\/uploads\/2025\/09\/Camille-07-septembre-2025-5J3A4272.jpg\" class=\"gallery_colorbox\"><img loading=\"lazy\" decoding=\"async\" width=\"683\" height=\"1024\" data-id=\"3717\" src=\"https:\/\/www.vanbiervliet.fr\/gilbert\/wp-content\/uploads\/2025\/09\/Camille-07-septembre-2025-5J3A4272-683x1024.jpg\"  alt=\"\" class=\"wp-image-3717\" srcset=\"https:\/\/www.vanbiervliet.fr\/gilbert\/wp-content\/uploads\/2025\/09\/Camille-07-septembre-2025-5J3A4272-683x1024.jpg 683w, https:\/\/www.vanbiervliet.fr\/gilbert\/wp-content\/uploads\/2025\/09\/Camille-07-septembre-2025-5J3A4272-200x300.jpg 200w, https:\/\/www.vanbiervliet.fr\/gilbert\/wp-content\/uploads\/2025\/09\/Camille-07-septembre-2025-5J3A4272-768x1152.jpg 768w, https:\/\/www.vanbiervliet.fr\/gilbert\/wp-content\/uploads\/2025\/09\/Camille-07-septembre-2025-5J3A4272-1024x1536.jpg 1024w, https:\/\/www.vanbiervliet.fr\/gilbert\/wp-content\/uploads\/2025\/09\/Camille-07-septembre-2025-5J3A4272-1365x2048.jpg 1365w, https:\/\/www.vanbiervliet.fr\/gilbert\/wp-content\/uploads\/2025\/09\/Camille-07-septembre-2025-5J3A4272.jpg 1600w\" sizes=\"auto, (max-width: 683px) 100vw, 683px\" \/><\/a><\/figure>\n\n\n\n<figure class=\"wp-block-image size-large\"><a href=\"https:\/\/www.vanbiervliet.fr\/gilbert\/wp-content\/uploads\/2025\/09\/Camille-07-septembre-2025-5J3A4394.jpg\" class=\"gallery_colorbox\"><img loading=\"lazy\" decoding=\"async\" width=\"683\" height=\"1024\" data-id=\"3723\" src=\"https:\/\/www.vanbiervliet.fr\/gilbert\/wp-content\/uploads\/2025\/09\/Camille-07-septembre-2025-5J3A4394-683x1024.jpg\"  alt=\"\" class=\"wp-image-3723\" srcset=\"https:\/\/www.vanbiervliet.fr\/gilbert\/wp-content\/uploads\/2025\/09\/Camille-07-septembre-2025-5J3A4394-683x1024.jpg 683w, https:\/\/www.vanbiervliet.fr\/gilbert\/wp-content\/uploads\/2025\/09\/Camille-07-septembre-2025-5J3A4394-200x300.jpg 200w, https:\/\/www.vanbiervliet.fr\/gilbert\/wp-content\/uploads\/2025\/09\/Camille-07-septembre-2025-5J3A4394-768x1152.jpg 768w, https:\/\/www.vanbiervliet.fr\/gilbert\/wp-content\/uploads\/2025\/09\/Camille-07-septembre-2025-5J3A4394-1024x1536.jpg 1024w, https:\/\/www.vanbiervliet.fr\/gilbert\/wp-content\/uploads\/2025\/09\/Camille-07-septembre-2025-5J3A4394-1365x2048.jpg 1365w, https:\/\/www.vanbiervliet.fr\/gilbert\/wp-content\/uploads\/2025\/09\/Camille-07-septembre-2025-5J3A4394.jpg 1600w\" sizes=\"auto, (max-width: 683px) 100vw, 683px\" \/><\/a><\/figure>\n\n\n\n<figure class=\"wp-block-image size-large\"><a href=\"https:\/\/www.vanbiervliet.fr\/gilbert\/wp-content\/uploads\/2025\/09\/Camille-Marine-07-septembre-2025-5J3A4250.jpg\" class=\"gallery_colorbox\"><img loading=\"lazy\" decoding=\"async\" width=\"1024\" height=\"683\" data-id=\"3725\" src=\"https:\/\/www.vanbiervliet.fr\/gilbert\/wp-content\/uploads\/2025\/09\/Camille-Marine-07-septembre-2025-5J3A4250-1024x683.jpg\"  alt=\"\" class=\"wp-image-3725\" srcset=\"https:\/\/www.vanbiervliet.fr\/gilbert\/wp-content\/uploads\/2025\/09\/Camille-Marine-07-septembre-2025-5J3A4250-1024x683.jpg 1024w, https:\/\/www.vanbiervliet.fr\/gilbert\/wp-content\/uploads\/2025\/09\/Camille-Marine-07-septembre-2025-5J3A4250-300x200.jpg 300w, https:\/\/www.vanbiervliet.fr\/gilbert\/wp-content\/uploads\/2025\/09\/Camille-Marine-07-septembre-2025-5J3A4250-768x512.jpg 768w, https:\/\/www.vanbiervliet.fr\/gilbert\/wp-content\/uploads\/2025\/09\/Camille-Marine-07-septembre-2025-5J3A4250-1536x1024.jpg 1536w, https:\/\/www.vanbiervliet.fr\/gilbert\/wp-content\/uploads\/2025\/09\/Camille-Marine-07-septembre-2025-5J3A4250-2048x1365.jpg 2048w\" sizes=\"auto, (max-width: 1024px) 100vw, 1024px\" \/><\/a><\/figure>\n\n\n\n<figure class=\"wp-block-image size-large\"><a href=\"https:\/\/www.vanbiervliet.fr\/gilbert\/wp-content\/uploads\/2025\/09\/Marine-07-septembre-2025-5J3A4225.jpg\" class=\"gallery_colorbox\"><img loading=\"lazy\" decoding=\"async\" width=\"683\" height=\"1024\" data-id=\"3724\" src=\"https:\/\/www.vanbiervliet.fr\/gilbert\/wp-content\/uploads\/2025\/09\/Marine-07-septembre-2025-5J3A4225-683x1024.jpg\"  alt=\"\" class=\"wp-image-3724\" srcset=\"https:\/\/www.vanbiervliet.fr\/gilbert\/wp-content\/uploads\/2025\/09\/Marine-07-septembre-2025-5J3A4225-683x1024.jpg 683w, https:\/\/www.vanbiervliet.fr\/gilbert\/wp-content\/uploads\/2025\/09\/Marine-07-septembre-2025-5J3A4225-200x300.jpg 200w, https:\/\/www.vanbiervliet.fr\/gilbert\/wp-content\/uploads\/2025\/09\/Marine-07-septembre-2025-5J3A4225-768x1152.jpg 768w, https:\/\/www.vanbiervliet.fr\/gilbert\/wp-content\/uploads\/2025\/09\/Marine-07-septembre-2025-5J3A4225-1024x1536.jpg 1024w, https:\/\/www.vanbiervliet.fr\/gilbert\/wp-content\/uploads\/2025\/09\/Marine-07-septembre-2025-5J3A4225-1365x2048.jpg 1365w, https:\/\/www.vanbiervliet.fr\/gilbert\/wp-content\/uploads\/2025\/09\/Marine-07-septembre-2025-5J3A4225.jpg 1600w\" sizes=\"auto, (max-width: 683px) 100vw, 683px\" \/><\/a><\/figure>\n\n\n\n<figure class=\"wp-block-image size-large\"><a href=\"https:\/\/www.vanbiervliet.fr\/gilbert\/wp-content\/uploads\/2025\/09\/Marine-07-septembre-2025-5J3A4389.jpg\" class=\"gallery_colorbox\"><img loading=\"lazy\" decoding=\"async\" width=\"683\" height=\"1024\" data-id=\"3722\" src=\"https:\/\/www.vanbiervliet.fr\/gilbert\/wp-content\/uploads\/2025\/09\/Marine-07-septembre-2025-5J3A4389-683x1024.jpg\"  alt=\"\" class=\"wp-image-3722\" srcset=\"https:\/\/www.vanbiervliet.fr\/gilbert\/wp-content\/uploads\/2025\/09\/Marine-07-septembre-2025-5J3A4389-683x1024.jpg 683w, https:\/\/www.vanbiervliet.fr\/gilbert\/wp-content\/uploads\/2025\/09\/Marine-07-septembre-2025-5J3A4389-200x300.jpg 200w, https:\/\/www.vanbiervliet.fr\/gilbert\/wp-content\/uploads\/2025\/09\/Marine-07-septembre-2025-5J3A4389-768x1152.jpg 768w, https:\/\/www.vanbiervliet.fr\/gilbert\/wp-content\/uploads\/2025\/09\/Marine-07-septembre-2025-5J3A4389-1024x1536.jpg 1024w, https:\/\/www.vanbiervliet.fr\/gilbert\/wp-content\/uploads\/2025\/09\/Marine-07-septembre-2025-5J3A4389-1365x2048.jpg 1365w, https:\/\/www.vanbiervliet.fr\/gilbert\/wp-content\/uploads\/2025\/09\/Marine-07-septembre-2025-5J3A4389.jpg 1600w\" sizes=\"auto, (max-width: 683px) 100vw, 683px\" \/><\/a><\/figure>\n<\/figure>\n\n\n\n<figure class=\"wp-block-gallery has-nested-images columns-default is-cropped wp-block-gallery-2 is-layout-flex wp-block-gallery-is-layout-flex\">\n<figure class=\"wp-block-image size-large\"><a href=\"https:\/\/www.vanbiervliet.fr\/gilbert\/wp-content\/uploads\/2025\/09\/Camille-07-septembre-2025-5J3A4340-1.jpg\" class=\"gallery_colorbox\"><img loading=\"lazy\" decoding=\"async\" width=\"683\" height=\"1024\" data-id=\"3731\" src=\"https:\/\/www.vanbiervliet.fr\/gilbert\/wp-content\/uploads\/2025\/09\/Camille-07-septembre-2025-5J3A4340-1-683x1024.jpg\"  alt=\"\" class=\"wp-image-3731\" srcset=\"https:\/\/www.vanbiervliet.fr\/gilbert\/wp-content\/uploads\/2025\/09\/Camille-07-septembre-2025-5J3A4340-1-683x1024.jpg 683w, https:\/\/www.vanbiervliet.fr\/gilbert\/wp-content\/uploads\/2025\/09\/Camille-07-septembre-2025-5J3A4340-1-200x300.jpg 200w, https:\/\/www.vanbiervliet.fr\/gilbert\/wp-content\/uploads\/2025\/09\/Camille-07-septembre-2025-5J3A4340-1-768x1152.jpg 768w, https:\/\/www.vanbiervliet.fr\/gilbert\/wp-content\/uploads\/2025\/09\/Camille-07-septembre-2025-5J3A4340-1-1024x1536.jpg 1024w, https:\/\/www.vanbiervliet.fr\/gilbert\/wp-content\/uploads\/2025\/09\/Camille-07-septembre-2025-5J3A4340-1-1365x2048.jpg 1365w, https:\/\/www.vanbiervliet.fr\/gilbert\/wp-content\/uploads\/2025\/09\/Camille-07-septembre-2025-5J3A4340-1.jpg 1600w\" sizes=\"auto, (max-width: 683px) 100vw, 683px\" \/><\/a><\/figure>\n\n\n\n<figure class=\"wp-block-image size-large\"><a href=\"https:\/\/www.vanbiervliet.fr\/gilbert\/wp-content\/uploads\/2025\/09\/Camille-Marine-07-septembre-2025-5J3A4294-1.jpg\" class=\"gallery_colorbox\"><img loading=\"lazy\" decoding=\"async\" width=\"1024\" height=\"683\" data-id=\"3728\" src=\"https:\/\/www.vanbiervliet.fr\/gilbert\/wp-content\/uploads\/2025\/09\/Camille-Marine-07-septembre-2025-5J3A4294-1-1024x683.jpg\"  alt=\"\" class=\"wp-image-3728\" srcset=\"https:\/\/www.vanbiervliet.fr\/gilbert\/wp-content\/uploads\/2025\/09\/Camille-Marine-07-septembre-2025-5J3A4294-1-1024x683.jpg 1024w, https:\/\/www.vanbiervliet.fr\/gilbert\/wp-content\/uploads\/2025\/09\/Camille-Marine-07-septembre-2025-5J3A4294-1-300x200.jpg 300w, https:\/\/www.vanbiervliet.fr\/gilbert\/wp-content\/uploads\/2025\/09\/Camille-Marine-07-septembre-2025-5J3A4294-1-768x512.jpg 768w, https:\/\/www.vanbiervliet.fr\/gilbert\/wp-content\/uploads\/2025\/09\/Camille-Marine-07-septembre-2025-5J3A4294-1-1536x1024.jpg 1536w, https:\/\/www.vanbiervliet.fr\/gilbert\/wp-content\/uploads\/2025\/09\/Camille-Marine-07-septembre-2025-5J3A4294-1-2048x1365.jpg 2048w\" sizes=\"auto, (max-width: 1024px) 100vw, 1024px\" \/><\/a><\/figure>\n\n\n\n<figure class=\"wp-block-image size-large\"><a href=\"https:\/\/www.vanbiervliet.fr\/gilbert\/wp-content\/uploads\/2025\/09\/Camille-Marine-07-septembre-2025-5J3A4400-1.jpg\" class=\"gallery_colorbox\"><img loading=\"lazy\" decoding=\"async\" width=\"1024\" height=\"683\" data-id=\"3726\" src=\"https:\/\/www.vanbiervliet.fr\/gilbert\/wp-content\/uploads\/2025\/09\/Camille-Marine-07-septembre-2025-5J3A4400-1-1024x683.jpg\"  alt=\"\" class=\"wp-image-3726\" srcset=\"https:\/\/www.vanbiervliet.fr\/gilbert\/wp-content\/uploads\/2025\/09\/Camille-Marine-07-septembre-2025-5J3A4400-1-1024x683.jpg 1024w, https:\/\/www.vanbiervliet.fr\/gilbert\/wp-content\/uploads\/2025\/09\/Camille-Marine-07-septembre-2025-5J3A4400-1-300x200.jpg 300w, https:\/\/www.vanbiervliet.fr\/gilbert\/wp-content\/uploads\/2025\/09\/Camille-Marine-07-septembre-2025-5J3A4400-1-768x512.jpg 768w, https:\/\/www.vanbiervliet.fr\/gilbert\/wp-content\/uploads\/2025\/09\/Camille-Marine-07-septembre-2025-5J3A4400-1-1536x1024.jpg 1536w, https:\/\/www.vanbiervliet.fr\/gilbert\/wp-content\/uploads\/2025\/09\/Camille-Marine-07-septembre-2025-5J3A4400-1-2048x1365.jpg 2048w\" sizes=\"auto, (max-width: 1024px) 100vw, 1024px\" \/><\/a><\/figure>\n\n\n\n<figure class=\"wp-block-image size-large\"><a href=\"https:\/\/www.vanbiervliet.fr\/gilbert\/wp-content\/uploads\/2025\/09\/Marine-07-septembre-2025-5J3A4232-1.jpg\" class=\"gallery_colorbox\"><img loading=\"lazy\" decoding=\"async\" width=\"1024\" height=\"683\" data-id=\"3730\" src=\"https:\/\/www.vanbiervliet.fr\/gilbert\/wp-content\/uploads\/2025\/09\/Marine-07-septembre-2025-5J3A4232-1-1024x683.jpg\"  alt=\"\" class=\"wp-image-3730\" srcset=\"https:\/\/www.vanbiervliet.fr\/gilbert\/wp-content\/uploads\/2025\/09\/Marine-07-septembre-2025-5J3A4232-1-1024x683.jpg 1024w, https:\/\/www.vanbiervliet.fr\/gilbert\/wp-content\/uploads\/2025\/09\/Marine-07-septembre-2025-5J3A4232-1-300x200.jpg 300w, https:\/\/www.vanbiervliet.fr\/gilbert\/wp-content\/uploads\/2025\/09\/Marine-07-septembre-2025-5J3A4232-1-768x512.jpg 768w, https:\/\/www.vanbiervliet.fr\/gilbert\/wp-content\/uploads\/2025\/09\/Marine-07-septembre-2025-5J3A4232-1-1536x1024.jpg 1536w, https:\/\/www.vanbiervliet.fr\/gilbert\/wp-content\/uploads\/2025\/09\/Marine-07-septembre-2025-5J3A4232-1-2048x1365.jpg 2048w\" sizes=\"auto, (max-width: 1024px) 100vw, 1024px\" \/><\/a><\/figure>\n\n\n\n<figure class=\"wp-block-image size-large\"><a href=\"https:\/\/www.vanbiervliet.fr\/gilbert\/wp-content\/uploads\/2025\/09\/Marine-07-septembre-2025-5J3A4265-1.jpg\" class=\"gallery_colorbox\"><img loading=\"lazy\" decoding=\"async\" width=\"1024\" height=\"683\" data-id=\"3727\" src=\"https:\/\/www.vanbiervliet.fr\/gilbert\/wp-content\/uploads\/2025\/09\/Marine-07-septembre-2025-5J3A4265-1-1024x683.jpg\"  alt=\"\" class=\"wp-image-3727\" srcset=\"https:\/\/www.vanbiervliet.fr\/gilbert\/wp-content\/uploads\/2025\/09\/Marine-07-septembre-2025-5J3A4265-1-1024x683.jpg 1024w, https:\/\/www.vanbiervliet.fr\/gilbert\/wp-content\/uploads\/2025\/09\/Marine-07-septembre-2025-5J3A4265-1-300x200.jpg 300w, https:\/\/www.vanbiervliet.fr\/gilbert\/wp-content\/uploads\/2025\/09\/Marine-07-septembre-2025-5J3A4265-1-768x512.jpg 768w, https:\/\/www.vanbiervliet.fr\/gilbert\/wp-content\/uploads\/2025\/09\/Marine-07-septembre-2025-5J3A4265-1-1536x1024.jpg 1536w, https:\/\/www.vanbiervliet.fr\/gilbert\/wp-content\/uploads\/2025\/09\/Marine-07-septembre-2025-5J3A4265-1-2048x1365.jpg 2048w\" sizes=\"auto, (max-width: 1024px) 100vw, 1024px\" \/><\/a><\/figure>\n\n\n\n<figure class=\"wp-block-image size-large\"><a href=\"https:\/\/www.vanbiervliet.fr\/gilbert\/wp-content\/uploads\/2025\/09\/Marine-07-septembre-2025-5J3A4354-1.jpg\" class=\"gallery_colorbox\"><img loading=\"lazy\" decoding=\"async\" width=\"1024\" height=\"683\" data-id=\"3729\" src=\"https:\/\/www.vanbiervliet.fr\/gilbert\/wp-content\/uploads\/2025\/09\/Marine-07-septembre-2025-5J3A4354-1-1024x683.jpg\"  alt=\"\" class=\"wp-image-3729\" srcset=\"https:\/\/www.vanbiervliet.fr\/gilbert\/wp-content\/uploads\/2025\/09\/Marine-07-septembre-2025-5J3A4354-1-1024x683.jpg 1024w, https:\/\/www.vanbiervliet.fr\/gilbert\/wp-content\/uploads\/2025\/09\/Marine-07-septembre-2025-5J3A4354-1-300x200.jpg 300w, https:\/\/www.vanbiervliet.fr\/gilbert\/wp-content\/uploads\/2025\/09\/Marine-07-septembre-2025-5J3A4354-1-768x512.jpg 768w, https:\/\/www.vanbiervliet.fr\/gilbert\/wp-content\/uploads\/2025\/09\/Marine-07-septembre-2025-5J3A4354-1-1536x1024.jpg 1536w, https:\/\/www.vanbiervliet.fr\/gilbert\/wp-content\/uploads\/2025\/09\/Marine-07-septembre-2025-5J3A4354-1-2048x1365.jpg 2048w\" sizes=\"auto, (max-width: 1024px) 100vw, 1024px\" \/><\/a><\/figure>\n<\/figure>\n\n\n\n<p>Une fois de plus Camille et Marine ont pris plaisir lors de ce shooting qui a dur\u00e9 presque 3h. Photos r\u00e9alis\u00e9es chez moi dans un studio am\u00e9nag\u00e9 dans le garage<\/p>\n","protected":false},"excerpt":{"rendered":"<p>Une fois de plus Camille et Marine ont pris plaisir lors de ce shooting qui a dur\u00e9 presque 3h. Photos r\u00e9alis\u00e9es chez moi dans un studio am\u00e9nag\u00e9 dans le garage<\/p>\n","protected":false},"author":1,"featured_media":0,"parent":570,"menu_order":0,"comment_status":"closed","ping_status":"closed","template":"","meta":{"footnotes":""},"class_list":["post-3713","page","type-page","status-publish","hentry"],"_links":{"self":[{"href":"https:\/\/www.vanbiervliet.fr\/gilbert\/index.php?rest_route=\/wp\/v2\/pages\/3713","targetHints":{"allow":["GET"]}}],"collection":[{"href":"https:\/\/www.vanbiervliet.fr\/gilbert\/index.php?rest_route=\/wp\/v2\/pages"}],"about":[{"href":"https:\/\/www.vanbiervliet.fr\/gilbert\/index.php?rest_route=\/wp\/v2\/types\/page"}],"author":[{"embeddable":true,"href":"https:\/\/www.vanbiervliet.fr\/gilbert\/index.php?rest_route=\/wp\/v2\/users\/1"}],"replies":[{"embeddable":true,"href":"https:\/\/www.vanbiervliet.fr\/gilbert\/index.php?rest_route=%2Fwp%2Fv2%2Fcomments&post=3713"}],"version-history":[{"count":4,"href":"https:\/\/www.vanbiervliet.fr\/gilbert\/index.php?rest_route=\/wp\/v2\/pages\/3713\/revisions"}],"predecessor-version":[{"id":3747,"href":"https:\/\/www.vanbiervliet.fr\/gilbert\/index.php?rest_route=\/wp\/v2\/pages\/3713\/revisions\/3747"}],"up":[{"embeddable":true,"href":"https:\/\/www.vanbiervliet.fr\/gilbert\/index.php?rest_route=\/wp\/v2\/pages\/570"}],"wp:attachment":[{"href":"https:\/\/www.vanbiervliet.fr\/gilbert\/index.php?rest_route=%2Fwp%2Fv2%2Fmedia&parent=3713"}],"curies":[{"name":"wp","href":"https:\/\/api.w.org\/{rel}","templated":true}]}}