{"id":505,"date":"2012-02-25T14:01:11","date_gmt":"2012-02-25T13:01:11","guid":{"rendered":"http:\/\/www.vanbiervliet.fr\/gilbert\/?page_id=505"},"modified":"2021-07-06T12:25:55","modified_gmt":"2021-07-06T11:25:55","slug":"divers","status":"publish","type":"page","link":"https:\/\/www.vanbiervliet.fr\/gilbert\/?page_id=505","title":{"rendered":"Divers"},"content":{"rendered":"<p align=\"center\">\n<\/p><p align=\"center\"><a href=\"http:\/\/www.vanbiervliet.fr\/gilbert\/wp-content\/uploads\/2013\/05\/Cygognes-Bachy-3423.jpg\" class=\"gallery_colorbox\"><img loading=\"lazy\" decoding=\"async\" style=\"background-image: none; padding-top: 0px; padding-left: 0px; margin: 0px; display: inline; padding-right: 0px; border-width: 0px;\" title=\"Cygognes \u00e0 Bachy-3423\" src=\"http:\/\/www.vanbiervliet.fr\/gilbert\/wp-content\/uploads\/2013\/05\/Cygognes-Bachy-3423_thumb.jpg\"  alt=\"Cygognes \u00e0 Bachy-3423\" width=\"244\" height=\"164\" border=\"0\"><\/a> <a href=\"http:\/\/www.vanbiervliet.fr\/gilbert\/wp-content\/uploads\/2013\/05\/Cygognes-Bachy-3432-Copier.jpg\" class=\"gallery_colorbox\"><img loading=\"lazy\" decoding=\"async\" style=\"background-image: none; padding-top: 0px; padding-left: 0px; margin: 0px; display: inline; padding-right: 0px; border-width: 0px;\" title=\"Cygognes \u00e0 Bachy-3432 (Copier)\" src=\"http:\/\/www.vanbiervliet.fr\/gilbert\/wp-content\/uploads\/2013\/05\/Cygognes-Bachy-3432-Copier_thumb.jpg\"  alt=\"Cygognes \u00e0 Bachy-3432 (Copier)\" width=\"244\" height=\"164\" border=\"0\"><\/a>&nbsp;<a href=\"http:\/\/www.vanbiervliet.fr\/gilbert\/wp-content\/uploads\/2013\/05\/IMG_0809.jpg\" class=\"gallery_colorbox\"><img loading=\"lazy\" decoding=\"async\" style=\"background-image: none; padding-top: 0px; padding-left: 0px; margin: 0px; display: inline; padding-right: 0px; border-width: 0px;\" title=\"IMG_0809\" src=\"http:\/\/www.vanbiervliet.fr\/gilbert\/wp-content\/uploads\/2013\/05\/IMG_0809_thumb.jpg\"  alt=\"IMG_0809\" width=\"244\" height=\"164\" border=\"0\"><\/a><\/p>\n<p align=\"center\"><img loading=\"lazy\" decoding=\"async\" style=\"background-image: none; padding-top: 0px; padding-left: 0px; margin: 0px; display: inline; padding-right: 0px; border-width: 0px;\" title=\"IMG_3606\" src=\"http:\/\/www.vanbiervliet.fr\/gilbert\/wp-content\/uploads\/2013\/05\/IMG_3606_thumb.jpg\" alt=\"IMG_3606\" width=\"244\" height=\"164\" border=\"0\"><img loading=\"lazy\" decoding=\"async\" style=\"background-image: none; padding-top: 0px; padding-left: 0px; margin: 0px; display: inline; padding-right: 0px; border-width: 0px;\" title=\"IMG_6155\" src=\"http:\/\/www.vanbiervliet.fr\/gilbert\/wp-content\/uploads\/2013\/05\/IMG_6155_thumb.jpg\" alt=\"IMG_6155\" width=\"244\" height=\"164\" border=\"0\"><a href=\"http:\/\/www.vanbiervliet.fr\/gilbert\/wp-content\/uploads\/2013\/05\/IMG_6210.jpg\" class=\"gallery_colorbox\"><img loading=\"lazy\" decoding=\"async\" style=\"background-image: none; padding-top: 0px; padding-left: 0px; margin: 0px; display: inline; padding-right: 0px; border-width: 0px;\" title=\"IMG_6210\" src=\"http:\/\/www.vanbiervliet.fr\/gilbert\/wp-content\/uploads\/2013\/05\/IMG_6210_thumb.jpg\"  alt=\"IMG_6210\" width=\"244\" height=\"164\" border=\"0\"><\/a><\/p>\n<p align=\"center\"><a href=\"http:\/\/www.vanbiervliet.fr\/gilbert\/wp-content\/uploads\/2013\/05\/IMG_6215-Tardinghem.jpg\" class=\"gallery_colorbox\"><img loading=\"lazy\" decoding=\"async\" style=\"background-image: none; padding-top: 0px; padding-left: 0px; margin: 0px; display: inline; padding-right: 0px; border-width: 0px;\" title=\"IMG_6215 Tardinghem\" src=\"http:\/\/www.vanbiervliet.fr\/gilbert\/wp-content\/uploads\/2013\/05\/IMG_6215-Tardinghem_thumb.jpg\"  alt=\"IMG_6215 Tardinghem\" width=\"164\" height=\"244\" border=\"0\"><\/a>&nbsp;<a href=\"http:\/\/www.vanbiervliet.fr\/gilbert\/wp-content\/uploads\/2013\/05\/Les-Mdivales-05-05-2013-7431.jpg\" class=\"gallery_colorbox\"><img loading=\"lazy\" decoding=\"async\" style=\"background-image: none; padding-top: 0px; padding-left: 0px; display: inline; padding-right: 0px; border-width: 0px;\" title=\"Les M\u00e9di\u00e9vales 05-05-2013-7431\" src=\"http:\/\/www.vanbiervliet.fr\/gilbert\/wp-content\/uploads\/2013\/05\/Les-Mdivales-05-05-2013-7431_thumb.jpg\"  alt=\"Les M\u00e9di\u00e9vales 05-05-2013-7431\" width=\"220\" height=\"244\" border=\"0\"><\/a><a href=\"http:\/\/www.vanbiervliet.fr\/gilbert\/wp-content\/uploads\/2013\/05\/Les-Mdivales-05-05-2013-7510-2.jpg\" class=\"gallery_colorbox\"><img loading=\"lazy\" decoding=\"async\" style=\"background-image: none; padding-top: 0px; padding-left: 0px; display: inline; padding-right: 0px; border-width: 0px;\" title=\"Les M\u00e9di\u00e9vales 05-05-2013-7510-2\" src=\"http:\/\/www.vanbiervliet.fr\/gilbert\/wp-content\/uploads\/2013\/05\/Les-Mdivales-05-05-2013-7510-2_thumb.jpg\"  alt=\"Les M\u00e9di\u00e9vales 05-05-2013-7510-2\" width=\"214\" height=\"244\" border=\"0\"><\/a><\/p>\n<p align=\"center\"><a href=\"http:\/\/www.vanbiervliet.fr\/gilbert\/wp-content\/uploads\/2012\/02\/BlogVillageStJoseph3.jpg\" class=\"gallery_colorbox\"><img loading=\"lazy\" decoding=\"async\" style=\"display: inline; border-width: 0px;\" title=\"Blog Village St Joseph\" src=\"http:\/\/www.vanbiervliet.fr\/gilbert\/wp-content\/uploads\/2012\/02\/BlogVillageStJoseph_thumb3.jpg\"  alt=\"Blog Village St Joseph\" width=\"164\" height=\"244\" border=\"0\"><\/a><a href=\"http:\/\/www.vanbiervliet.fr\/gilbert\/wp-content\/uploads\/2012\/02\/BlogFaiblelumire1.jpg\" class=\"gallery_colorbox\"><img loading=\"lazy\" decoding=\"async\" style=\"display: inline; border-width: 0px;\" title=\"Blog Faible lumi\u00e8re\" src=\"http:\/\/www.vanbiervliet.fr\/gilbert\/wp-content\/uploads\/2012\/02\/BlogFaiblelumire_thumb1.jpg\"  alt=\"Blog Faible lumi\u00e8re\" width=\"164\" height=\"244\" border=\"0\"><\/a>&nbsp;<a href=\"http:\/\/www.vanbiervliet.fr\/gilbert\/wp-content\/uploads\/2012\/02\/BlogLeverdesoeilsurBachy3.jpg\" class=\"gallery_colorbox\"><img loading=\"lazy\" decoding=\"async\" style=\"display: inline; border-width: 0px;\" title=\"Blog Lever de soeil sur Bachy\" src=\"http:\/\/www.vanbiervliet.fr\/gilbert\/wp-content\/uploads\/2012\/02\/BlogLeverdesoeilsurBachy_thumb3.jpg\"  alt=\"Blog Lever de soeil sur Bachy\" width=\"244\" height=\"164\" border=\"0\"><\/a><\/p>\n<p align=\"center\">&nbsp;&nbsp;&nbsp;&nbsp; <a href=\"http:\/\/www.vanbiervliet.fr\/gilbert\/wp-content\/uploads\/2012\/02\/BlogOlivierBastia1.jpg\" class=\"gallery_colorbox\"><img loading=\"lazy\" decoding=\"async\" style=\"display: inline; border-width: 0px;\" title=\"Blog Olivier \u00e0 Bastia\" src=\"http:\/\/www.vanbiervliet.fr\/gilbert\/wp-content\/uploads\/2012\/02\/BlogOlivierBastia_thumb1.jpg\"  alt=\"Blog Olivier \u00e0 Bastia\" width=\"244\" height=\"164\" border=\"0\"><\/a> <a href=\"http:\/\/www.vanbiervliet.fr\/gilbert\/wp-content\/uploads\/2012\/02\/BlogRieulay23.jpg\" class=\"gallery_colorbox\"><img loading=\"lazy\" decoding=\"async\" style=\"display: inline; border-width: 0px;\" title=\"Blog Rieulay 2\" src=\"http:\/\/www.vanbiervliet.fr\/gilbert\/wp-content\/uploads\/2012\/02\/BlogRieulay2_thumb3.jpg\"  alt=\"Blog Rieulay 2\" width=\"300\" height=\"202\" border=\"0\"><\/a>&nbsp;<a href=\"http:\/\/www.vanbiervliet.fr\/gilbert\/wp-content\/uploads\/2012\/02\/BlogRieulay4.jpg\" class=\"gallery_colorbox\"><img loading=\"lazy\" decoding=\"async\" style=\"display: inline; border-width: 0px;\" title=\"Blog Rieulay\" src=\"http:\/\/www.vanbiervliet.fr\/gilbert\/wp-content\/uploads\/2012\/02\/BlogRieulay_thumb3.jpg\"  alt=\"Blog Rieulay\" width=\"300\" height=\"202\" border=\"0\"><\/a><\/p>\n<p align=\"center\"><a href=\"http:\/\/www.vanbiervliet.fr\/gilbert\/wp-content\/uploads\/2012\/02\/BlogRongy3.jpg\" class=\"gallery_colorbox\"><img loading=\"lazy\" decoding=\"async\" style=\"display: inline; border-width: 0px;\" title=\"Blog Rongy\" src=\"http:\/\/www.vanbiervliet.fr\/gilbert\/wp-content\/uploads\/2012\/02\/BlogRongy_thumb3.jpg\"  alt=\"Blog Rongy\" width=\"300\" height=\"202\" border=\"0\"><\/a><\/p>\n<p align=\"center\"><u><span style=\"color: #0000ff; font-size: large;\"><strong>Course cycliste \u00e0 Orchies d\u00e9but mars 2015<\/strong><\/span><\/u><\/p>\n<p align=\"center\"><a href=\"http:\/\/www.vanbiervliet.fr\/gilbert\/wp-content\/uploads\/2015\/04\/CoursecyclisteOrchiesIMG_637001mars20151.jpg\" class=\"gallery_colorbox\"><img loading=\"lazy\" decoding=\"async\" style=\"display: inline; border-width: 0px;\" title=\"Course cycliste Orchies - IMG_6370-01 mars 2015\" src=\"http:\/\/www.vanbiervliet.fr\/gilbert\/wp-content\/uploads\/2015\/04\/CoursecyclisteOrchiesIMG_637001mars2015_thumb1.jpg\"  alt=\"Course cycliste Orchies - IMG_6370-01 mars 2015\" width=\"218\" height=\"304\" border=\"0\"><\/a> <a href=\"http:\/\/www.vanbiervliet.fr\/gilbert\/wp-content\/uploads\/2015\/04\/CoursecyclisteOrchiesIMG_643601mars20151.jpg\" class=\"gallery_colorbox\"><img loading=\"lazy\" decoding=\"async\" style=\"display: inline; border-width: 0px;\" title=\"Course cycliste Orchies - IMG_6436-01 mars 2015\" src=\"http:\/\/www.vanbiervliet.fr\/gilbert\/wp-content\/uploads\/2015\/04\/CoursecyclisteOrchiesIMG_643601mars2015_thumb1.jpg\"  alt=\"Course cycliste Orchies - IMG_6436-01 mars 2015\" width=\"304\" height=\"204\" border=\"0\"><\/a> <a href=\"http:\/\/www.vanbiervliet.fr\/gilbert\/wp-content\/uploads\/2015\/04\/CoursecyclisteOrchiesIMG_655201mars20151.jpg\" class=\"gallery_colorbox\"><img loading=\"lazy\" decoding=\"async\" style=\"display: inline; border-width: 0px;\" title=\"Course cycliste Orchies - IMG_6552-01 mars 2015\" src=\"http:\/\/www.vanbiervliet.fr\/gilbert\/wp-content\/uploads\/2015\/04\/CoursecyclisteOrchiesIMG_655201mars2015_thumb1.jpg\"  alt=\"Course cycliste Orchies - IMG_6552-01 mars 2015\" width=\"304\" height=\"204\" border=\"0\"><\/a> <a href=\"http:\/\/www.vanbiervliet.fr\/gilbert\/wp-content\/uploads\/2015\/04\/CoursecyclisteOrchiesIMG_655601mars20151.jpg\" class=\"gallery_colorbox\"><img loading=\"lazy\" decoding=\"async\" style=\"display: inline; border-width: 0px;\" title=\"Course cycliste Orchies - IMG_6556-01 mars 2015\" src=\"http:\/\/www.vanbiervliet.fr\/gilbert\/wp-content\/uploads\/2015\/04\/CoursecyclisteOrchiesIMG_655601mars2015_thumb1.jpg\"  alt=\"Course cycliste Orchies - IMG_6556-01 mars 2015\" width=\"304\" height=\"204\" border=\"0\"><\/a> <a href=\"http:\/\/www.vanbiervliet.fr\/gilbert\/wp-content\/uploads\/2015\/04\/CoursecyclisteOrchiesIMG_660701mars20151.jpg\" class=\"gallery_colorbox\"><img loading=\"lazy\" decoding=\"async\" style=\"display: inline; border-width: 0px;\" title=\"Course cycliste Orchies - IMG_6607-01 mars 2015\" src=\"http:\/\/www.vanbiervliet.fr\/gilbert\/wp-content\/uploads\/2015\/04\/CoursecyclisteOrchiesIMG_660701mars2015_thumb1.jpg\"  alt=\"Course cycliste Orchies - IMG_6607-01 mars 2015\" width=\"304\" height=\"204\" border=\"0\"><\/a><\/p>\n<p align=\"center\"><u><span style=\"color: #0000ff; font-size: large;\"><strong>Visite mus\u00e9e de la Piscine \u00e0 Roubaix avril 2015<\/strong><\/span><\/u><\/p>\n<p align=\"center\"><a href=\"http:\/\/www.vanbiervliet.fr\/gilbert\/wp-content\/uploads\/2015\/04\/LaPiscineRoubaixIMG_847418avril2015.jpg\" class=\"gallery_colorbox\"><img loading=\"lazy\" decoding=\"async\" style=\"display: inline; border-width: 0px;\" title=\"La Piscine \u00e0 Roubaix - IMG_8474-18 avril 2015\" src=\"http:\/\/www.vanbiervliet.fr\/gilbert\/wp-content\/uploads\/2015\/04\/LaPiscineRoubaixIMG_847418avril2015_thumb.jpg\"  alt=\"La Piscine \u00e0 Roubaix - IMG_8474-18 avril 2015\" width=\"304\" height=\"146\" border=\"0\"><\/a> <a href=\"http:\/\/www.vanbiervliet.fr\/gilbert\/wp-content\/uploads\/2015\/04\/LaPiscineRoubaixIMG_847618avril2015.jpg\" class=\"gallery_colorbox\"><img loading=\"lazy\" decoding=\"async\" style=\"display: inline; border-width: 0px;\" title=\"La Piscine \u00e0 Roubaix - IMG_8476-18 avril 2015\" src=\"http:\/\/www.vanbiervliet.fr\/gilbert\/wp-content\/uploads\/2015\/04\/LaPiscineRoubaixIMG_847618avril2015_thumb.jpg\"  alt=\"La Piscine \u00e0 Roubaix - IMG_8476-18 avril 2015\" width=\"204\" height=\"304\" border=\"0\"><\/a> <a href=\"http:\/\/www.vanbiervliet.fr\/gilbert\/wp-content\/uploads\/2015\/04\/LaPiscineRoubaixIMG_851518avril2015.jpg\" class=\"gallery_colorbox\"><img loading=\"lazy\" decoding=\"async\" style=\"display: inline; border-width: 0px;\" title=\"La Piscine \u00e0 Roubaix - IMG_8515-18 avril 2015\" src=\"http:\/\/www.vanbiervliet.fr\/gilbert\/wp-content\/uploads\/2015\/04\/LaPiscineRoubaixIMG_851518avril2015_thumb.jpg\"  alt=\"La Piscine \u00e0 Roubaix - IMG_8515-18 avril 2015\" width=\"304\" height=\"204\" border=\"0\"><\/a> <a href=\"http:\/\/www.vanbiervliet.fr\/gilbert\/wp-content\/uploads\/2015\/04\/LaPiscineRoubaixIMG_853218avril2015.jpg\" class=\"gallery_colorbox\"><img loading=\"lazy\" decoding=\"async\" style=\"display: inline; border-width: 0px;\" title=\"La Piscine \u00e0 Roubaix - IMG_8532-18 avril 2015\" src=\"http:\/\/www.vanbiervliet.fr\/gilbert\/wp-content\/uploads\/2015\/04\/LaPiscineRoubaixIMG_853218avril2015_thumb.jpg\"  alt=\"La Piscine \u00e0 Roubaix - IMG_8532-18 avril 2015\" width=\"126\" height=\"304\" border=\"0\"><\/a> <a href=\"http:\/\/www.vanbiervliet.fr\/gilbert\/wp-content\/uploads\/2015\/04\/LaPiscineRoubaixIMG_854118avril2015.jpg\" class=\"gallery_colorbox\"><img loading=\"lazy\" decoding=\"async\" style=\"display: inline; border-width: 0px;\" title=\"La Piscine \u00e0 Roubaix - IMG_8541-18 avril 2015\" src=\"http:\/\/www.vanbiervliet.fr\/gilbert\/wp-content\/uploads\/2015\/04\/LaPiscineRoubaixIMG_854118avril2015_thumb.jpg\"  alt=\"La Piscine \u00e0 Roubaix - IMG_8541-18 avril 2015\" width=\"304\" height=\"204\" border=\"0\"><\/a> <a href=\"http:\/\/www.vanbiervliet.fr\/gilbert\/wp-content\/uploads\/2015\/04\/LaPiscineRoubaixIMG_854418avril2015.jpg\" class=\"gallery_colorbox\"><img loading=\"lazy\" decoding=\"async\" style=\"display: inline; border-width: 0px;\" title=\"La Piscine \u00e0 Roubaix - IMG_8544-18 avril 2015\" src=\"http:\/\/www.vanbiervliet.fr\/gilbert\/wp-content\/uploads\/2015\/04\/LaPiscineRoubaixIMG_854418avril2015_thumb.jpg\"  alt=\"La Piscine \u00e0 Roubaix - IMG_8544-18 avril 2015\" width=\"117\" height=\"304\" border=\"0\"><\/a><\/p>\n<h2 style=\"text-align: center;\" align=\"center\"><span style=\"color: #ff0000;\"><strong>Lundi 22 Janvier 2019&nbsp; &nbsp;Eclipse totale de Lune<\/strong><\/span><\/h2>\n<p align=\"center\"><a href=\"https:\/\/www.vanbiervliet.fr\/gilbert\/wp-content\/uploads\/2019\/01\/5-lunes.jpg\" class=\"gallery_colorbox\"><img loading=\"lazy\" decoding=\"async\" class=\"wp-image-3293 aligncenter\" src=\"https:\/\/www.vanbiervliet.fr\/gilbert\/wp-content\/uploads\/2019\/01\/5-lunes-300x200.jpg\"  alt=\"\" width=\"539\" height=\"359\" srcset=\"https:\/\/www.vanbiervliet.fr\/gilbert\/wp-content\/uploads\/2019\/01\/5-lunes-300x200.jpg 300w, https:\/\/www.vanbiervliet.fr\/gilbert\/wp-content\/uploads\/2019\/01\/5-lunes-768x512.jpg 768w, https:\/\/www.vanbiervliet.fr\/gilbert\/wp-content\/uploads\/2019\/01\/5-lunes-1024x683.jpg 1024w\" sizes=\"auto, (max-width: 539px) 100vw, 539px\" \/><\/a><\/p>\n\n\n<p class=\"has-text-align-center has-medium-font-size\"><span class=\"has-inline-color has-blue-color\"><strong>Moulin de Grand Fayt<\/strong><\/span><\/p>\n\n\n\n<div class=\"wp-block-image\"><figure class=\"aligncenter size-medium is-resized\"><a href=\"https:\/\/www.vanbiervliet.fr\/gilbert\/wp-content\/uploads\/2021\/07\/Grand-Fayt-253A3459-10-juin-2021.jpg\" class=\"gallery_colorbox\"><img loading=\"lazy\" decoding=\"async\" src=\"https:\/\/www.vanbiervliet.fr\/gilbert\/wp-content\/uploads\/2021\/07\/Grand-Fayt-253A3459-10-juin-2021-300x200.jpg\"  alt=\"\" class=\"wp-image-3422\" width=\"512\" height=\"341\" srcset=\"https:\/\/www.vanbiervliet.fr\/gilbert\/wp-content\/uploads\/2021\/07\/Grand-Fayt-253A3459-10-juin-2021-300x200.jpg 300w, https:\/\/www.vanbiervliet.fr\/gilbert\/wp-content\/uploads\/2021\/07\/Grand-Fayt-253A3459-10-juin-2021-1024x683.jpg 1024w, https:\/\/www.vanbiervliet.fr\/gilbert\/wp-content\/uploads\/2021\/07\/Grand-Fayt-253A3459-10-juin-2021-768x512.jpg 768w, https:\/\/www.vanbiervliet.fr\/gilbert\/wp-content\/uploads\/2021\/07\/Grand-Fayt-253A3459-10-juin-2021-1536x1024.jpg 1536w, https:\/\/www.vanbiervliet.fr\/gilbert\/wp-content\/uploads\/2021\/07\/Grand-Fayt-253A3459-10-juin-2021-2048x1365.jpg 2048w\" sizes=\"auto, (max-width: 512px) 100vw, 512px\" \/><\/a><\/figure><\/div>\n","protected":false},"excerpt":{"rendered":"<p>&nbsp; &nbsp; &nbsp; &nbsp;&nbsp;&nbsp;&nbsp; &nbsp; Course cycliste \u00e0 Orchies d\u00e9but mars 2015 Visite mus\u00e9e de la Piscine \u00e0 Roubaix avril 2015 Lundi 22 Janvier 2019&nbsp; &nbsp;Eclipse totale de Lune Moulin de Grand Fayt<\/p>\n","protected":false},"author":1,"featured_media":0,"parent":0,"menu_order":0,"comment_status":"open","ping_status":"open","template":"","meta":{"footnotes":""},"class_list":["post-505","page","type-page","status-publish","hentry"],"_links":{"self":[{"href":"https:\/\/www.vanbiervliet.fr\/gilbert\/index.php?rest_route=\/wp\/v2\/pages\/505","targetHints":{"allow":["GET"]}}],"collection":[{"href":"https:\/\/www.vanbiervliet.fr\/gilbert\/index.php?rest_route=\/wp\/v2\/pages"}],"about":[{"href":"https:\/\/www.vanbiervliet.fr\/gilbert\/index.php?rest_route=\/wp\/v2\/types\/page"}],"author":[{"embeddable":true,"href":"https:\/\/www.vanbiervliet.fr\/gilbert\/index.php?rest_route=\/wp\/v2\/users\/1"}],"replies":[{"embeddable":true,"href":"https:\/\/www.vanbiervliet.fr\/gilbert\/index.php?rest_route=%2Fwp%2Fv2%2Fcomments&post=505"}],"version-history":[{"count":23,"href":"https:\/\/www.vanbiervliet.fr\/gilbert\/index.php?rest_route=\/wp\/v2\/pages\/505\/revisions"}],"predecessor-version":[{"id":3426,"href":"https:\/\/www.vanbiervliet.fr\/gilbert\/index.php?rest_route=\/wp\/v2\/pages\/505\/revisions\/3426"}],"wp:attachment":[{"href":"https:\/\/www.vanbiervliet.fr\/gilbert\/index.php?rest_route=%2Fwp%2Fv2%2Fmedia&parent=505"}],"curies":[{"name":"wp","href":"https:\/\/api.w.org\/{rel}","templated":true}]}}