{"id":567,"date":"2012-02-25T18:24:59","date_gmt":"2012-02-25T17:24:59","guid":{"rendered":"http:\/\/www.vanbiervliet.fr\/gilbert\/?page_id=567"},"modified":"2025-08-11T16:13:48","modified_gmt":"2025-08-11T15:13:48","slug":"spectacles","status":"publish","type":"page","link":"https:\/\/www.vanbiervliet.fr\/gilbert\/?page_id=567","title":{"rendered":"Spectacle"},"content":{"rendered":"<p>&nbsp;&nbsp; <a href=\"http:\/\/www.vanbiervliet.fr\/gilbert\/wp-content\/uploads\/2012\/08\/IMG_3144.jpg\" class=\"gallery_colorbox\"><img loading=\"lazy\" decoding=\"async\" width=\"244\" height=\"164\" title=\"IMG_3144\" style=\"border-width: 0px; display: inline;\" alt=\"IMG_3144\" src=\"http:\/\/www.vanbiervliet.fr\/gilbert\/wp-content\/uploads\/2012\/08\/IMG_3144_thumb.jpg\"  border=\"0\"><\/a>&nbsp; <a href=\"http:\/\/www.vanbiervliet.fr\/gilbert\/wp-content\/uploads\/2012\/08\/JeanPierreMeurant.jpg\" class=\"gallery_colorbox\"><img loading=\"lazy\" decoding=\"async\" width=\"244\" height=\"164\" title=\"Jean-Pierre Meurant\" style=\"border-width: 0px; display: inline;\" alt=\"Jean-Pierre Meurant\" src=\"http:\/\/www.vanbiervliet.fr\/gilbert\/wp-content\/uploads\/2012\/08\/JeanPierreMeurant_thumb.jpg\"  border=\"0\"><\/a><\/p>\n<p>\n<\/p>\n<p><font color=\"#0000ff\" face=\"Bookman Old Style\" size=\"3\"><strong><em>&nbsp;&nbsp;&nbsp;&nbsp;&nbsp;&nbsp;&nbsp;&nbsp;&nbsp;&nbsp;&nbsp;&nbsp; Dan Willems&nbsp;&nbsp;&nbsp;&nbsp;&nbsp;&nbsp;&nbsp;&nbsp;&nbsp;&nbsp;&nbsp;&nbsp;&nbsp;&nbsp;&nbsp;&nbsp;&nbsp;&nbsp;&nbsp;&nbsp;&nbsp;&nbsp;&nbsp;&nbsp; Jean-Pierre Meurant<\/em><\/strong><\/font><\/p>\n<p>\n<\/p>\n<p>&nbsp;&nbsp; <a href=\"http:\/\/www.vanbiervliet.fr\/gilbert\/wp-content\/uploads\/2012\/08\/Lalouch.jpg\" class=\"gallery_colorbox\"><img loading=\"lazy\" decoding=\"async\" width=\"244\" height=\"164\" title=\"Lalouch\" style=\"border-width: 0px; display: inline;\" alt=\"Lalouch\" src=\"http:\/\/www.vanbiervliet.fr\/gilbert\/wp-content\/uploads\/2012\/08\/Lalouch_thumb.jpg\"  border=\"0\"><\/a>&nbsp;&nbsp; <a href=\"http:\/\/www.vanbiervliet.fr\/gilbert\/wp-content\/uploads\/2012\/08\/VincentLemaire.jpg\" class=\"gallery_colorbox\"><img loading=\"lazy\" decoding=\"async\" width=\"244\" height=\"164\" title=\"Vincent Lemaire\" style=\"border-width: 0px; display: inline;\" alt=\"Vincent Lemaire\" src=\"http:\/\/www.vanbiervliet.fr\/gilbert\/wp-content\/uploads\/2012\/08\/VincentLemaire_thumb.jpg\"  border=\"0\"><\/a><\/p>\n<p>\n<\/p>\n<p><font color=\"#0000ff\" face=\"Bookman Old Style\" size=\"3\"><strong><em>&nbsp;&nbsp;&nbsp;&nbsp;&nbsp;&nbsp;&nbsp;&nbsp;&nbsp;&nbsp;&nbsp;&nbsp;&nbsp; Micha\u00ebl Louchard&nbsp;&nbsp;&nbsp;&nbsp;&nbsp;&nbsp;&nbsp;&nbsp;&nbsp;&nbsp;&nbsp;&nbsp;&nbsp;&nbsp;&nbsp;&nbsp;&nbsp;&nbsp;&nbsp;&nbsp;&nbsp; Vincent Lemaire<\/em><\/strong><\/font><\/p>\n<p>\n<\/p>\n<p>&nbsp;&nbsp; <a href=\"http:\/\/www.vanbiervliet.fr\/gilbert\/wp-content\/uploads\/2012\/08\/EricBaer2t1.jpg\" class=\"gallery_colorbox\"><img loading=\"lazy\" decoding=\"async\" width=\"244\" height=\"164\" title=\"Eric Baer 2t\" style=\"border-width: 0px; display: inline;\" alt=\"Eric Baer 2t\" src=\"http:\/\/www.vanbiervliet.fr\/gilbert\/wp-content\/uploads\/2012\/08\/EricBaer2t1_thumb.jpg\"  border=\"0\"><\/a>&nbsp;&nbsp;&nbsp; <a href=\"http:\/\/www.vanbiervliet.fr\/gilbert\/wp-content\/uploads\/2012\/08\/EricBaert31.jpg\" class=\"gallery_colorbox\"><img loading=\"lazy\" decoding=\"async\" width=\"244\" height=\"164\" title=\"Eric Baert 3\" style=\"border-width: 0px; display: inline;\" alt=\"Eric Baert 3\" src=\"http:\/\/www.vanbiervliet.fr\/gilbert\/wp-content\/uploads\/2012\/08\/EricBaert31_thumb.jpg\"  border=\"0\"><\/a><\/p>\n<p>\n<\/p>\n<p><font color=\"#0000ff\" face=\"Bookman Old Style\" size=\"3\"><strong><em>&nbsp;&nbsp;&nbsp;&nbsp;&nbsp;&nbsp;&nbsp;&nbsp;&nbsp;&nbsp;&nbsp;&nbsp;&nbsp;&nbsp;&nbsp;&nbsp;&nbsp;&nbsp;&nbsp;&nbsp;&nbsp;&nbsp;&nbsp;&nbsp;&nbsp;&nbsp;&nbsp;&nbsp;&nbsp;&nbsp;&nbsp;&nbsp;&nbsp;&nbsp;&nbsp;&nbsp;&nbsp;&nbsp;&nbsp;&nbsp;&nbsp; <\/em><\/strong><\/font><a href=\"http:\/\/www.ericbaert.com\/\" target=\"_blank\"><font color=\"#0000ff\" face=\"Bookman Old Style\" size=\"3\"><strong><em>Eric Baert<\/em><\/strong><\/font><\/a><\/p>\n<p>\n<\/p>\n<p><a href=\"http:\/\/www.vanbiervliet.fr\/gilbert\/wp-content\/uploads\/2012\/08\/HuguesAufray21.jpg\" class=\"gallery_colorbox\"><img loading=\"lazy\" decoding=\"async\" width=\"244\" height=\"149\" title=\"Hugues Aufray 2\" style=\"border-width: 0px; display: inline;\" alt=\"Hugues Aufray 2\" src=\"http:\/\/www.vanbiervliet.fr\/gilbert\/wp-content\/uploads\/2012\/08\/HuguesAufray21_thumb.jpg\"  border=\"0\"><\/a>&nbsp;&nbsp;&nbsp;&nbsp;&nbsp;&nbsp;&nbsp;&nbsp;&nbsp;&nbsp;&nbsp;&nbsp; <a href=\"http:\/\/www.vanbiervliet.fr\/gilbert\/wp-content\/uploads\/2012\/08\/HuguesAufray3.jpg\" class=\"gallery_colorbox\"><img loading=\"lazy\" decoding=\"async\" width=\"244\" height=\"149\" title=\"Hugues Aufray\" style=\"border-width: 0px; display: inline;\" alt=\"Hugues Aufray\" src=\"http:\/\/www.vanbiervliet.fr\/gilbert\/wp-content\/uploads\/2012\/08\/HuguesAufray3_thumb.jpg\"  border=\"0\"><\/a><\/p>\n<p>\n<\/p>\n<p><font color=\"#0000ff\" face=\"Bookman Old Style\" size=\"3\"><strong><em>&nbsp;&nbsp;&nbsp;&nbsp;&nbsp;&nbsp;&nbsp;&nbsp;&nbsp;&nbsp;&nbsp;&nbsp;&nbsp;&nbsp;&nbsp;&nbsp;&nbsp;&nbsp;&nbsp;&nbsp;&nbsp;&nbsp;&nbsp;&nbsp;&nbsp;&nbsp;&nbsp;&nbsp;&nbsp;&nbsp;&nbsp;&nbsp;&nbsp;&nbsp;&nbsp;&nbsp;&nbsp;&nbsp;&nbsp; Hugues Aufray<\/em><\/strong><\/font><\/p>\n<p>\n<\/p>\n<p><a href=\"http:\/\/www.vanbiervliet.fr\/gilbert\/wp-content\/uploads\/2013\/05\/Romo-Juliette-GV-4045.jpg\" class=\"gallery_colorbox\"><img loading=\"lazy\" decoding=\"async\" width=\"244\" height=\"244\" title=\"Rom&eacute;o &amp; Juliette GV-4045\" style=\"border-width: 0px; padding-top: 0px; padding-right: 0px; padding-left: 0px; display: inline; background-image: none;\" alt=\"Rom&eacute;o &amp; Juliette GV-4045\" src=\"http:\/\/www.vanbiervliet.fr\/gilbert\/wp-content\/uploads\/2013\/05\/Romo-Juliette-GV-4045_thumb.jpg\"  border=\"0\"><\/a><a href=\"http:\/\/www.vanbiervliet.fr\/gilbert\/wp-content\/uploads\/2013\/05\/Romo-Juliette-GV-4110.jpg\" class=\"gallery_colorbox\"><img loading=\"lazy\" decoding=\"async\" width=\"244\" height=\"164\" title=\"Rom&eacute;o &amp; Juliette GV-4110\" style=\"border-width: 0px; padding-top: 0px; padding-right: 0px; padding-left: 0px; display: inline; background-image: none;\" alt=\"Rom&eacute;o &amp; Juliette GV-4110\" src=\"http:\/\/www.vanbiervliet.fr\/gilbert\/wp-content\/uploads\/2013\/05\/Romo-Juliette-GV-4110_thumb.jpg\"  border=\"0\"><\/a><\/p>\n<p><font face=\"Bookman Old Style\" size=\"3\"><br \/>\n<br \/><\/font><\/p>\n<p><strong><em><font color=\"#0000ff\" face=\"Bookman Old Style\" size=\"3\">Rom\u00e9o &amp; Juliette par \u201cla Bricole\u201d<\/font><\/em><\/strong><\/p>\n<p align=\"left\"><strong><em><font color=\"#0000ff\" face=\"Bookman Old Style\" size=\"3\"><a href=\"https:\/\/www.vanbiervliet.fr\/gilbert\/wp-content\/uploads\/2018\/08\/La-vie-bien-Ranger-dAdolpha-253A4280-09122017.jpg\" class=\"gallery_colorbox\"><img loading=\"lazy\" decoding=\"async\" width=\"164\" height=\"244\" title=\"La vie bien Ranger d'Adolpha - 253A4280 - 09122017\" style=\"display: inline; background-image: none;\" alt=\"La vie bien Ranger d'Adolpha - 253A4280 - 09122017\" src=\"https:\/\/www.vanbiervliet.fr\/gilbert\/wp-content\/uploads\/2018\/08\/La-vie-bien-Ranger-dAdolpha-253A4280-09122017_thumb.jpg\"  border=\"0\"><\/a><\/font><\/em><\/strong><\/p>\n<p align=\"left\"><strong><em><font color=\"#0000ff\" face=\"Bookman Old Style\" size=\"3\">Corinne Maziero<\/font><\/em><\/strong><\/p>\n<p><strong><em><font color=\"#0000ff\" face=\"Bookman Old Style\" size=\"3\"><br \/><\/font><\/em><\/strong><\/p>\n\n\n<figure class=\"wp-block-gallery has-nested-images columns-default is-cropped wp-block-gallery-1 is-layout-flex wp-block-gallery-is-layout-flex\">\n<figure class=\"wp-block-image size-large\"><a href=\"https:\/\/www.vanbiervliet.fr\/gilbert\/wp-content\/uploads\/2025\/08\/Voyage-en-accordeon-14-decembre-2024-5J3A0631-scaled.jpg\" class=\"gallery_colorbox\"><img loading=\"lazy\" decoding=\"async\" width=\"683\" height=\"1024\" data-id=\"3638\" src=\"https:\/\/www.vanbiervliet.fr\/gilbert\/wp-content\/uploads\/2025\/08\/Voyage-en-accordeon-14-decembre-2024-5J3A0631-683x1024.jpg\"  alt=\"\" class=\"wp-image-3638\" srcset=\"https:\/\/www.vanbiervliet.fr\/gilbert\/wp-content\/uploads\/2025\/08\/Voyage-en-accordeon-14-decembre-2024-5J3A0631-683x1024.jpg 683w, https:\/\/www.vanbiervliet.fr\/gilbert\/wp-content\/uploads\/2025\/08\/Voyage-en-accordeon-14-decembre-2024-5J3A0631-200x300.jpg 200w, https:\/\/www.vanbiervliet.fr\/gilbert\/wp-content\/uploads\/2025\/08\/Voyage-en-accordeon-14-decembre-2024-5J3A0631-768x1152.jpg 768w, https:\/\/www.vanbiervliet.fr\/gilbert\/wp-content\/uploads\/2025\/08\/Voyage-en-accordeon-14-decembre-2024-5J3A0631-1024x1536.jpg 1024w, https:\/\/www.vanbiervliet.fr\/gilbert\/wp-content\/uploads\/2025\/08\/Voyage-en-accordeon-14-decembre-2024-5J3A0631-1365x2048.jpg 1365w, https:\/\/www.vanbiervliet.fr\/gilbert\/wp-content\/uploads\/2025\/08\/Voyage-en-accordeon-14-decembre-2024-5J3A0631-scaled.jpg 1707w\" sizes=\"auto, (max-width: 683px) 100vw, 683px\" \/><\/a><\/figure>\n\n\n\n<figure class=\"wp-block-image size-large\"><a href=\"https:\/\/www.vanbiervliet.fr\/gilbert\/wp-content\/uploads\/2025\/08\/Voyage-en-accordeon-14-decembre-2024-5J3A0701-scaled.jpg\" class=\"gallery_colorbox\"><img loading=\"lazy\" decoding=\"async\" width=\"1024\" height=\"683\" data-id=\"3637\" src=\"https:\/\/www.vanbiervliet.fr\/gilbert\/wp-content\/uploads\/2025\/08\/Voyage-en-accordeon-14-decembre-2024-5J3A0701-1024x683.jpg\"  alt=\"\" class=\"wp-image-3637\" srcset=\"https:\/\/www.vanbiervliet.fr\/gilbert\/wp-content\/uploads\/2025\/08\/Voyage-en-accordeon-14-decembre-2024-5J3A0701-1024x683.jpg 1024w, https:\/\/www.vanbiervliet.fr\/gilbert\/wp-content\/uploads\/2025\/08\/Voyage-en-accordeon-14-decembre-2024-5J3A0701-300x200.jpg 300w, https:\/\/www.vanbiervliet.fr\/gilbert\/wp-content\/uploads\/2025\/08\/Voyage-en-accordeon-14-decembre-2024-5J3A0701-768x512.jpg 768w, https:\/\/www.vanbiervliet.fr\/gilbert\/wp-content\/uploads\/2025\/08\/Voyage-en-accordeon-14-decembre-2024-5J3A0701-1536x1024.jpg 1536w, https:\/\/www.vanbiervliet.fr\/gilbert\/wp-content\/uploads\/2025\/08\/Voyage-en-accordeon-14-decembre-2024-5J3A0701-2048x1365.jpg 2048w\" sizes=\"auto, (max-width: 1024px) 100vw, 1024px\" \/><\/a><\/figure>\n\n\n\n<figure class=\"wp-block-image size-large\"><a href=\"https:\/\/www.vanbiervliet.fr\/gilbert\/wp-content\/uploads\/2025\/08\/Voyage-en-accordeon-14-decembre-2024-5J3A0728-scaled.jpg\" class=\"gallery_colorbox\"><img loading=\"lazy\" decoding=\"async\" width=\"683\" height=\"1024\" data-id=\"3636\" src=\"https:\/\/www.vanbiervliet.fr\/gilbert\/wp-content\/uploads\/2025\/08\/Voyage-en-accordeon-14-decembre-2024-5J3A0728-683x1024.jpg\"  alt=\"\" class=\"wp-image-3636\" srcset=\"https:\/\/www.vanbiervliet.fr\/gilbert\/wp-content\/uploads\/2025\/08\/Voyage-en-accordeon-14-decembre-2024-5J3A0728-683x1024.jpg 683w, https:\/\/www.vanbiervliet.fr\/gilbert\/wp-content\/uploads\/2025\/08\/Voyage-en-accordeon-14-decembre-2024-5J3A0728-200x300.jpg 200w, https:\/\/www.vanbiervliet.fr\/gilbert\/wp-content\/uploads\/2025\/08\/Voyage-en-accordeon-14-decembre-2024-5J3A0728-768x1152.jpg 768w, https:\/\/www.vanbiervliet.fr\/gilbert\/wp-content\/uploads\/2025\/08\/Voyage-en-accordeon-14-decembre-2024-5J3A0728-1024x1536.jpg 1024w, https:\/\/www.vanbiervliet.fr\/gilbert\/wp-content\/uploads\/2025\/08\/Voyage-en-accordeon-14-decembre-2024-5J3A0728-1365x2048.jpg 1365w, https:\/\/www.vanbiervliet.fr\/gilbert\/wp-content\/uploads\/2025\/08\/Voyage-en-accordeon-14-decembre-2024-5J3A0728-scaled.jpg 1707w\" sizes=\"auto, (max-width: 683px) 100vw, 683px\" \/><\/a><\/figure>\n\n\n\n<figure class=\"wp-block-image size-large\"><a href=\"https:\/\/www.vanbiervliet.fr\/gilbert\/wp-content\/uploads\/2025\/08\/Voyage-en-accordeon-14-decembre-2024-5J3A0743-scaled.jpg\" class=\"gallery_colorbox\"><img loading=\"lazy\" decoding=\"async\" width=\"1024\" height=\"683\" data-id=\"3641\" src=\"https:\/\/www.vanbiervliet.fr\/gilbert\/wp-content\/uploads\/2025\/08\/Voyage-en-accordeon-14-decembre-2024-5J3A0743-1024x683.jpg\"  alt=\"\" class=\"wp-image-3641\" srcset=\"https:\/\/www.vanbiervliet.fr\/gilbert\/wp-content\/uploads\/2025\/08\/Voyage-en-accordeon-14-decembre-2024-5J3A0743-1024x683.jpg 1024w, https:\/\/www.vanbiervliet.fr\/gilbert\/wp-content\/uploads\/2025\/08\/Voyage-en-accordeon-14-decembre-2024-5J3A0743-300x200.jpg 300w, https:\/\/www.vanbiervliet.fr\/gilbert\/wp-content\/uploads\/2025\/08\/Voyage-en-accordeon-14-decembre-2024-5J3A0743-768x512.jpg 768w, https:\/\/www.vanbiervliet.fr\/gilbert\/wp-content\/uploads\/2025\/08\/Voyage-en-accordeon-14-decembre-2024-5J3A0743-1536x1024.jpg 1536w, https:\/\/www.vanbiervliet.fr\/gilbert\/wp-content\/uploads\/2025\/08\/Voyage-en-accordeon-14-decembre-2024-5J3A0743-2048x1365.jpg 2048w\" sizes=\"auto, (max-width: 1024px) 100vw, 1024px\" \/><\/a><\/figure>\n\n\n\n<figure class=\"wp-block-image size-large\"><a href=\"https:\/\/www.vanbiervliet.fr\/gilbert\/wp-content\/uploads\/2025\/08\/Voyage-en-accordeon-14-decembre-2024-5J3A0897-scaled.jpg\" class=\"gallery_colorbox\"><img loading=\"lazy\" decoding=\"async\" width=\"683\" height=\"1024\" data-id=\"3639\" src=\"https:\/\/www.vanbiervliet.fr\/gilbert\/wp-content\/uploads\/2025\/08\/Voyage-en-accordeon-14-decembre-2024-5J3A0897-683x1024.jpg\"  alt=\"\" class=\"wp-image-3639\" srcset=\"https:\/\/www.vanbiervliet.fr\/gilbert\/wp-content\/uploads\/2025\/08\/Voyage-en-accordeon-14-decembre-2024-5J3A0897-683x1024.jpg 683w, https:\/\/www.vanbiervliet.fr\/gilbert\/wp-content\/uploads\/2025\/08\/Voyage-en-accordeon-14-decembre-2024-5J3A0897-200x300.jpg 200w, https:\/\/www.vanbiervliet.fr\/gilbert\/wp-content\/uploads\/2025\/08\/Voyage-en-accordeon-14-decembre-2024-5J3A0897-768x1152.jpg 768w, https:\/\/www.vanbiervliet.fr\/gilbert\/wp-content\/uploads\/2025\/08\/Voyage-en-accordeon-14-decembre-2024-5J3A0897-1024x1536.jpg 1024w, https:\/\/www.vanbiervliet.fr\/gilbert\/wp-content\/uploads\/2025\/08\/Voyage-en-accordeon-14-decembre-2024-5J3A0897-1365x2048.jpg 1365w, https:\/\/www.vanbiervliet.fr\/gilbert\/wp-content\/uploads\/2025\/08\/Voyage-en-accordeon-14-decembre-2024-5J3A0897-scaled.jpg 1707w\" sizes=\"auto, (max-width: 683px) 100vw, 683px\" \/><\/a><\/figure>\n\n\n\n<figure class=\"wp-block-image size-large\"><a href=\"https:\/\/www.vanbiervliet.fr\/gilbert\/wp-content\/uploads\/2025\/08\/Voyage-en-accordeon-14-decembre-2024-5J3A0966-Avec-accentuation-Bruit-scaled.jpg\" class=\"gallery_colorbox\"><img loading=\"lazy\" decoding=\"async\" width=\"683\" height=\"1024\" data-id=\"3640\" src=\"https:\/\/www.vanbiervliet.fr\/gilbert\/wp-content\/uploads\/2025\/08\/Voyage-en-accordeon-14-decembre-2024-5J3A0966-Avec-accentuation-Bruit-683x1024.jpg\"  alt=\"\" class=\"wp-image-3640\" srcset=\"https:\/\/www.vanbiervliet.fr\/gilbert\/wp-content\/uploads\/2025\/08\/Voyage-en-accordeon-14-decembre-2024-5J3A0966-Avec-accentuation-Bruit-683x1024.jpg 683w, https:\/\/www.vanbiervliet.fr\/gilbert\/wp-content\/uploads\/2025\/08\/Voyage-en-accordeon-14-decembre-2024-5J3A0966-Avec-accentuation-Bruit-200x300.jpg 200w, https:\/\/www.vanbiervliet.fr\/gilbert\/wp-content\/uploads\/2025\/08\/Voyage-en-accordeon-14-decembre-2024-5J3A0966-Avec-accentuation-Bruit-768x1152.jpg 768w, https:\/\/www.vanbiervliet.fr\/gilbert\/wp-content\/uploads\/2025\/08\/Voyage-en-accordeon-14-decembre-2024-5J3A0966-Avec-accentuation-Bruit-1024x1536.jpg 1024w, https:\/\/www.vanbiervliet.fr\/gilbert\/wp-content\/uploads\/2025\/08\/Voyage-en-accordeon-14-decembre-2024-5J3A0966-Avec-accentuation-Bruit-1365x2048.jpg 1365w, https:\/\/www.vanbiervliet.fr\/gilbert\/wp-content\/uploads\/2025\/08\/Voyage-en-accordeon-14-decembre-2024-5J3A0966-Avec-accentuation-Bruit-scaled.jpg 1707w\" sizes=\"auto, (max-width: 683px) 100vw, 683px\" \/><\/a><\/figure>\n<\/figure>\n\n\n\n<p><strong><em>Voyage en accord\u00e9on avec Laura &amp; Sylvain le 14 d\u00e9cembre 2024 \u00e0 Louvil<\/em><\/strong><\/p>\n","protected":false},"excerpt":{"rendered":"<p>&nbsp;&nbsp; &nbsp; &nbsp;&nbsp;&nbsp;&nbsp;&nbsp;&nbsp;&nbsp;&nbsp;&nbsp;&nbsp;&nbsp;&nbsp; Dan Willems&nbsp;&nbsp;&nbsp;&nbsp;&nbsp;&nbsp;&nbsp;&nbsp;&nbsp;&nbsp;&nbsp;&nbsp;&nbsp;&nbsp;&nbsp;&nbsp;&nbsp;&nbsp;&nbsp;&nbsp;&nbsp;&nbsp;&nbsp;&nbsp; Jean-Pierre Meurant &nbsp;&nbsp; &nbsp;&nbsp; &nbsp;&nbsp;&nbsp;&nbsp;&nbsp;&nbsp;&nbsp;&nbsp;&nbsp;&nbsp;&nbsp;&nbsp;&nbsp; Micha\u00ebl Louchard&nbsp;&nbsp;&nbsp;&nbsp;&nbsp;&nbsp;&nbsp;&nbsp;&nbsp;&nbsp;&nbsp;&nbsp;&nbsp;&nbsp;&nbsp;&nbsp;&nbsp;&nbsp;&nbsp;&nbsp;&nbsp; Vincent Lemaire &nbsp;&nbsp; &nbsp;&nbsp;&nbsp; &nbsp;&nbsp;&nbsp;&nbsp;&nbsp;&nbsp;&nbsp;&nbsp;&nbsp;&nbsp;&nbsp;&nbsp;&nbsp;&nbsp;&nbsp;&nbsp;&nbsp;&nbsp;&nbsp;&nbsp;&nbsp;&nbsp;&nbsp;&nbsp;&nbsp;&nbsp;&nbsp;&nbsp;&nbsp;&nbsp;&nbsp;&nbsp;&nbsp;&nbsp;&nbsp;&nbsp;&nbsp;&nbsp;&nbsp;&nbsp;&nbsp; Eric Baert &nbsp;&nbsp;&nbsp;&nbsp;&nbsp;&nbsp;&nbsp;&nbsp;&nbsp;&nbsp;&nbsp;&nbsp; &nbsp;&nbsp;&nbsp;&nbsp;&nbsp;&nbsp;&nbsp;&nbsp;&nbsp;&nbsp;&nbsp;&nbsp;&nbsp;&nbsp;&nbsp;&nbsp;&nbsp;&nbsp;&nbsp;&nbsp;&nbsp;&nbsp;&nbsp;&nbsp;&nbsp;&nbsp;&nbsp;&nbsp;&nbsp;&nbsp;&nbsp;&nbsp;&nbsp;&nbsp;&nbsp;&nbsp;&nbsp;&nbsp;&nbsp; Hugues Aufray Rom\u00e9o &amp; Juliette par \u201cla Bricole\u201d Corinne Maziero Voyage en accord\u00e9on avec Laura &amp; Sylvain le 14 &hellip; <a href=\"https:\/\/www.vanbiervliet.fr\/gilbert\/?page_id=567\">Continuer la lecture <span class=\"meta-nav\">&rarr;<\/span><\/a><\/p>\n","protected":false},"author":1,"featured_media":0,"parent":0,"menu_order":0,"comment_status":"open","ping_status":"open","template":"","meta":{"footnotes":""},"class_list":["post-567","page","type-page","status-publish","hentry"],"_links":{"self":[{"href":"https:\/\/www.vanbiervliet.fr\/gilbert\/index.php?rest_route=\/wp\/v2\/pages\/567","targetHints":{"allow":["GET"]}}],"collection":[{"href":"https:\/\/www.vanbiervliet.fr\/gilbert\/index.php?rest_route=\/wp\/v2\/pages"}],"about":[{"href":"https:\/\/www.vanbiervliet.fr\/gilbert\/index.php?rest_route=\/wp\/v2\/types\/page"}],"author":[{"embeddable":true,"href":"https:\/\/www.vanbiervliet.fr\/gilbert\/index.php?rest_route=\/wp\/v2\/users\/1"}],"replies":[{"embeddable":true,"href":"https:\/\/www.vanbiervliet.fr\/gilbert\/index.php?rest_route=%2Fwp%2Fv2%2Fcomments&post=567"}],"version-history":[{"count":14,"href":"https:\/\/www.vanbiervliet.fr\/gilbert\/index.php?rest_route=\/wp\/v2\/pages\/567\/revisions"}],"predecessor-version":[{"id":3644,"href":"https:\/\/www.vanbiervliet.fr\/gilbert\/index.php?rest_route=\/wp\/v2\/pages\/567\/revisions\/3644"}],"wp:attachment":[{"href":"https:\/\/www.vanbiervliet.fr\/gilbert\/index.php?rest_route=%2Fwp%2Fv2%2Fmedia&parent=567"}],"curies":[{"name":"wp","href":"https:\/\/api.w.org\/{rel}","templated":true}]}}